{"id":160,"date":"2016-05-23T18:59:44","date_gmt":"2016-05-23T16:59:44","guid":{"rendered":"https:\/\/krets.jagareforbundet.se\/norrasormland\/?page_id=160"},"modified":"2016-05-23T18:59:44","modified_gmt":"2016-05-23T16:59:44","slug":"skyttesimulator","status":"publish","type":"page","link":"https:\/\/krets.jagareforbundet.se\/norrasormland\/utbildning\/skyttesimulator\/","title":{"rendered":"Skyttesimulator"},"content":{"rendered":"<p>L\u00e4nsf\u00f6reningen har en skyttesimulator tillg\u00e4nglig f\u00f6r kretsarnas medlemmar. Den kan hyras av jaktlag, skytteklubbar och utbildningar och hyrs ut veckovis. Simulatorn \u00e4r placerad i Flen f\u00f6r att vara s\u00e5 centralt i l\u00e4net som m\u00f6jligt.<\/p>\n<p><a href=\"http:\/\/jagareforbundet.se\/mitt\/sodermanlands-lan\/jagareforbundet-sodermanlands-lan\/verksamhet\/skyttesimulator\/\" target=\"_blank\">F\u00f6r mer information och bokning<\/a><\/p>\n","protected":false},"excerpt":{"rendered":"<p>L\u00e4nsf\u00f6reningen har en skyttesimulator tillg\u00e4nglig f\u00f6r kretsarnas medlemmar. Den kan hyras av jaktlag, skytteklubbar och utbildningar och hyrs ut veckovis. Simulatorn \u00e4r placerad i Flen f\u00f6r att vara s\u00e5 centralt i l\u00e4net som m\u00f6jligt. F\u00f6r mer information och bokning<\/p>\n","protected":false},"author":141,"featured_media":165,"parent":37,"menu_order":0,"comment_status":"closed","ping_status":"closed","template":"","meta":{"footnotes":""},"class_list":["post-160","page","type-page","status-publish","has-post-thumbnail","hentry"],"_links":{"self":[{"href":"https:\/\/krets.jagareforbundet.se\/norrasormland\/wp-json\/wp\/v2\/pages\/160","targetHints":{"allow":["GET"]}}],"collection":[{"href":"https:\/\/krets.jagareforbundet.se\/norrasormland\/wp-json\/wp\/v2\/pages"}],"about":[{"href":"https:\/\/krets.jagareforbundet.se\/norrasormland\/wp-json\/wp\/v2\/types\/page"}],"author":[{"embeddable":true,"href":"https:\/\/krets.jagareforbundet.se\/norrasormland\/wp-json\/wp\/v2\/users\/141"}],"replies":[{"embeddable":true,"href":"https:\/\/krets.jagareforbundet.se\/norrasormland\/wp-json\/wp\/v2\/comments?post=160"}],"version-history":[{"count":0,"href":"https:\/\/krets.jagareforbundet.se\/norrasormland\/wp-json\/wp\/v2\/pages\/160\/revisions"}],"up":[{"embeddable":true,"href":"https:\/\/krets.jagareforbundet.se\/norrasormland\/wp-json\/wp\/v2\/pages\/37"}],"wp:featuredmedia":[{"embeddable":true,"href":"https:\/\/krets.jagareforbundet.se\/norrasormland\/wp-json\/wp\/v2\/media\/165"}],"wp:attachment":[{"href":"https:\/\/krets.jagareforbundet.se\/norrasormland\/wp-json\/wp\/v2\/media?parent=160"}],"curies":[{"name":"wp","href":"https:\/\/api.w.org\/{rel}","templated":true}]}}