{"id":25,"date":"2013-12-26T19:42:59","date_gmt":"2013-12-26T18:42:59","guid":{"rendered":"https:\/\/krets.jagareforbundet.se\/norrasormland\/?page_id=25"},"modified":"2013-12-27T14:51:08","modified_gmt":"2013-12-27T13:51:08","slug":"stadgar","status":"publish","type":"page","link":"https:\/\/krets.jagareforbundet.se\/norrasormland\/om-kretsen\/stadgar\/","title":{"rendered":"Stadgar"},"content":{"rendered":"<div class=\"woo-sc-hr\"><\/div>\n<p>STADGAR f\u00f6r J\u00e4garef\u00f6rbundet,\u00a0<strong>Norra S\u00f6rmlands Jaktv\u00e5rdkrets<\/strong><\/p>\n<p>Stadgar f\u00f6r jaktv\u00e5rdskrets<br \/>\nAntagna av Svenska J\u00e4garef\u00f6rbundets kongress 1991<br \/>\n\u00c4ndringar gjorda vid J\u00e4garef\u00f6rbundets \u00e5rsst\u00e4mma 2000<\/p>\n<p>Stadgar f\u00f6r J\u00e4garef\u00f6rbundet\u00a0<strong>Norra S\u00f6rmlands Jaktv\u00e5rdskrets\u00a0<\/strong>genomg\u00e5ngna och beslutade vid \u00e5rsm\u00f6tet\u00a02013-02-12.<\/p>\n<p><strong>Namn, beslutande organ och s\u00e4te<br \/>\n\u00a7 1<\/strong><br \/>\nOrganisationens namn \u00e4r J\u00e4garef\u00f6rbundet, Norra S\u00f6rmlands Jaktv\u00e5rdskrets. Det \u00e4r en partipolitisk obunden ideell f\u00f6rening inom S\u00f6dermanlands l\u00e4nsjaktv\u00e5rdsf\u00f6rening, Jaktv\u00e5rdskretsen \u00e4r genom l\u00e4nsjaktv\u00e5rdsf\u00f6reningen ansluten till Svenska J\u00e4garef\u00f6rbundet. Nedan kallat J\u00e4garef\u00f6rbundet.<\/p>\n<p><strong>\u00a7 2<\/strong><br \/>\nJaktv\u00e5rdskretsens beslutande organ \u00e4r \u00e5rsm\u00f6tet, extra \u00e5rsm\u00f6te och styrelsen.<\/p>\n<p><strong>\u00a7 3<\/strong><br \/>\nStyrelsen har sitt s\u00e4te i\u00a0<strong>Str\u00e4ngn\u00e4s<\/strong>\u00a0kommun.<\/p>\n<p><strong>\u00c4ndam\u00e5l<br \/>\n\u00a7 4<\/strong><br \/>\nJaktv\u00e5rdskretsen \u00e4r en sammanslutning som har till \u00e4ndam\u00e5l att tillvarata j\u00e4garnas intresse f\u00f6r jakt, vilt och viltv\u00e5rd inom sitt verksamhetsomr\u00e5de. Jaktv\u00e5rdskretsen best\u00e5r av dels enskilda medlemmar, dels inom kretsens verksamhetsomr\u00e5de f\u00f6rekommande lokala jaktv\u00e5rdsorganisationer som genom l\u00e4nsjaktv\u00e5rdsf\u00f6reningen \u00e4r anslutna till J\u00e4garef\u00f6rbundet. Sitt m\u00e5l vill kretsen, i samverkan med l\u00e4nsjaktv\u00e5rdsf\u00f6reningen och de anslutna lokala organisationerna samt med h\u00e4nsynstagande till jordbrukets, skogsbrukets och \u00f6vriga allm\u00e4nna och enskilda intressen uppn\u00e5 genom att:<\/p>\n<p>&#8211; verka f\u00f6r st\u00f6rre medlemsanslutning.<\/p>\n<p>&#8211; verka f\u00f6r bildande av viltf\u00f6rvaltningsomr\u00e5den och lokala jaktv\u00e5rdsorganisationer enligt \u00a7 5 i stadgar f\u00f6r l\u00e4nsjaktv\u00e5rdsf\u00f6rening samt st\u00f6dja, uppmuntra och hj\u00e4lpa dem i deras arbete.<\/p>\n<p>&#8211; uppm\u00e4rksamt f\u00f6lja viltstammarna och jaktens utveckling och i anslutning d\u00e4rtill hos lokala myndigheter och l\u00e4nsjaktv\u00e5rdsf\u00f6reningen g\u00f6ra de framst\u00e4llningar samt vidtaga de praktiska \u00e5tg\u00e4rder, som \u00e4r p\u00e5kallade.<\/p>\n<p>&#8211; verka f\u00f6r rikliga och goda tillf\u00e4llen till jakt.<\/p>\n<p>&#8211; avge yttranden och vidtaga de \u00e5tg\u00e4rder, som beg\u00e4rs av l\u00e4nsjaktv\u00e5rdsf\u00f6reningen.<\/p>\n<p>&#8211; \u00f6ka k\u00e4nnedomen om f\u00f6reskrifter p\u00e5 viltv\u00e5rdens och jaktens omr\u00e5den.<\/p>\n<p>&#8211; genom utbildning och information, sprida kunskap om olika djurarters levnadsbetingelser samt om en god viltv\u00e5rd och en r\u00e4tt bedriven jaktut\u00f6vning.<\/p>\n<p>&#8211; arbeta f\u00f6r \u00f6kad f\u00f6rst\u00e5else f\u00f6r m\u00e4nniskans ansvar f\u00f6r naturen.<\/p>\n<p>&#8211; arbeta f\u00f6r att viltets behov av variationsrika och produktiva milj\u00f6er blir tillgodosedda.<\/p>\n<p>&#8211; str\u00e4va efter att en tillfredsst\u00e4llande j\u00e4mvikt uppr\u00e4tth\u00e5lles inom och mellan viltstammarna och att i detta syfte etablera\u00a0samverkan med myndigheter och andra organisationer.<\/p>\n<p>&#8211; samarbeta med och st\u00f6dja jaktv\u00e5rdstj\u00e4nstem\u00e4nnen i deras arbete inom kretsens verksamhetsomr\u00e5de.<\/p>\n<p>&#8211;\u00a0bedriva skytteverksamhet f\u00f6r att utbilda j\u00e4gark\u00e5ren i s\u00e4ker vapenhantering och f\u00f6r att h\u00f6ja skjutf\u00f6rm\u00e5gan i den samma.<\/p>\n<p><strong>Ekonomisk ansvarighet<br \/>\n\u00a7 5<\/strong><br \/>\nF\u00f6r sina f\u00f6rpliktelser svarar kretsen endast med sina tillg\u00e5ngar.<\/p>\n<p><strong>Kretstillh\u00f6righet och medlemskap<br \/>\n\u00a7 6<\/strong><\/p>\n<p><strong>Mom. 1<br \/>\n<\/strong>Enskild medlem av l\u00e4nsjaktv\u00e5rdsf\u00f6reningen tillh\u00f6r den jaktv\u00e5rdskrets inom vars verksamhetsomr\u00e5de denne \u00e4r bosatt, har sitt s\u00e4te eller sj\u00e4lv anger som \u00f6nskem\u00e5l.<br \/>\nTill l\u00e4nsjaktv\u00e5rdsf\u00f6reningen ansluten lokal jaktv\u00e5rdsorganisation tillh\u00f6r den jaktv\u00e5rdskrets, inom vars verksamhetsomr\u00e5de dess styrelse har sitt s\u00e4te eller dess marker \u00e4r helt eller huvudsakligen bel\u00e4gna.<\/p>\n<p><strong>Mom. 2<br \/>\n<\/strong>Med lokal jaktv\u00e5rdsorganisation avses dels viltv\u00e5rdsomr\u00e5desf\u00f6reningar, dels andra sammanslutningar som bedriver verksamhet i anslutning till viltv\u00e5rd och jakt inom kretsens omr\u00e5de eller del d\u00e4rav.<\/p>\n<p>Enskild medlem och lokal\u00a0jaktv\u00e5rdsorganisation som anges i mom. 1 \u00e4r medlemmar i jaktv\u00e5rdskretsen.<br \/>\n\u00d6ver medlemmarna uppr\u00e4ttas matrikel av l\u00e4nsjaktv\u00e5rdsf\u00f6reningen.<\/p>\n<p><strong>Mom. 3<br \/>\n<\/strong>Medlemskap i kretsen inneb\u00e4r godk\u00e4nnande av J\u00e4garef\u00f6rbundets, l\u00e4nsjaktv\u00e5rdsf\u00f6reningens och jaktv\u00e5rdskretsens stadgar.<br \/>\nLokal jaktv\u00e5rdsorganisation skall f\u00f6lja de f\u00f6reskrifter och anvisningar, som l\u00e4nsjaktv\u00e5rdsf\u00f6reningen meddelat f\u00f6r att samordna jaktv\u00e5rdsarbetet inom l\u00e4nsjaktv\u00e5rdsf\u00f6reningens verksamhetsomr\u00e5de.<\/p>\n<p><strong>\u00c5rsm\u00f6te<br \/>\n\u00a7 7<\/strong><\/p>\n<p><strong>Mom. 1<br \/>\n<\/strong>\u00c5rsm\u00f6te och extra \u00e5rsm\u00f6te best\u00e5r av dels till kretsen anslutna enskilda medlemmar, dels ombud utsedda av till kretsen anslutna lokala jaktv\u00e5rdsorganisationer, dels kretsens styrelseledam\u00f6ter.<br \/>\nAnm.: Medlem, som \u00e4r juridisk person, f\u00f6retr\u00e4ds genom st\u00e4llf\u00f6retr\u00e4dare eller ombud.<\/p>\n<p><strong>Mom. 2<br \/>\n<\/strong>\u00c5rsm\u00f6tet h\u00e5lles \u00e5rligen senast den 15 februari p\u00e5 tid och plats, som styrelsen best\u00e4mmer.<br \/>\nExtra \u00e5rsm\u00f6te skall h\u00e5llas n\u00e4r kretsens styrelse finner det erforderligt eller n\u00e4r minst en tredjedel av de till kretsen anslutna enskilda medlemmarna med angivande av anledningen, g\u00f6r skriftlig framst\u00e4llan h\u00e4rom.<br \/>\nI framst\u00e4llningen skall anges de \u00e4renden, som extra \u00e5rsm\u00f6tet skall behandla.<br \/>\n\u00d6ver \u00e4rende, som skall behandlas p\u00e5 \u00e5rsm\u00f6te eller extra \u00e5rsm\u00f6te, skall styrelsen avge utl\u00e5tande.<\/p>\n<p><strong>Mom. 3<br \/>\n<\/strong>Styrelsen skall kalla till \u00e5rsm\u00f6te eller extra \u00e5rsm\u00f6te p\u00e5 s\u00e4tt som fastst\u00e4llts p\u00e5 n\u00e4rmast f\u00f6reg\u00e5ende \u00e5rsm\u00f6te, minst tv\u00e5 veckor f\u00f6re m\u00f6tet.<br \/>\nL\u00e4nsjaktv\u00e5rdsf\u00f6reningen skall underr\u00e4ttas om tid och plats f\u00f6r m\u00f6tet.<\/p>\n<p><strong>Mom. 4<br \/>\n<\/strong><br \/>\n<strong> P\u00e5 \u00e5rsm\u00f6tet skall f\u00f6ljande \u00e4renden f\u00f6rekomma<\/strong>.<br \/>\n1.\u00a0Fastst\u00e4llande av r\u00f6stl\u00e4ngd<br \/>\n2.\u00a0\u00c5rsm\u00f6tesfunktion\u00e4rer<br \/>\n   a) Val av ordf\u00f6rande<br \/>\n   b) Val av tv\u00e5 personer att j\u00e4mte ordf\u00f6rande justera \u00e5rsm\u00f6tets protokoll<br \/>\n   c) Anm\u00e4lan om av styrelsen utsedd sekreterare<br \/>\n3.\u00a0Fr\u00e5ga om \u00e5rsm\u00f6tet \u00e4r stadgeenligt utlyst<br \/>\n4.\u00a0Fastst\u00e4llande av dagordning<br \/>\n5.\u00a0Styrelsens verksamhets- och f\u00f6rvaltningsber\u00e4ttelse<br \/>\n6.\u00a0Revisorernas ber\u00e4ttelse<br \/>\n7.\u00a0Fastst\u00e4llande av balansr\u00e4kning<br \/>\n8.\u00a0Fr\u00e5ga om ansvarsfrihet f\u00f6r styrelsen<br \/>\n9. Beslut om antalet ledam\u00f6ter i styrelsen<br \/>\n10.Val av ordf\u00f6rande f\u00f6r kretsens och dess styrelse<br \/>\n11.Val av ledam\u00f6ter och suppleanter i styrelsen<br \/>\n12.\u00a0Val av tv\u00e5 revisorer och tv\u00e5 suppleanter<br \/>\n13.\u00a0Val av ombud och suppleanter till l\u00e4nsf\u00f6reningsst\u00e4mma<br \/>\n14.\u00a0Val av valberedning<br \/>\n15.\u00a0Styrelsens f\u00f6rslag<br \/>\n   a) i \u00e4rende, var\u00f6ver l\u00e4nsjaktv\u00e5rdsf\u00f6reningen infordrat yttrande<br \/>\n   b) ang. inkomna motioner<br \/>\n   c) ang. \u00f6vriga \u00e4renden<br \/>\n16.\u00a0Best\u00e4mmande av s\u00e4ttet att kalla till n\u00e4sta \u00e5rsm\u00f6te och eventuellt extra m\u00f6te<br \/>\n17.\u00a0\u00d6vriga fr\u00e5gor som \u00e5rsm\u00f6tet beslutar ta upp till behandling<\/p>\n<p>Anm.: F\u00f6reskrifter om hur antalet ombud till l\u00e4nsf\u00f6reningsst\u00e4mma framr\u00e4knas finns i \u00a7 12 mom. 2 l\u00e4nsf\u00f6reningsstadgarna.<\/p>\n<p><strong>Mom. 5<br \/>\n<\/strong>Extra \u00e5rsm\u00f6te f\u00e5r endast behandla den eller de fr\u00e5gor, som angetts i kallelsen.<\/p>\n<p><strong>Mom. 6<br \/>\n<\/strong>Lokal jaktv\u00e5rdsorganisations r\u00f6str\u00e4tt ut\u00f6vas genom ombud som utsetts av organisationen. F\u00f6r annan juridisk person utf\u00e4rdas fullmakt av den eller dem, som d\u00e4rtill \u00e4r beh\u00f6rig. \u00c4r flera ombud utsedda f\u00f6r jaktorganisation, skall r\u00f6sterna f\u00f6rdelas lika mellan ombuden. Kan detta ej ske, skall \u00f6verskjutande r\u00f6ster f\u00f6rdelas lika mellan ombuden i den ordning de anm\u00e4lts.<\/p>\n<p><strong>R\u00f6str\u00e4tt<br \/>\n\u00a7 8<\/strong><\/p>\n<p><strong>Mom. 1<br \/>\n<\/strong>Till kretsen h\u00f6rande medlem som \u00e4r n\u00e4rvarande har en r\u00f6st. R\u00f6str\u00e4tt f\u00f6r enskild medlem f\u00e5r ej ut\u00f6vas genom fullmakt. Styrelseledamot eller annan person \u00e4ger icke delta i beslut om ansvarsfrihet f\u00f6r f\u00f6rvaltning, f\u00f6r vilken denne \u00e4r ansvarig, och inte heller i val av revisorer f\u00f6r granskning av s\u00e5dan f\u00f6rvaltning.<br \/>\nLokal jaktv\u00e5rdsorganisation har alltid minst en r\u00f6st.<br \/>\nL\u00e4nsjaktv\u00e5rdsf\u00f6rening f\u00e5r besluta om andra regler f\u00f6r framr\u00e4kning av de lokala<br \/>\njaktv\u00e5rdsorganisationernas r\u00f6stetal.<br \/>\nLokal jaktv\u00e5rdsorganisation f\u00e5r dock ej ut\u00f6va r\u00f6str\u00e4tt f\u00f6r mer \u00e4n 1\/5 av det vid m\u00f6tet representerade antalet r\u00f6ster.<br \/>\nAntalet r\u00f6ster skall motsvara antalet erlagda avgifter enligt \u00a7 10 mom. 3 andra stycket i stadgarna f\u00f6r l\u00e4nsjaktv\u00e5rdsf\u00f6rening.<br \/>\nOmr\u00f6stning sker \u00f6ppet. Vid val sker sluten omr\u00f6stning, om n\u00e5gon r\u00f6stber\u00e4ttigad beg\u00e4r det. R\u00f6stsedel, som upptar flera namn \u00e4n valet avser, \u00e4r ogiltig. Den eller de, som f\u00e5r flest r\u00f6ster, \u00e4r vald(a). Vid lika r\u00f6stetal avg\u00f6rs fr\u00e5gan genom lottning.<br \/>\nBeslut fattas, med enkel majoritet, om ej annat f\u00f6reskrivs i dessa stadgar. Vid lika r\u00f6stetal, utom vid val, har tj\u00e4nstg\u00f6rande ordf\u00f6randen utslagsr\u00f6st. Om han inte har r\u00f6str\u00e4tt samt vid val avg\u00f6rs fr\u00e5gan genom lottning.<br \/>\nN\u00e4rvarande revisor, som ej \u00e4r r\u00f6stber\u00e4ttigad, har yttrande- och f\u00f6rslagsr\u00e4tt i \u00e4rende, som har samband med revisionen.<br \/>\nTj\u00e4nsteman verksam inom l\u00e4nsjaktv\u00e5rdsf\u00f6reningens omr\u00e5de skall genom kallelse beredas tillf\u00e4lle n\u00e4rvara vid \u00e5rsm\u00f6te och har yttrande- och f\u00f6rslagsr\u00e4tt i de fr\u00e5gor, \u00e5rsm\u00f6tet \u00e4ger behandla. Ledamot eller suppleant i l\u00e4nsjaktv\u00e5rdsf\u00f6reningens\u00a0styrelse samt i J\u00e4garef\u00f6rbundets f\u00f6rbundsstyrelse \u00e4vensom central chefstj\u00e4nsteman inom J\u00e4garef\u00f6rbundet \u00e4ger n\u00e4rvara och har yttrander\u00e4tt vid \u00e5rsm\u00f6te.<\/p>\n<p><strong>Mom. 2<br \/>\n<\/strong>Medlem som ej tillh\u00f6r kretsen, men har jaktliga intressen inom dess omr\u00e5de, \u00e4ger r\u00e4tt att n\u00e4rvara vid kretsens sammankomster och har yttrande- och f\u00f6rslagsr\u00e4tt men ej r\u00f6str\u00e4tt.<\/p>\n<p><strong>Styrelsen<br \/>\n\u00a7 9\u00a0<\/strong><\/p>\n<p><strong>Mom. 1<br \/>\n<\/strong>Styrelsen \u00e4r, d\u00e5 \u00e5rsm\u00f6tet inte \u00e4r samlat, kretsens beslutande organ. Styrelsen \u00e4r inf\u00f6r \u00e5rsm\u00f6tet och l\u00e4nsjaktv\u00e5rdsf\u00f6reningen ansvarig f\u00f6r sin f\u00f6rvaltning.<br \/>\nStyrelsen leder kretsens verksamhet och f\u00f6rvaltar dess angel\u00e4genheter i \u00f6verensst\u00e4mmelse med J\u00e4garef\u00f6rbundets, l\u00e4nsjaktv\u00e5rdsf\u00f6reningens och jaktv\u00e5rdskretsens stadgar samt f\u00f6rbunds\u00e5rsm\u00f6tets, l\u00e4nsf\u00f6reningsst\u00e4mmans och krets\u00e5rsm\u00f6tets beslut.<br \/>\nEn av styrelsens ledam\u00f6ter eller en till styrelsen adjungerad ledamot kan vara<br \/>\nav kretsens styrelse f\u00f6rordnad kontaktman mellan kretsen och l\u00e4nsjaktv\u00e5rdsf\u00f6reningen. F\u00f6r denne skall finnas st\u00e4llf\u00f6retr\u00e4dare.<\/p>\n<p><strong>Mom. 2<br \/>\n<\/strong>Styrelsen best\u00e5r av ordf\u00f6rande och \u00f6vriga ledam\u00f6ter, valda av \u00e5rsm\u00f6tet.<br \/>\nStyrelsen kan till sig adjungera representant f\u00f6r annat intresse som har v\u00e4sentlig betydelse f\u00f6r kretsens verksamhet.<\/p>\n<p>a)\u00a0Ordf\u00f6randen v\u00e4ljs f\u00f6r en tid av ett \u00e5r.<br \/>\nb) Antalet av \u00e5rsm\u00f6tet valda ledam\u00f6ter och eventuella suppleanter, skall, ut\u00f6ver ordf\u00f6randen, vara minst 8 ordinarie ledam\u00f6ter, vilka v\u00e4ljs f\u00f6r tv\u00e5 \u00e5r med h\u00e4lften av ledam\u00f6terna<strong>\u00a0<\/strong>vart annat \u00e5r.<\/p>\n<p>c) Avg\u00e5ende ledamot kan \u00e5terv\u00e4ljas.<br \/>\nd) Avg\u00e5r ledamot under f\u00f6rsta \u00e5ret av mandattiden, f\u00f6rr\u00e4ttar f\u00f6ljande \u00e5rsm\u00f6te val av\u00a0\u00a0\u00a0 eftertr\u00e4dare f\u00f6r \u00e5terstoden av mandattiden.<\/p>\n<p><strong>Mom. 3<br \/>\n<\/strong>Styrelsen fungerar fr\u00e5n ett \u00e5rsm\u00f6te till och med f\u00f6ljande \u00e5rsm\u00f6te.<\/p>\n<p><strong>Mom. 4<br \/>\n<\/strong>Styrelsen \u00e4r beslutf\u00f6r, d\u00e5 kallelse utg\u00e5tt i den ordning styrelsen f\u00f6reskrivit och mer \u00e4n halva antalet av ledam\u00f6terna \u00e4r n\u00e4rvarande.<br \/>\nSom styrelsens beslut g\u00e4ller den mening, som bitr\u00e4tts av mer \u00e4n halva antalet n\u00e4rvarande ledam\u00f6ter. Vid lika r\u00f6stetal g\u00e4ller att ordf\u00f6randen har utslagsr\u00f6sten, dock sker vid val avg\u00f6rande genom lottning.<br \/>\nStyrelsens protokoll justeras av ordf\u00f6rande och en ledamot.<br \/>\nOmr\u00f6stning inom styrelsen sker \u00f6ppet utom vid val, som skall \u00e4ga rum med slutna sedlar om s\u00e5 beg\u00e4rs.<\/p>\n<p><strong>Mom. 5<br \/>\n<\/strong>Styrelsen utser p\u00e5 sitt f\u00f6rsta sammantr\u00e4de efter \u00e5rsm\u00f6tet bland ledam\u00f6terna vice ordf\u00f6rande samt inom eller utom styrelsen sekreterare och kass\u00f6r.<\/p>\n<p><strong>Mom. 6<br \/>\n<\/strong>Styrelsen kan, f\u00f6r att erbjuda god service till kretsen medlemmar, skapa de utskott som kr\u00e4vs f\u00f6r att kunna bedriva en bred verksamhet. Utskotten rapporterar till styrelsen och f\u00e5r adjungeras till styrelsen n\u00e4r s\u00e5 kr\u00e4vs.<\/p>\n<p><strong>Mom. 7<br \/>\n<\/strong>Styrelsen skall tillse, att bidrag, som tilldelats kretsen, anv\u00e4nds i enlighet med l\u00e4nsjaktv\u00e5rdsf\u00f6reningens eller, i f\u00f6rekommande fall, annan bidragsgivares anvisningar.<\/p>\n<p>Underskrift av handlingar<\/p>\n<p><strong>\u00a7 10<\/strong><br \/>\nStyrelsen utser \u00e5rligen p\u00e5 det sammantr\u00e4de, som h\u00e5lles n\u00e4rmast efter \u00e5rsm\u00f6te, den eller de, som skall \u00e4ga beh\u00f6righet att underteckna handlingar p\u00e5 kretsens v\u00e4gnar.<\/p>\n<p><strong>R\u00e4kenskaper och revision<br \/>\n\u00a7 11<\/strong><\/p>\n<p><strong>Mom. 1<br \/>\n<\/strong>Kretsens r\u00e4kenskaps\u00e5r \u00e4r kalender\u00e5r. R\u00e4kenskaperna och styrelsens f\u00f6rvaltning skall granskas av tv\u00e5 \u00e5rligen p\u00e5 \u00e5rsm\u00f6te utsedda revisorer. F\u00f6r varje revisor skall utses en suppleant.<\/p>\n<p><strong>Mom. 2<br \/>\n<\/strong>R\u00e4kenskaperna skall \u00f6verl\u00e4mnas till revisorerna senast den 25 januari. Samtidigt skall styrelsen till revisorerna \u00f6verl\u00e4mna sina verksamhets- och f\u00f6rvaltningsber\u00e4ttelser samt resultat- och balansr\u00e4kningar.<\/p>\n<p><strong>Mom. 3<br \/>\n<\/strong>Revisorerna \u00e5ligger<br \/>\natt utf\u00f6ra revision och d\u00e4r\u00f6ver avge revisionsber\u00e4ttelse<br \/>\natt tillse att de medel kretsen erh\u00e5ller fr\u00e5n olika bidragsgivare disponeras i enlighet medgivna f\u00f6reskrifter, samt<br \/>\natt till- eller avstyrka ansvarsfrihet f\u00f6r styrelsen.<\/p>\n<p><strong>Mom. 4<br \/>\n<\/strong>Revisionen skall f\u00f6r varje \u00e5r vara verkst\u00e4lld och revisorernas ber\u00e4ttelse \u00f6verl\u00e4mnad till styrelsen senast den 25 januari. \u00d6ver anm\u00e4rkning, som g\u00f6rs av revisorerna, \u00e5ligger det styrelsen att avge skriftlig f\u00f6rklaring.<\/p>\n<p><strong>Mom. 5<br \/>\n<\/strong>R\u00e4kenskaperna skall varje \u00e5r senast den 28(29) februari tillsammans med revisionsber\u00e4ttelsen samt kopia av krets\u00e5rsm\u00f6tets protokoll s\u00e4ndas till l\u00e4nsjaktv\u00e5rdsf\u00f6reningen.<\/p>\n<p><strong>Valbarhet<br \/>\n\u00a7 12<\/strong><br \/>\nValbar till ledamot av styrelsen och som ombud vid ordinarie och extra l\u00e4nsf\u00f6reningsst\u00e4mma \u00e4r endast person som \u00e4r enskild medlem och tillh\u00f6r kretsen.<\/p>\n<p><strong>Motioner<br \/>\n\u00a7 13<\/strong><br \/>\nMotion till kretsens \u00e5rsm\u00f6te, l\u00e4nsf\u00f6reningsst\u00e4mma kan v\u00e4ckas av till kretsen h\u00f6rande medlem och skall vara kretsstyrelsen till handa f\u00f6re utg\u00e5ngen av december m\u00e5nad. Det \u00e5ligger styrelsen att till \u00e5rsm\u00f6tet avge yttrande \u00f6ver motion.<\/p>\n<p><strong>Uteslutning av medlem<br \/>\n\u00a7 14<\/strong><br \/>\nFramst\u00e4llning om uteslutning av medlem skall styrelsen inges till l\u00e4nsjaktv\u00e5rdsf\u00f6reningens styrelse f\u00f6r \u00e5tg\u00e4rd. F\u00f6r uteslutning av medlem g\u00e4ller \u00a7 17 mom. 2-3 i J\u00e4garef\u00f6rbundets stadgar.<\/p>\n<p><strong>\u00c4ndring av stadgarna<br \/>\n\u00a7 15<\/strong><br \/>\nBeslut om \u00e4ndring av eller till\u00e4gg till dessa stadgar kan fattas av tv\u00e5 p\u00e5 varandra f\u00f6ljande\u00a0 st\u00e4mmor varav ett skall vara det ordinarie \u00e5rsm\u00f6tet.<br \/>\nS\u00e5dant beslut skall f\u00f6r att bli g\u00e4llande godk\u00e4nnas av l\u00e4nsjaktv\u00e5rdsf\u00f6reningen och tr\u00e4der i kraft f\u00f6rst efter godk\u00e4nnandet.<\/p>\n<p><strong>Uppl\u00f6sning av kretsen<br \/>\n\u00a7 16<\/strong><br \/>\nBeslut om uppl\u00f6sning av jaktv\u00e5rdskrets kan endast fattas av tv\u00e5 p\u00e5 varandra f\u00f6ljande\u00a0 st\u00e4mmor varav ett skall vara det ordinarie \u00e5rsm\u00f6tet. F\u00f6r beslut om uppl\u00f6sning erfordras bifall av minst tv\u00e5 tredjedelar av de avgivna r\u00f6sterna. S\u00e5dant beslut skall f\u00f6r att bli g\u00e4llande vara godk\u00e4nt av l\u00e4nsf\u00f6reningsst\u00e4mman.<br \/>\nUppl\u00f6ses kretsen, skall kretsens beh\u00e5llna egna tillg\u00e5ngar anv\u00e4ndas f\u00f6r n\u00e5got som h\u00e4nger samman med kretsens verksamhet och \u00e4ndam\u00e5l. Beslut d\u00e4rom fattas av det \u00e5rsm\u00f6te som beslutar om uppl\u00f6sningen.<\/p>\n","protected":false},"excerpt":{"rendered":"<p>STADGAR f\u00f6r J\u00e4garef\u00f6rbundet,\u00a0Norra S\u00f6rmlands Jaktv\u00e5rdkrets Stadgar f\u00f6r jaktv\u00e5rdskrets Antagna av Svenska J\u00e4garef\u00f6rbundets kongress 1991 \u00c4ndringar gjorda vid J\u00e4garef\u00f6rbundets \u00e5rsst\u00e4mma 2000 Stadgar f\u00f6r J\u00e4garef\u00f6rbundet\u00a0Norra S\u00f6rmlands Jaktv\u00e5rdskrets\u00a0genomg\u00e5ngna och beslutade vid \u00e5rsm\u00f6tet\u00a02013-02-12. Namn, beslutande organ och s\u00e4te \u00a7 1 Organisationens namn \u00e4r J\u00e4garef\u00f6rbundet, Norra S\u00f6rmlands Jaktv\u00e5rdskrets. Det \u00e4r en partipolitisk obunden ideell f\u00f6rening inom S\u00f6dermanlands l\u00e4nsjaktv\u00e5rdsf\u00f6rening, Jaktv\u00e5rdskretsen \u00e4r [&hellip;]<\/p>\n","protected":false},"author":141,"featured_media":0,"parent":4,"menu_order":0,"comment_status":"open","ping_status":"open","template":"","meta":{"footnotes":""},"class_list":["post-25","page","type-page","status-publish","hentry"],"_links":{"self":[{"href":"https:\/\/krets.jagareforbundet.se\/norrasormland\/wp-json\/wp\/v2\/pages\/25","targetHints":{"allow":["GET"]}}],"collection":[{"href":"https:\/\/krets.jagareforbundet.se\/norrasormland\/wp-json\/wp\/v2\/pages"}],"about":[{"href":"https:\/\/krets.jagareforbundet.se\/norrasormland\/wp-json\/wp\/v2\/types\/page"}],"author":[{"embeddable":true,"href":"https:\/\/krets.jagareforbundet.se\/norrasormland\/wp-json\/wp\/v2\/users\/141"}],"replies":[{"embeddable":true,"href":"https:\/\/krets.jagareforbundet.se\/norrasormland\/wp-json\/wp\/v2\/comments?post=25"}],"version-history":[{"count":0,"href":"https:\/\/krets.jagareforbundet.se\/norrasormland\/wp-json\/wp\/v2\/pages\/25\/revisions"}],"up":[{"embeddable":true,"href":"https:\/\/krets.jagareforbundet.se\/norrasormland\/wp-json\/wp\/v2\/pages\/4"}],"wp:attachment":[{"href":"https:\/\/krets.jagareforbundet.se\/norrasormland\/wp-json\/wp\/v2\/media?parent=25"}],"curies":[{"name":"wp","href":"https:\/\/api.w.org\/{rel}","templated":true}]}}