{"id":29,"date":"2013-12-27T15:06:58","date_gmt":"2013-12-27T14:06:58","guid":{"rendered":"https:\/\/krets.jagareforbundet.se\/norrasormland\/?page_id=29"},"modified":"2022-10-21T15:18:08","modified_gmt":"2022-10-21T13:18:08","slug":"skytte","status":"publish","type":"page","link":"https:\/\/krets.jagareforbundet.se\/norrasormland\/skytte\/","title":{"rendered":"Skytte"},"content":{"rendered":"<h2>Inom kretsen finns f\u00f6ljande skjutbanor<\/h2>\n<table border=\"2\" cellspacing=\"0\" cellpadding=\"7\">\n<tbody>\n<tr>\n<td valign=\"top\"><strong>Ort<\/strong><\/td>\n<td valign=\"top\"><strong>Klubb<\/strong><\/td>\n<td valign=\"top\"><strong>\u00a0 Ansluten till<\/strong><\/td>\n<td valign=\"top\"><strong>Hemsida<\/strong><\/td>\n<\/tr>\n<tr>\n<td valign=\"top\">Eskilstuna<\/td>\n<td valign=\"top\">Eskilstuna Jaktskytteklubb<\/td>\n<td valign=\"top\">SJF<\/td>\n<td valign=\"top\"><a href=\"http:\/\/www.eskilstunajaktskytteklubb.se\/\" target=\"_blank\" rel=\"noopener noreferrer\"><span style=\"color: #0000ff\">www.eskilstunajaktskytteklubb.se<\/span><\/a><\/td>\n<\/tr>\n<tr>\n<td valign=\"top\">Flen<\/td>\n<td valign=\"top\">Flens jaktskytteklubb<\/td>\n<td valign=\"top\">SJF<\/td>\n<td valign=\"top\"><a href=\"http:\/\/www.flensjaktskytteklubb.se\/\" target=\"_blank\" rel=\"noopener noreferrer\"><span style=\"color: #0000ff\">www.flensjaktskytteklubb.se<\/span><\/a><\/td>\n<\/tr>\n<tr>\n<td valign=\"top\">Gnesta<\/td>\n<td valign=\"top\">\u00d6stra S\u00f6rmlands Jaktskytteklubb, S\u00f6dertuna<\/td>\n<td valign=\"top\">SJF<\/td>\n<td valign=\"top\"><span style=\"color: #0000ff\"><a style=\"color: #0000ff\" href=\"http:\/\/www.gnestajsk.se\/\" target=\"_blank\" rel=\"noopener noreferrer\">www.gnestajsk.se<\/a><\/span><\/td>\n<\/tr>\n<tr>\n<td valign=\"top\">H\u00e4rad Str\u00e4ngn\u00e4s<\/td>\n<td valign=\"top\">H\u00e4rad Jaktskytteklubb, Sidhem<\/td>\n<td valign=\"top\">SJF<\/td>\n<td valign=\"top\"><span style=\"color: #0000ff\"><a style=\"color: #0000ff\" href=\"http:\/\/haradjsk.se\/\" target=\"_blank\" rel=\"noopener noreferrer\">http:\/\/haradjsk.se<\/a><\/span><\/td>\n<\/tr>\n<tr>\n<td valign=\"top\">Str\u00e4ngn\u00e4s<\/td>\n<td valign=\"top\">Str\u00e4ngn\u00e4s Jaktskytteklubb, Klinkeboda<\/td>\n<td valign=\"top\">SJF<\/td>\n<td valign=\"top\"><span style=\"color: #0000ff\"><a style=\"color: #0000ff\" href=\"http:\/\/www.strangnas-jsk.se\/\" target=\"_blank\" rel=\"noopener noreferrer\">www.strangnas-jsk.se<\/a><\/span><\/td>\n<\/tr>\n<tr>\n<td valign=\"top\">\u00c5ker<\/td>\n<td valign=\"top\">\u00c5ker\/L\u00e4nna Jaktskytteklubb, L\u00e4nna<\/td>\n<td valign=\"top\">SJF<\/td>\n<td valign=\"top\">070-517 95 05<\/td>\n<\/tr>\n<\/tbody>\n<\/table>\n<p><a href=\"https:\/\/krets.jagareforbundet.se\/norrasormland\/files\/2013\/12\/tv__duvor.jpg\"><img loading=\"lazy\" decoding=\"async\" class=\"alignnone size-medium wp-image-30\" src=\"https:\/\/krets.jagareforbundet.se\/norrasormland\/files\/2013\/12\/tv__duvor-300x225.jpg\" alt=\"Foto: Kalle Andersson\" width=\"300\" height=\"225\" srcset=\"https:\/\/krets.jagareforbundet.se\/norrasormland\/files\/2013\/12\/tv__duvor-300x225.jpg 300w, https:\/\/krets.jagareforbundet.se\/norrasormland\/files\/2013\/12\/tv__duvor.jpg 900w\" sizes=\"auto, (max-width: 300px) 100vw, 300px\" \/><\/a><br \/>\nFoto: Kalle Andersson<\/p>\n","protected":false},"excerpt":{"rendered":"<p>Inom kretsen finns f\u00f6ljande skjutbanor Ort Klubb \u00a0 Ansluten till Hemsida Eskilstuna Eskilstuna Jaktskytteklubb SJF www.eskilstunajaktskytteklubb.se Flen Flens jaktskytteklubb SJF www.flensjaktskytteklubb.se Gnesta \u00d6stra S\u00f6rmlands Jaktskytteklubb, S\u00f6dertuna SJF www.gnestajsk.se H\u00e4rad Str\u00e4ngn\u00e4s H\u00e4rad Jaktskytteklubb, Sidhem SJF http:\/\/haradjsk.se Str\u00e4ngn\u00e4s Str\u00e4ngn\u00e4s Jaktskytteklubb, Klinkeboda SJF www.strangnas-jsk.se \u00c5ker \u00c5ker\/L\u00e4nna Jaktskytteklubb, L\u00e4nna SJF 070-517 95 05 Foto: Kalle Andersson<\/p>\n","protected":false},"author":141,"featured_media":0,"parent":0,"menu_order":0,"comment_status":"open","ping_status":"open","template":"","meta":{"footnotes":""},"class_list":["post-29","page","type-page","status-publish","hentry"],"_links":{"self":[{"href":"https:\/\/krets.jagareforbundet.se\/norrasormland\/wp-json\/wp\/v2\/pages\/29","targetHints":{"allow":["GET"]}}],"collection":[{"href":"https:\/\/krets.jagareforbundet.se\/norrasormland\/wp-json\/wp\/v2\/pages"}],"about":[{"href":"https:\/\/krets.jagareforbundet.se\/norrasormland\/wp-json\/wp\/v2\/types\/page"}],"author":[{"embeddable":true,"href":"https:\/\/krets.jagareforbundet.se\/norrasormland\/wp-json\/wp\/v2\/users\/141"}],"replies":[{"embeddable":true,"href":"https:\/\/krets.jagareforbundet.se\/norrasormland\/wp-json\/wp\/v2\/comments?post=29"}],"version-history":[{"count":3,"href":"https:\/\/krets.jagareforbundet.se\/norrasormland\/wp-json\/wp\/v2\/pages\/29\/revisions"}],"predecessor-version":[{"id":669,"href":"https:\/\/krets.jagareforbundet.se\/norrasormland\/wp-json\/wp\/v2\/pages\/29\/revisions\/669"}],"wp:attachment":[{"href":"https:\/\/krets.jagareforbundet.se\/norrasormland\/wp-json\/wp\/v2\/media?parent=29"}],"curies":[{"name":"wp","href":"https:\/\/api.w.org\/{rel}","templated":true}]}}