{"id":31,"date":"2013-12-27T15:26:25","date_gmt":"2013-12-27T14:26:25","guid":{"rendered":"https:\/\/krets.jagareforbundet.se\/norrasormland\/?page_id=31"},"modified":"2026-01-26T11:50:36","modified_gmt":"2026-01-26T10:50:36","slug":"infor-jakten","status":"publish","type":"page","link":"https:\/\/krets.jagareforbundet.se\/norrasormland\/infor-jakten\/","title":{"rendered":"Inf\u00f6r jakten"},"content":{"rendered":"<p>H\u00e4r finns n\u00e5gra dokument att l\u00e4sa inf\u00f6r jakten.<\/p>\n<p>\u00c4lg;\u00a0<a href=\"https:\/\/jagareforbundet.se\/utbildning\/studieplaner\/verktygslada-battre-algforvaltning\/\" target=\"_blank\" rel=\"noopener\">Dokument och l\u00e4nkar om \u00e4lgf\u00f6rvaltningen<\/a>\u00a0(Svenska J\u00e4garef\u00f6rbundet)<\/p>\n<p>Dovhjort; <span style=\"color: #0000ff\"><a style=\"color: #0000ff\" href=\"https:\/\/krets.jagareforbundet.se\/norrasormland\/files\/2013\/12\/rapport-2014-4-dovhjort.pdf\">M\u00e5ls\u00e4ttning f\u00f6r sk\u00f6tsel 2014<\/a><\/span>\u00a0(L\u00e4nsstyrelsen S\u00f6dermanlands l\u00e4n)<\/p>\n<p>Vildsvin;\u00a0<a href=\"https:\/\/krets.jagareforbundet.se\/norrasormland\/files\/2013\/12\/rapport-2013-15-vildsvin.pdf\"><span style=\"color: #0000ff\">M\u00e5ls\u00e4ttning f\u00f6r sk\u00f6tsel 2013-15 <\/span><\/a>\u00a0(L\u00e4nsstyrelsen S\u00f6dermanlands l\u00e4n)<\/p>\n<p>Lite avskjutnings statistik mm finns h\u00e4r:\u00a0 <a href=\"https:\/\/krets.jagareforbundet.se\/norrasormland\/files\/2022\/02\/Statistik-NSJVK.pdf\"><span style=\"color: #0000ff\">Statistik NSJVK<\/span><\/a><\/p>\n","protected":false},"excerpt":{"rendered":"<p>H\u00e4r finns n\u00e5gra dokument att l\u00e4sa inf\u00f6r jakten. \u00c4lg;\u00a0Dokument och l\u00e4nkar om \u00e4lgf\u00f6rvaltningen\u00a0(Svenska J\u00e4garef\u00f6rbundet) Dovhjort; M\u00e5ls\u00e4ttning f\u00f6r sk\u00f6tsel 2014\u00a0(L\u00e4nsstyrelsen S\u00f6dermanlands l\u00e4n) Vildsvin;\u00a0M\u00e5ls\u00e4ttning f\u00f6r sk\u00f6tsel 2013-15 \u00a0(L\u00e4nsstyrelsen S\u00f6dermanlands l\u00e4n) Lite avskjutnings statistik mm finns h\u00e4r:\u00a0 Statistik NSJVK<\/p>\n","protected":false},"author":141,"featured_media":0,"parent":0,"menu_order":0,"comment_status":"open","ping_status":"open","template":"","meta":{"footnotes":""},"class_list":["post-31","page","type-page","status-publish","hentry"],"_links":{"self":[{"href":"https:\/\/krets.jagareforbundet.se\/norrasormland\/wp-json\/wp\/v2\/pages\/31","targetHints":{"allow":["GET"]}}],"collection":[{"href":"https:\/\/krets.jagareforbundet.se\/norrasormland\/wp-json\/wp\/v2\/pages"}],"about":[{"href":"https:\/\/krets.jagareforbundet.se\/norrasormland\/wp-json\/wp\/v2\/types\/page"}],"author":[{"embeddable":true,"href":"https:\/\/krets.jagareforbundet.se\/norrasormland\/wp-json\/wp\/v2\/users\/141"}],"replies":[{"embeddable":true,"href":"https:\/\/krets.jagareforbundet.se\/norrasormland\/wp-json\/wp\/v2\/comments?post=31"}],"version-history":[{"count":3,"href":"https:\/\/krets.jagareforbundet.se\/norrasormland\/wp-json\/wp\/v2\/pages\/31\/revisions"}],"predecessor-version":[{"id":923,"href":"https:\/\/krets.jagareforbundet.se\/norrasormland\/wp-json\/wp\/v2\/pages\/31\/revisions\/923"}],"wp:attachment":[{"href":"https:\/\/krets.jagareforbundet.se\/norrasormland\/wp-json\/wp\/v2\/media?parent=31"}],"curies":[{"name":"wp","href":"https:\/\/api.w.org\/{rel}","templated":true}]}}