{"id":34,"date":"2013-12-27T15:43:14","date_gmt":"2013-12-27T14:43:14","guid":{"rendered":"https:\/\/krets.jagareforbundet.se\/norrasormland\/?page_id=34"},"modified":"2025-01-20T10:28:18","modified_gmt":"2025-01-20T09:28:18","slug":"rovdjur-rovobs","status":"publish","type":"page","link":"https:\/\/krets.jagareforbundet.se\/norrasormland\/infor-jakten\/rovdjur-rovobs\/","title":{"rendered":"Rovdjur, rovobs"},"content":{"rendered":"<div class=\"woo-sc-hr\"><\/div>\n<p>Alla iakttagelser (b\u00e5de sp\u00e5r, avf\u00f6ring och direkt iakttagelse) under hela \u00e5ret av de stora rovdjuren lo, varg och bj\u00f6rn skall skyndsamt rapporteras.<\/p>\n<p>Eller s\u00e5\u00a0kan du rapportera dina rovdjursobservationer via Internet och \u00e4ven se var rovdjuren finns i l\u00e4net. Syftet med rapporteringssidan \u00e4r att underl\u00e4tta allm\u00e4nhetens rapportering till L\u00e4nsstyrelsen, \u00f6ka allm\u00e4nhetens kunskap om rovdjursf\u00f6rekomst, samt f\u00f6rebygga skador p\u00e5 tamdjur och hundar.<\/p>\n<p>Inrapportering sker p\u00e5:\u00a0<span style=\"color: #0000ff\"><a style=\"color: #0000ff\" href=\"https:\/\/www.skandobs.se\/\">https:\/\/www.skandobs.se\/<\/a><\/span><\/p>\n<p><a href=\"https:\/\/krets.jagareforbundet.se\/norrasormland\/files\/2013\/12\/bjornen_lufsar.jpg\"><img loading=\"lazy\" decoding=\"async\" class=\"alignnone size-medium wp-image-35\" src=\"https:\/\/krets.jagareforbundet.se\/norrasormland\/files\/2013\/12\/bjornen_lufsar-300x225.jpg\" alt=\"bjornen_lufsar\" width=\"300\" height=\"225\" srcset=\"https:\/\/krets.jagareforbundet.se\/norrasormland\/files\/2013\/12\/bjornen_lufsar-300x225.jpg 300w, https:\/\/krets.jagareforbundet.se\/norrasormland\/files\/2013\/12\/bjornen_lufsar.jpg 640w\" sizes=\"auto, (max-width: 300px) 100vw, 300px\" \/><\/a><\/p>\n<p>Foto: Johnny Olsson<\/p>\n","protected":false},"excerpt":{"rendered":"<p>Alla iakttagelser (b\u00e5de sp\u00e5r, avf\u00f6ring och direkt iakttagelse) under hela \u00e5ret av de stora rovdjuren lo, varg och bj\u00f6rn skall skyndsamt rapporteras. Eller s\u00e5\u00a0kan du rapportera dina rovdjursobservationer via Internet och \u00e4ven se var rovdjuren finns i l\u00e4net. Syftet med rapporteringssidan \u00e4r att underl\u00e4tta allm\u00e4nhetens rapportering till L\u00e4nsstyrelsen, \u00f6ka allm\u00e4nhetens kunskap om rovdjursf\u00f6rekomst, samt f\u00f6rebygga [&hellip;]<\/p>\n","protected":false},"author":141,"featured_media":0,"parent":31,"menu_order":0,"comment_status":"open","ping_status":"open","template":"","meta":{"footnotes":""},"class_list":["post-34","page","type-page","status-publish","hentry"],"_links":{"self":[{"href":"https:\/\/krets.jagareforbundet.se\/norrasormland\/wp-json\/wp\/v2\/pages\/34","targetHints":{"allow":["GET"]}}],"collection":[{"href":"https:\/\/krets.jagareforbundet.se\/norrasormland\/wp-json\/wp\/v2\/pages"}],"about":[{"href":"https:\/\/krets.jagareforbundet.se\/norrasormland\/wp-json\/wp\/v2\/types\/page"}],"author":[{"embeddable":true,"href":"https:\/\/krets.jagareforbundet.se\/norrasormland\/wp-json\/wp\/v2\/users\/141"}],"replies":[{"embeddable":true,"href":"https:\/\/krets.jagareforbundet.se\/norrasormland\/wp-json\/wp\/v2\/comments?post=34"}],"version-history":[{"count":2,"href":"https:\/\/krets.jagareforbundet.se\/norrasormland\/wp-json\/wp\/v2\/pages\/34\/revisions"}],"predecessor-version":[{"id":837,"href":"https:\/\/krets.jagareforbundet.se\/norrasormland\/wp-json\/wp\/v2\/pages\/34\/revisions\/837"}],"up":[{"embeddable":true,"href":"https:\/\/krets.jagareforbundet.se\/norrasormland\/wp-json\/wp\/v2\/pages\/31"}],"wp:attachment":[{"href":"https:\/\/krets.jagareforbundet.se\/norrasormland\/wp-json\/wp\/v2\/media?parent=34"}],"curies":[{"name":"wp","href":"https:\/\/api.w.org\/{rel}","templated":true}]}}