{"id":369,"date":"2020-02-01T13:17:50","date_gmt":"2020-02-01T12:17:50","guid":{"rendered":"https:\/\/krets.jagareforbundet.se\/norrasormland\/?page_id=369"},"modified":"2025-01-20T10:32:59","modified_gmt":"2025-01-20T09:32:59","slug":"facebook","status":"publish","type":"page","link":"https:\/\/krets.jagareforbundet.se\/norrasormland\/facebook\/","title":{"rendered":"L\u00e4nklista"},"content":{"rendered":"<p>&nbsp;<\/p>\n<p>Kretsens Facebook sida: <span style=\"color: #0000ff\"><a style=\"color: #0000ff\" href=\"https:\/\/sv-se.facebook.com\/NorraSormlandsJaktvardskrets\/\" target=\"_blank\" rel=\"noopener\">Facebook<\/a><\/span><\/p>\n<p>Svenska J\u00e4garf\u00f6rbundet hemsida:\u00a0<span style=\"color: #0000ff\"><a style=\"color: #0000ff\" href=\"https:\/\/jagareforbundet.se\/\" target=\"_blank\" rel=\"noopener\">J\u00e4garf\u00f6rbundet<\/a><\/span><\/p>\n<p>L\u00e4nsf\u00f6reningens hemsida:\u00a0<span style=\"color: #0000ff\"><a style=\"color: #0000ff\" href=\"https:\/\/jagareforbundet.se\/mitt\/sodermanlands-lan\/jagareforbundet-sodermanlands-lan\/?SetCounty=1132&amp;ljf=1133\" target=\"_blank\" rel=\"noopener\">L\u00e4nsf\u00f6reningen<\/a><\/span><\/p>\n<p>\u00c4lgf\u00f6rvaltningsomr\u00e5de \u00c4FO 2. Sk\u00f6tselplaner mm : <span style=\"color: #0000ff\"><a style=\"color: #0000ff\" href=\"http:\/\/afo2.se\/\" target=\"_blank\" rel=\"noopener\">\u00c4FO 2<\/a><\/span><\/p>\n<p>Rapportera rovdjurs observationer:\u00a0<span style=\"color: #0000ff\"><a style=\"color: #0000ff\" href=\"https:\/\/www.skandobs.se\/#\" target=\"_blank\" rel=\"noopener\">Skandobs<\/a><\/span><\/p>\n<p>Viltdata, rapportera avskjutning OBS mm: <span style=\"color: #0000ff\"><a style=\"color: #0000ff\" href=\"https:\/\/www.viltdata.se\/\" target=\"_blank\" rel=\"noopener\">Viltdata<\/a><\/span><\/p>\n<p>L\u00e4nsstyrelsen jakt och vilt:\u00a0<span style=\"color: #0000ff\"><a style=\"color: #0000ff\" href=\"https:\/\/www.lansstyrelsen.se\/sodermanland\/djur\/jakt-och-vilt.html\" target=\"_blank\" rel=\"noopener\">L\u00e4nsstyrelsen<\/a><\/span><\/p>\n<p>&nbsp;<\/p>\n","protected":false},"excerpt":{"rendered":"<p>&nbsp; Kretsens Facebook sida: Facebook Svenska J\u00e4garf\u00f6rbundet hemsida:\u00a0J\u00e4garf\u00f6rbundet L\u00e4nsf\u00f6reningens hemsida:\u00a0L\u00e4nsf\u00f6reningen \u00c4lgf\u00f6rvaltningsomr\u00e5de \u00c4FO 2. Sk\u00f6tselplaner mm : \u00c4FO 2 Rapportera rovdjurs observationer:\u00a0Skandobs Viltdata, rapportera avskjutning OBS mm: Viltdata L\u00e4nsstyrelsen jakt och vilt:\u00a0L\u00e4nsstyrelsen &nbsp;<\/p>\n","protected":false},"author":141,"featured_media":0,"parent":0,"menu_order":0,"comment_status":"closed","ping_status":"closed","template":"","meta":{"footnotes":""},"class_list":["post-369","page","type-page","status-publish","hentry"],"_links":{"self":[{"href":"https:\/\/krets.jagareforbundet.se\/norrasormland\/wp-json\/wp\/v2\/pages\/369","targetHints":{"allow":["GET"]}}],"collection":[{"href":"https:\/\/krets.jagareforbundet.se\/norrasormland\/wp-json\/wp\/v2\/pages"}],"about":[{"href":"https:\/\/krets.jagareforbundet.se\/norrasormland\/wp-json\/wp\/v2\/types\/page"}],"author":[{"embeddable":true,"href":"https:\/\/krets.jagareforbundet.se\/norrasormland\/wp-json\/wp\/v2\/users\/141"}],"replies":[{"embeddable":true,"href":"https:\/\/krets.jagareforbundet.se\/norrasormland\/wp-json\/wp\/v2\/comments?post=369"}],"version-history":[{"count":3,"href":"https:\/\/krets.jagareforbundet.se\/norrasormland\/wp-json\/wp\/v2\/pages\/369\/revisions"}],"predecessor-version":[{"id":838,"href":"https:\/\/krets.jagareforbundet.se\/norrasormland\/wp-json\/wp\/v2\/pages\/369\/revisions\/838"}],"wp:attachment":[{"href":"https:\/\/krets.jagareforbundet.se\/norrasormland\/wp-json\/wp\/v2\/media?parent=369"}],"curies":[{"name":"wp","href":"https:\/\/api.w.org\/{rel}","templated":true}]}}