{"id":4,"date":"2013-11-05T09:44:45","date_gmt":"2013-11-05T08:44:45","guid":{"rendered":"https:\/\/krets.jagareforbundet.se\/norrasormland\/?page_id=4"},"modified":"2024-07-08T20:47:36","modified_gmt":"2024-07-08T18:47:36","slug":"om-kretsen","status":"publish","type":"page","link":"https:\/\/krets.jagareforbundet.se\/norrasormland\/om-kretsen\/","title":{"rendered":"Om kretsen"},"content":{"rendered":"<p>Norra S\u00f6rmlands Jaktv\u00e5rdskrets bildades 2011. Kretsens gr\u00e4nser och verksamhetsomr\u00e5de bildades av de naturliga barri\u00e4rerna som vilda djurens r\u00f6relser p\u00e5verkas av. Som en f\u00f6ljd av detta slogs fem kretsar samman varvid Norra S\u00f6rmlands Jaktv\u00e5rdskrets bildades. Kretsens geografiska omr\u00e5de finner du genom att\u00a0 klicka p\u00e5 <span style=\"color: #0000ff\"><a style=\"color: #0000ff\" href=\"https:\/\/krets.jagareforbundet.se\/norrasormland\/files\/2020\/02\/09-Norra-S\u00f6rmlands-jvk.pdf\" target=\"_blank\" rel=\"noopener\">karta<\/a>.<\/span><\/p>\n<p>Kretssammanslagningen genomf\u00f6rdes p\u00e5 ett mycket bra s\u00e4tt och i en mycket positiv anda. Vi har med denna sammanslagning p\u00e5 ett tydligt s\u00e4tt kunna f\u00f6rst\u00e4rka jaktv\u00e5rdskretsens roll b\u00e5de inom ett brett omr\u00e5de som ber\u00f6r viltf\u00f6rvaltning men ocks\u00e5 som en naturlig motor och kraft f\u00f6r att ge v\u00e5ra kretsmedlemmar b\u00e4sta m\u00f6jliga medlemsnytta av sitt medlemskap i Svenska J\u00e4garef\u00f6rbundet (SJF). I detta l\u00e4gger vi bland annat in trafikefters\u00f6ksverksamheten, skytte, hund- och ungdomsaktiviteter och utbildning i alla t\u00e4nkbara former, och mycket mer. Till detta kommer ocks\u00e5 den tid, kraft, engagemang och energi som v\u00e5ra f\u00f6rtroendevalda p\u00e5 olika platser i v\u00e5r organisation, l\u00e4gger f\u00f6r att v\u00e4rna v\u00e5ra medlemmars intressen och att driva dessa inom SJF. Till detta skall l\u00e4ggas allt som f\u00f6rtroendevalda och intresserade g\u00f6r f\u00f6r att \u00e5stadkomma olika lokala aktiviteter som p\u00e5 olika s\u00e4tt ger en tydlig och \u00f6kad medlemsnytta.<\/p>\n<p>Vill du komma i kontakt med kretsen kan du s\u00e4nda ett mail till\u00a0<span style=\"color: #0000ff\"><a style=\"color: #0000ff\" href=\"mailto:norrasormlandjvk@gmail.com\">norrasormlandjvk@gmail.com<\/a> <span style=\"color: #000000\">eller kontakta n\u00e5gon i\u00a0<a style=\"color: #0000ff\" href=\"https:\/\/krets.jagareforbundet.se\/norrasormland\/om-kretsen\/styrelse\/\" target=\"_blank\" rel=\"noopener\">Styrelsen<\/a>. D\u00e4r kan du l\u00e4mna f\u00f6rslag\/\u00f6nskem\u00e5l p\u00e5 verksamheter, l\u00e4mna motioner till \u00e5rsm\u00f6tet, komma med nyheter mm.<\/span><\/span><\/p>\n<table border=\"0\" cellpadding=\"10\">\n<tbody>\n<tr>\n<td><a href=\"https:\/\/krets.jagareforbundet.se\/norrasormland\/files\/2013\/11\/tjur_med_bast.jpg\"><img loading=\"lazy\" decoding=\"async\" class=\"alignnone size-medium wp-image-6\" src=\"https:\/\/krets.jagareforbundet.se\/norrasormland\/files\/2013\/11\/tjur_med_bast-300x199.jpg\" alt=\"\u00c4lgtjur med basthorn\" width=\"300\" height=\"199\" srcset=\"https:\/\/krets.jagareforbundet.se\/norrasormland\/files\/2013\/11\/tjur_med_bast-300x199.jpg 300w, https:\/\/krets.jagareforbundet.se\/norrasormland\/files\/2013\/11\/tjur_med_bast.jpg 1024w\" sizes=\"auto, (max-width: 300px) 100vw, 300px\" \/><\/a>Foto: Jan Eve Edvinsson<\/td>\n<td><strong>Fakta: <\/strong>Kretsen best\u00e5r av ca. 192 000 ha och ing\u00e5r i viltf\u00f6rvaltningsomr\u00e5de VFO 2 (tidigare VFO 8 och VFO 9).Totalt finns det 11 st. \u00c4SO (\u00e4lgsk\u00f6tselomr\u00e5den). Det finns endast n\u00e5gra enstaka registrerade licensomr\u00e5den f\u00f6r jakt p\u00e5 \u00e4lg. Under jakts\u00e4songen 2022\/23 f\u00e4lldes det totalt 145 \u00e4lgar inom hela kretsen. Det finns ocks\u00e5 jaktbara stammar av kron- och dov hjort, vildsvin och r\u00e5djur. P\u00e5 omr\u00e5det finns ocks\u00e5 8 vargrevir\/familjegrupper.<\/td>\n<\/tr>\n<\/tbody>\n<\/table>\n<p>Kretsens verksamhetsomr\u00e5de \u00e4r stort och utg\u00f6r cirka en fj\u00e4rdedel av S\u00f6rmlands totala markareal vilket skapar f\u00f6ruts\u00e4ttningar f\u00f6r en mycket effektiv viltf\u00f6rvaltning. Kretsens viktigaste parter f\u00f6r att bedriva en \u00e4ndam\u00e5lsenlig viltf\u00f6rvaltning \u00e4r v\u00e5ra medlemmar, jaktlag, och inte minst v\u00e5ra sk\u00f6tselomr\u00e5den med dess styrelse. Kretsstyrelsen har under l\u00e5ng tid och p\u00e5 olika s\u00e4tt jobbat f\u00f6r att v\u00e5ra sk\u00f6tselomr\u00e5den, tillsammans med v\u00e5r kretsstyrelse, skall ha en central och viktig roll i fr\u00e5gor som r\u00f6r viltf\u00f6rvaltningen. Vi har lyckats skapa v\u00e4l fungerande arbetsformer f\u00f6r detta viktiga arbete.<\/p>\n<p>Medlemsantalet i kretsen uppg\u00e5r till cirka 1200 medlemmar vilket utg\u00f6r cirka en fj\u00e4rdedel av totala medlemsantalet i S\u00f6rmland.\u00a0 Vi \u00e4r mycket stolta \u00f6ver att vi \u00e4r s\u00e5 m\u00e5nga medlemmar. Genom en \u00e4ndam\u00e5lsenlig viltf\u00f6rvaltning och olika f\u00f6rmer av lokala aktiviteterna vill vi ge v\u00e5ra medlemmar m\u00e5nga fina jaktupplevelser och i \u00f6vrigt b\u00e4sta och mesta m\u00f6jliga medlemsnytta. Vi jobbar vidare med att bredda aktiviteterna p\u00e5 olika s\u00e4tt, ibland i det lilla ibland i n\u00e5got st\u00f6rre sammanhang. Vi \u00e4r \u00f6vertygade om att bra och efterfr\u00e5gade lokala aktiviteter lockar allt fler av v\u00e5ra medlemmar och med dessa aktiviteter vill vi ocks\u00e5 erbjuda nya medlemmar, gammal som ung, kvinna som man, oavsett bakgrund, nya och sp\u00e4nnande m\u00f6jligheter.<\/p>\n<p><strong>Vi vill och vi g\u00f6r skillnad!<\/strong><\/p>\n","protected":false},"excerpt":{"rendered":"<p>Norra S\u00f6rmlands Jaktv\u00e5rdskrets bildades 2011. Kretsens gr\u00e4nser och verksamhetsomr\u00e5de bildades av de naturliga barri\u00e4rerna som vilda djurens r\u00f6relser p\u00e5verkas av. Som en f\u00f6ljd av detta slogs fem kretsar samman varvid Norra S\u00f6rmlands Jaktv\u00e5rdskrets bildades. Kretsens geografiska omr\u00e5de finner du genom att\u00a0 klicka p\u00e5 karta. Kretssammanslagningen genomf\u00f6rdes p\u00e5 ett mycket bra s\u00e4tt och i en mycket [&hellip;]<\/p>\n","protected":false},"author":141,"featured_media":0,"parent":0,"menu_order":0,"comment_status":"open","ping_status":"open","template":"","meta":{"footnotes":""},"class_list":["post-4","page","type-page","status-publish","hentry"],"_links":{"self":[{"href":"https:\/\/krets.jagareforbundet.se\/norrasormland\/wp-json\/wp\/v2\/pages\/4","targetHints":{"allow":["GET"]}}],"collection":[{"href":"https:\/\/krets.jagareforbundet.se\/norrasormland\/wp-json\/wp\/v2\/pages"}],"about":[{"href":"https:\/\/krets.jagareforbundet.se\/norrasormland\/wp-json\/wp\/v2\/types\/page"}],"author":[{"embeddable":true,"href":"https:\/\/krets.jagareforbundet.se\/norrasormland\/wp-json\/wp\/v2\/users\/141"}],"replies":[{"embeddable":true,"href":"https:\/\/krets.jagareforbundet.se\/norrasormland\/wp-json\/wp\/v2\/comments?post=4"}],"version-history":[{"count":3,"href":"https:\/\/krets.jagareforbundet.se\/norrasormland\/wp-json\/wp\/v2\/pages\/4\/revisions"}],"predecessor-version":[{"id":805,"href":"https:\/\/krets.jagareforbundet.se\/norrasormland\/wp-json\/wp\/v2\/pages\/4\/revisions\/805"}],"wp:attachment":[{"href":"https:\/\/krets.jagareforbundet.se\/norrasormland\/wp-json\/wp\/v2\/media?parent=4"}],"curies":[{"name":"wp","href":"https:\/\/api.w.org\/{rel}","templated":true}]}}