{"id":416,"date":"2020-02-22T16:19:27","date_gmt":"2020-02-22T15:19:27","guid":{"rendered":"https:\/\/krets.jagareforbundet.se\/norrasormland\/?page_id=416"},"modified":"2025-10-21T18:27:11","modified_gmt":"2025-10-21T16:27:11","slug":"byalagsskjutning","status":"publish","type":"page","link":"https:\/\/krets.jagareforbundet.se\/norrasormland\/resultat\/byalagsskjutning\/","title":{"rendered":"Byalagsskjutning"},"content":{"rendered":"<div id=\"attachment_318\" style=\"width: 1010px\" class=\"wp-caption aligncenter\"><img loading=\"lazy\" decoding=\"async\" aria-describedby=\"caption-attachment-318\" class=\"size-full wp-image-318\" src=\"https:\/\/krets.jagareforbundet.se\/norrasormland\/files\/2017\/09\/20180923_134435.jpg\" alt=\"\" width=\"1000\" height=\"479\" \/><p id=\"caption-attachment-318\" class=\"wp-caption-text\">Foto: Tomas Kjellberg<\/p><\/div>\n<p><span style=\"color: #0000ff\"><a style=\"color: #0000ff\" href=\"https:\/\/krets.jagareforbundet.se\/norrasormland\/files\/2025\/10\/Resultat-Byalagsskjutning-2025.pdf\" target=\"_blank\" rel=\"noopener\">2025 \u00e5rs Byalagsskjutning<\/a><\/span><\/p>\n<p><a href=\"https:\/\/krets.jagareforbundet.se\/norrasormland\/files\/2024\/11\/Resultat-Byalagsskjutning-2024.pdf\"><span style=\"color: #0000ff\">2024 \u00e5rs Byalagsskjutning<\/span><\/a><\/p>\n<p><span style=\"color: #0000ff\"><a style=\"color: #0000ff\" href=\"https:\/\/krets.jagareforbundet.se\/norrasormland\/files\/2023\/09\/Resultat-Byalagsskjutning-2023.pdf\" target=\"_blank\" rel=\"noopener\">2023 \u00e5rs Byalagsskjutning\u00a0<\/a><\/span><\/p>\n<p><span style=\"color: #0000ff\"><a href=\"https:\/\/krets.jagareforbundet.se\/norrasormland\/files\/2022\/10\/Resultat-Byalagsskjutning-2022.pdf\" target=\"_blank\" rel=\"noopener\"><span style=\"color: #0000ff\">2022 \u00e5rs Byalagsskjutning<\/span><\/a><\/span><\/p>\n<p><a href=\"https:\/\/krets.jagareforbundet.se\/norrasormland\/files\/2021\/10\/Byalagsskjutning-2021-resultat.pdf\" target=\"_blank\" rel=\"noopener noreferrer\"><span style=\"color: #0000ff\">2021 \u00e5rs Byalagsskjutning<\/span><\/a><\/p>\n<p><a href=\"https:\/\/krets.jagareforbundet.se\/norrasormland\/files\/2020\/09\/Resultat-Byalagsskjutning-2020.pdf\" target=\"_blank\" rel=\"noopener noreferrer\"><span style=\"color: #0000ff\">2020 \u00e5rs Byalagsskjutning<\/span><\/a><\/p>\n<p><a href=\"https:\/\/krets.jagareforbundet.se\/norrasormland\/files\/2017\/09\/2019-\u00e5rs-Byalagsskjutning.pdf\" target=\"_blank\" rel=\"noopener noreferrer\"><span style=\"color: #0000ff\">2019 \u00e5rs Byalagsskjutning<\/span><\/a><\/p>\n<p><span style=\"color: #0000ff\"><a style=\"color: #0000ff\" href=\"https:\/\/krets.jagareforbundet.se\/norrasormland\/files\/2017\/09\/2018-ars-byalagsskjutning-alla.pdf\" target=\"_blank\" rel=\"noopener noreferrer\">2018 \u00e5rs Byalagsskjutning<\/a><\/span><\/p>\n<p><span style=\"color: #0000ff\"><a style=\"color: #0000ff\" href=\"https:\/\/krets.jagareforbundet.se\/norrasormland\/files\/2016\/09\/2017-ars-byalagsskjutning.pdf\" target=\"_blank\" rel=\"noopener noreferrer\">2017 \u00e5rs Byalagsskjutning\u00a0<\/a><\/span><\/p>\n<p><span style=\"color: #0000ff\"><a style=\"color: #0000ff\" href=\"https:\/\/krets.jagareforbundet.se\/norrasormland\/files\/2016\/09\/2016-ars-byalagsskjutningresultat-hemsidesversion.pdf\" target=\"_blank\" rel=\"noopener noreferrer\">2016 \u00e5rs Byalagsskjutning<\/a><\/span><\/p>\n<p>&nbsp;<\/p>\n","protected":false},"excerpt":{"rendered":"<p>2025 \u00e5rs Byalagsskjutning 2024 \u00e5rs Byalagsskjutning 2023 \u00e5rs Byalagsskjutning\u00a0 2022 \u00e5rs Byalagsskjutning 2021 \u00e5rs Byalagsskjutning 2020 \u00e5rs Byalagsskjutning 2019 \u00e5rs Byalagsskjutning 2018 \u00e5rs Byalagsskjutning 2017 \u00e5rs Byalagsskjutning\u00a0 2016 \u00e5rs Byalagsskjutning &nbsp;<\/p>\n","protected":false},"author":141,"featured_media":0,"parent":415,"menu_order":0,"comment_status":"closed","ping_status":"closed","template":"","meta":{"footnotes":""},"class_list":["post-416","page","type-page","status-publish","hentry"],"_links":{"self":[{"href":"https:\/\/krets.jagareforbundet.se\/norrasormland\/wp-json\/wp\/v2\/pages\/416","targetHints":{"allow":["GET"]}}],"collection":[{"href":"https:\/\/krets.jagareforbundet.se\/norrasormland\/wp-json\/wp\/v2\/pages"}],"about":[{"href":"https:\/\/krets.jagareforbundet.se\/norrasormland\/wp-json\/wp\/v2\/types\/page"}],"author":[{"embeddable":true,"href":"https:\/\/krets.jagareforbundet.se\/norrasormland\/wp-json\/wp\/v2\/users\/141"}],"replies":[{"embeddable":true,"href":"https:\/\/krets.jagareforbundet.se\/norrasormland\/wp-json\/wp\/v2\/comments?post=416"}],"version-history":[{"count":3,"href":"https:\/\/krets.jagareforbundet.se\/norrasormland\/wp-json\/wp\/v2\/pages\/416\/revisions"}],"predecessor-version":[{"id":909,"href":"https:\/\/krets.jagareforbundet.se\/norrasormland\/wp-json\/wp\/v2\/pages\/416\/revisions\/909"}],"up":[{"embeddable":true,"href":"https:\/\/krets.jagareforbundet.se\/norrasormland\/wp-json\/wp\/v2\/pages\/415"}],"wp:attachment":[{"href":"https:\/\/krets.jagareforbundet.se\/norrasormland\/wp-json\/wp\/v2\/media?parent=416"}],"curies":[{"name":"wp","href":"https:\/\/api.w.org\/{rel}","templated":true}]}}