{"id":427,"date":"2020-02-22T19:53:35","date_gmt":"2020-02-22T18:53:35","guid":{"rendered":"https:\/\/krets.jagareforbundet.se\/norrasormland\/?page_id=427"},"modified":"2025-05-29T18:45:13","modified_gmt":"2025-05-29T16:45:13","slug":"kretsmasterskap-eftersok","status":"publish","type":"page","link":"https:\/\/krets.jagareforbundet.se\/norrasormland\/resultat\/kretsmasterskap-eftersok\/","title":{"rendered":"Kretsm\u00e4sterskap efters\u00f6k"},"content":{"rendered":"<p>Kretsm\u00e4sterskap i efters\u00f6k<\/p>\n<p><a href=\"https:\/\/krets.jagareforbundet.se\/norrasormland\/files\/2025\/05\/Resultat-KM-eftersok-2025.pdf\" target=\"_blank\" rel=\"noopener\"><span style=\"color: #0000ff\">Resultat kretsm\u00e4sterskap i efters\u00f6k 2025<\/span><\/a><\/p>\n<p><span style=\"color: #0000ff\"><a style=\"color: #0000ff\" href=\"https:\/\/krets.jagareforbundet.se\/norrasormland\/files\/2024\/05\/Resultat-KM-i-eftersok-2024.pdf\" target=\"_blank\" rel=\"noopener\">Resultat kretsm\u00e4sterskap i efters\u00f6k 2024<\/a><\/span><\/p>\n<p><span style=\"color: #0000ff\"><a style=\"color: #0000ff\" href=\"https:\/\/krets.jagareforbundet.se\/norrasormland\/files\/2023\/06\/Resultat-KM-i-eftersok-2023.pdf\" target=\"_blank\" rel=\"noopener\">Resultat kretsm\u00e4sterskap i efters\u00f6k 2023\u00a0<\/a><\/span><\/p>\n<p><span style=\"color: #0000ff\"><a style=\"color: #0000ff\" href=\"https:\/\/krets.jagareforbundet.se\/norrasormland\/files\/2019\/07\/Resultat-kretsm\u00e4sterskapen-i-efters\u00f6k-2019.pdf\" target=\"_blank\" rel=\"noopener\">Resultat kretsm\u00e4sterskapen i efters\u00f6k 2019<\/a> <\/span><\/p>\n<p><span style=\"color: #0000ff\"><a style=\"color: #0000ff\" href=\"https:\/\/krets.jagareforbundet.se\/norrasormland\/files\/2018\/06\/resultat-kretsmasterskapen-i-eftersok-2018.pdf\" target=\"_blank\" rel=\"noopener\">Resultat Kretsm\u00e4sterskapen i efters\u00f6k 2018<\/a><\/span><\/p>\n","protected":false},"excerpt":{"rendered":"<p>Kretsm\u00e4sterskap i efters\u00f6k Resultat kretsm\u00e4sterskap i efters\u00f6k 2025 Resultat kretsm\u00e4sterskap i efters\u00f6k 2024 Resultat kretsm\u00e4sterskap i efters\u00f6k 2023\u00a0 Resultat kretsm\u00e4sterskapen i efters\u00f6k 2019 Resultat Kretsm\u00e4sterskapen i efters\u00f6k 2018<\/p>\n","protected":false},"author":141,"featured_media":0,"parent":415,"menu_order":0,"comment_status":"closed","ping_status":"closed","template":"","meta":{"footnotes":""},"class_list":["post-427","page","type-page","status-publish","hentry"],"_links":{"self":[{"href":"https:\/\/krets.jagareforbundet.se\/norrasormland\/wp-json\/wp\/v2\/pages\/427","targetHints":{"allow":["GET"]}}],"collection":[{"href":"https:\/\/krets.jagareforbundet.se\/norrasormland\/wp-json\/wp\/v2\/pages"}],"about":[{"href":"https:\/\/krets.jagareforbundet.se\/norrasormland\/wp-json\/wp\/v2\/types\/page"}],"author":[{"embeddable":true,"href":"https:\/\/krets.jagareforbundet.se\/norrasormland\/wp-json\/wp\/v2\/users\/141"}],"replies":[{"embeddable":true,"href":"https:\/\/krets.jagareforbundet.se\/norrasormland\/wp-json\/wp\/v2\/comments?post=427"}],"version-history":[{"count":3,"href":"https:\/\/krets.jagareforbundet.se\/norrasormland\/wp-json\/wp\/v2\/pages\/427\/revisions"}],"predecessor-version":[{"id":885,"href":"https:\/\/krets.jagareforbundet.se\/norrasormland\/wp-json\/wp\/v2\/pages\/427\/revisions\/885"}],"up":[{"embeddable":true,"href":"https:\/\/krets.jagareforbundet.se\/norrasormland\/wp-json\/wp\/v2\/pages\/415"}],"wp:attachment":[{"href":"https:\/\/krets.jagareforbundet.se\/norrasormland\/wp-json\/wp\/v2\/media?parent=427"}],"curies":[{"name":"wp","href":"https:\/\/api.w.org\/{rel}","templated":true}]}}