{"id":43,"date":"2013-12-29T07:08:50","date_gmt":"2013-12-29T06:08:50","guid":{"rendered":"https:\/\/krets.jagareforbundet.se\/norrasormland\/?page_id=43"},"modified":"2026-03-03T14:51:20","modified_gmt":"2026-03-03T13:51:20","slug":"dokument","status":"publish","type":"page","link":"https:\/\/krets.jagareforbundet.se\/norrasormland\/dokument\/","title":{"rendered":"Dokument"},"content":{"rendered":"<h2>Styrdokument<\/h2>\n<p><span style=\"color: #0000ff\"><a style=\"color: #0000ff\" title=\"STADGAR\" href=\"https:\/\/krets.jagareforbundet.se\/norrasormland\/files\/2013\/12\/stadgar_norra_s_rmlands_jvk.pdf\" target=\"_blank\" rel=\"noopener noreferrer\">Stadgar f\u00f6r Norra S\u00f6rmlands JVK<\/a><\/span><br \/>\n<span style=\"color: #0000ff\"><a style=\"color: #0000ff\" href=\"https:\/\/krets.jagareforbundet.se\/norrasormland\/files\/2016\/06\/stadgeandringar-arsmotet-2016.pdf\">Stadge\u00e4ndringar \u00e5rsm\u00f6tet 2016<\/a><\/span><\/p>\n<p><span style=\"color: #0000ff\"><a style=\"color: #0000ff\" href=\"https:\/\/krets.jagareforbundet.se\/norrasormland\/files\/2025\/12\/Verksamhetsberattelse-2025-signed.pdf\">Verksamhetsber\u00e4ttelse 2025<\/a><\/span><br \/>\n<a style=\"color: #0000ff\" href=\"https:\/\/krets.jagareforbundet.se\/norrasormland\/files\/2024\/12\/Verksamhetsberattelse-2024-signed.pdf\" rel=\"noopener\"><span style=\"color: #0000ff\">Verksamhetsber\u00e4ttelse 2024<\/span><\/a><br \/>\n<a style=\"color: #0000ff\" href=\"https:\/\/krets.jagareforbundet.se\/norrasormland\/files\/2024\/02\/Versamketsberattelse-2023-sign.pdf\">Verksamhetsber\u00e4ttelse 2023<\/a><br \/>\n<a style=\"color: #0000ff\" href=\"https:\/\/krets.jagareforbundet.se\/norrasormland\/files\/2023\/01\/Verksamhetsberattelse-2022.pdf\">Verksamhetsber\u00e4ttelse 2022<\/a><br \/>\n<a href=\"https:\/\/krets.jagareforbundet.se\/norrasormland\/files\/2022\/02\/Verksamhetsberattelse-2021.pdf\"><span style=\"color: #0000ff\">Verksamhetsber\u00e4ttelse 2021<\/span><\/a><a href=\"https:\/\/krets.jagareforbundet.se\/norrasormland\/files\/2024\/12\/Verksamhetsberattelse-2024-signed.pdf\" target=\"_blank\" rel=\"noopener\"><br \/>\n<\/a><a href=\"https:\/\/krets.jagareforbundet.se\/norrasormland\/files\/2021\/02\/Verksamhetsberattelse-2020.pdf\"><span style=\"color: #0000ff\">Verksamhetsber\u00e4ttelse 2020<\/span><\/a><a href=\"https:\/\/krets.jagareforbundet.se\/norrasormland\/files\/2024\/12\/Verksamhetsberattelse-2024-signed.pdf\" target=\"_blank\" rel=\"noopener\"><br \/>\n<\/a><a href=\"https:\/\/krets.jagareforbundet.se\/norrasormland\/files\/2020\/02\/Verksamhetsber\u00e4ttelse-2019-slutlig.pdf\"><span style=\"color: #0000ff\">Verksamhetsber\u00e4ttelse 2019<\/span><\/a><a href=\"https:\/\/krets.jagareforbundet.se\/norrasormland\/files\/2024\/12\/Verksamhetsberattelse-2024-signed.pdf\" target=\"_blank\" rel=\"noopener\"><br \/>\n<\/a><a href=\"https:\/\/krets.jagareforbundet.se\/norrasormland\/files\/2019\/07\/Verksamhetsber\u00e4ttelse-2018.pdf\"><span style=\"color: #0000ff\">Verksamhetsber\u00e4ttelse 2018<\/span><\/a><a href=\"https:\/\/krets.jagareforbundet.se\/norrasormland\/files\/2024\/12\/Verksamhetsberattelse-2024-signed.pdf\" target=\"_blank\" rel=\"noopener\"><br \/>\n<\/a><a style=\"color: #0000ff\" href=\"https:\/\/krets.jagareforbundet.se\/norrasormland\/files\/2018\/03\/verksamhetsberattelse-2017.pdf\">Verksamhetsber\u00e4ttelse 2017<\/a><a href=\"https:\/\/krets.jagareforbundet.se\/norrasormland\/files\/2024\/12\/Verksamhetsberattelse-2024-signed.pdf\" target=\"_blank\" rel=\"noopener\"><br \/>\n<\/a><a style=\"color: #0000ff\" href=\"https:\/\/krets.jagareforbundet.se\/norrasormland\/files\/2013\/12\/verksamhetsberattelse-2016.pdf\">Verksamhetsber\u00e4ttelse 2016<\/a><a href=\"https:\/\/krets.jagareforbundet.se\/norrasormland\/files\/2024\/12\/Verksamhetsberattelse-2024-signed.pdf\" rel=\"noopener\"><br \/>\n<\/a><a style=\"color: #0000ff\" href=\"https:\/\/krets.jagareforbundet.se\/norrasormland\/files\/2016\/06\/verksamhetsberattelse-2015.pdf\">Verksamhetsber\u00e4ttelse 2015<\/a><\/p>\n<p><a href=\"https:\/\/krets.jagareforbundet.se\/norrasormland\/files\/2025\/12\/Verksamhetsplan-2026-signed.pdf\"><span style=\"color: #0000ff\">Verksamhetsplan 2026<\/span><\/a><br \/>\n<a href=\"https:\/\/krets.jagareforbundet.se\/norrasormland\/files\/2024\/12\/Verksamhetsplan-2025.pdf\"><span style=\"color: #0000ff\">Verksamhetsplan 2025<\/span><\/a><br \/>\n<span style=\"color: #0000ff\"><a style=\"color: #0000ff\" href=\"https:\/\/krets.jagareforbundet.se\/norrasormland\/files\/2024\/02\/Verksamhetsplan-2024.pdf\">Verksamhetsplan 2024<\/a><\/span><br \/>\n<span style=\"color: #0000ff\"><a style=\"color: #0000ff\" href=\"https:\/\/krets.jagareforbundet.se\/norrasormland\/files\/2023\/01\/VERKSAMHETSPLAN-2023.pdf\">Verksamhetsplan 2023<\/a><\/span><br \/>\n<a href=\"https:\/\/krets.jagareforbundet.se\/norrasormland\/files\/2022\/02\/Verksamhetsplan-2022.pdf\"><span style=\"color: #0000ff\">Verksamhetsplan 2022<\/span><\/a><br \/>\n<span style=\"color: #0000ff\"><a style=\"color: #0000ff\" href=\"https:\/\/krets.jagareforbundet.se\/norrasormland\/files\/2021\/02\/VERKSAMHETSPLAN-2021.pdf\">Verksamhetsplan 2021<\/a><\/span><br \/>\n<span style=\"color: #0000ff\"><a style=\"color: #0000ff\" href=\"https:\/\/krets.jagareforbundet.se\/norrasormland\/files\/2020\/02\/Verksamhetsplan-N-S\u00f6rm-2020-Slutlig.pdf\">Verksamhetsplan 2020<\/a><\/span><br \/>\n<span style=\"color: #0000ff\"><a style=\"color: #0000ff\" href=\"https:\/\/krets.jagareforbundet.se\/norrasormland\/files\/2019\/07\/Verksamhetsplan-N-S\u00f6rm-2019.pdf\">Verksamhetsplan\u00a02019<\/a><\/span><br \/>\n<span style=\"color: #0000ff\"><a style=\"color: #0000ff\" href=\"https:\/\/krets.jagareforbundet.se\/norrasormland\/files\/2018\/03\/verksamhetsplan-2018.pdf\">Verksamhetsplan 2018<\/a><\/span><br \/>\n<span style=\"color: #0000ff\"><a style=\"color: #0000ff\" href=\"https:\/\/krets.jagareforbundet.se\/norrasormland\/files\/2013\/12\/verksamhetsplan-2017-version-0.pdf\">Verksamhetsplan 2017\u00a0<\/a><\/span><br \/>\n<span style=\"color: #0000ff\"> <a style=\"color: #0000ff\" href=\"https:\/\/krets.jagareforbundet.se\/norrasormland\/files\/2016\/06\/verksamhetsplan-2016-norra-sormland.pdf\">Verksamhetsplan 2016<\/a><\/span><\/p>\n<h2>Protokoll \u00e5rsm\u00f6ten<\/h2>\n<p><a href=\"https:\/\/krets.jagareforbundet.se\/norrasormland\/files\/2026\/03\/Arsmotesprotokoll-Norra-Sormlands-Jvk-2026.pdf\"><span style=\"color: #0000ff\">\u00c5rsm\u00f6tesprotokoll 2026<\/span><\/a><br \/>\n<a href=\"https:\/\/krets.jagareforbundet.se\/norrasormland\/files\/2025\/03\/Arsmotesprotokoll-2025.pdf\"><span style=\"color: #0000ff\">\u00c5rsm\u00f6tesprotokoll 2025<\/span><\/a><br \/>\n<span style=\"color: #0000ff\"><a style=\"color: #0000ff\" href=\"https:\/\/krets.jagareforbundet.se\/norrasormland\/files\/2024\/02\/Arsmotesprotokoll-2024-e-signerat.pdf\" target=\"_blank\" rel=\"noopener\">\u00c5rsm\u00f6tesprotokoll 2024<\/a><\/span><br \/>\n<span style=\"color: #0000ff\"><a style=\"color: #0000ff\" href=\"https:\/\/krets.jagareforbundet.se\/norrasormland\/files\/2023\/09\/Protokoll-Arsmote-Norra-Sormlands-Jaktvardskrets-2023-02-22.pdf\" target=\"_blank\" rel=\"noopener\">\u00c5rsm\u00f6tesprotokoll 2023<\/a><\/span><br \/>\n<a href=\"https:\/\/krets.jagareforbundet.se\/norrasormland\/files\/2022\/05\/Arsmotesprotokoll-2022.pdf\"><span style=\"color: #0000ff\">\u00c5rsm\u00f6tesprotokoll 2022<\/span><\/a><br \/>\n<a href=\"https:\/\/krets.jagareforbundet.se\/norrasormland\/files\/2021\/03\/Arsmotesprotokoll-2021.pdf\"><span style=\"color: #0000ff\">\u00c5rsm\u00f6tesprotokoll 2021<\/span><\/a><br \/>\n<a href=\"https:\/\/krets.jagareforbundet.se\/norrasormland\/files\/2021\/01\/Arsmotesprotokoll-2020.pdf\"><span style=\"color: #0000ff\">\u00c5rsm\u00f6tesprotokoll 2020<\/span><\/a><br \/>\n<span style=\"color: #0000ff\"><a style=\"color: #0000ff\" href=\"https:\/\/krets.jagareforbundet.se\/norrasormland\/files\/2019\/07\/\u00c5rsm\u00f6tesprotokoll-2019.pdf\">\u00c5rsm\u00f6tesprotokoll 2019<\/a><\/span><br \/>\n<span style=\"color: #0000ff\"><a style=\"color: #0000ff\" href=\"https:\/\/krets.jagareforbundet.se\/norrasormland\/files\/2018\/03\/arsmotesprotokoll-2018.pdf\">\u00c5rsm\u00f6tesprotokoll 2018<\/a><\/span><br \/>\n<span style=\"color: #0000ff\"><a style=\"color: #0000ff\" href=\"https:\/\/krets.jagareforbundet.se\/norrasormland\/files\/2013\/12\/arsmotesprotokoll-2017.pdf\">\u00c5rsm\u00f6tesprotokoll 2017<\/a><\/span><br \/>\n<span style=\"color: #0000ff\"> <a style=\"color: #0000ff\" href=\"https:\/\/krets.jagareforbundet.se\/norrasormland\/files\/2016\/06\/arsmotesprotokoll-2016.pdf\">\u00c5rsm\u00f6tesprotokoll 2016<\/a><\/span><br \/>\n<span style=\"color: #0000ff\"> <a style=\"color: #0000ff\" href=\"https:\/\/krets.jagareforbundet.se\/norrasormland\/files\/2015\/03\/\u00c5rsm\u00f6tesprotokoll-2015.pdf\">\u00c5rsm\u00f6tesprotokoll 2015<\/a><\/span><br \/>\n<span style=\"color: #0000ff\"> <a style=\"color: #0000ff\" title=\"\u00c5rsm\u00f6tesprotokoll 2014-02-12\" href=\"https:\/\/krets.jagareforbundet.se\/norrasormland\/files\/2014\/03\/\u00c5rsm\u00f6tesprotokoll-2014.pdf\" target=\"_blank\" rel=\"noopener noreferrer\">\u00c5rsm\u00f6tesprotokoll 2014<\/a><\/span><br \/>\n<span style=\"color: #0000ff\"> <a style=\"color: #0000ff\" title=\"\u00c5rsm\u00f6tesprotokoll 2013-02-12\" href=\"https:\/\/krets.jagareforbundet.se\/norrasormland\/files\/2013\/12\/rsm_tesprotokoll_2012.pdf\" target=\"_blank\" rel=\"noopener noreferrer\">\u00c5rsm\u00f6tesprotokoll 2013<\/a><\/span><\/p>\n<h2>Konstituerandem\u00f6ten<\/h2>\n<p><span style=\"color: #0000ff\"><a style=\"color: #0000ff\" href=\"https:\/\/krets.jagareforbundet.se\/norrasormland\/files\/2026\/01\/Konstituerandemote-2025.pdf\">Konstituerandem\u00f6te 2025<\/a><\/span><br \/>\n<a href=\"https:\/\/krets.jagareforbundet.se\/norrasormland\/files\/2024\/12\/Konstituerandemote-2024-2.pdf\"><span style=\"color: #0000ff\">Konstituerandem\u00f6te 2024<\/span><\/a><br \/>\n<span style=\"color: #0000ff\"><a style=\"color: #0000ff\" href=\"https:\/\/krets.jagareforbundet.se\/norrasormland\/files\/2023\/12\/Konstituerandemote-2023.pdf\" target=\"_blank\" rel=\"noopener\">Konstituerandem\u00f6te 2023<\/a><\/span><br \/>\n<span style=\"color: #0000ff\"><a style=\"color: #0000ff\" href=\"https:\/\/krets.jagareforbundet.se\/norrasormland\/files\/2022\/05\/Konstituerande.pdf\" target=\"_blank\" rel=\"noopener\">Konstituerandem\u00f6te 2022<\/a><\/span><br \/>\n<a href=\"https:\/\/krets.jagareforbundet.se\/norrasormland\/files\/2021\/03\/Konstituerandemote-2021.pdf\"><span style=\"color: #0000ff\">Konstituerandem\u00f6te 2021<\/span><\/a><br \/>\n<a href=\"https:\/\/krets.jagareforbundet.se\/norrasormland\/files\/2021\/01\/Konstituerandemote-2020.pdf\"><span style=\"color: #0000ff\">Konstituerandem\u00f6te 2020<\/span><\/a><br \/>\n<span style=\"color: #0000ff\"><a style=\"color: #0000ff\" href=\"https:\/\/krets.jagareforbundet.se\/norrasormland\/files\/2019\/07\/Konstituerandem\u00f6te-2019.pdf\">Konstituerandem\u00f6te 2019<\/a><\/span><br \/>\n<span style=\"color: #0000ff\"><a style=\"color: #0000ff\" href=\"https:\/\/krets.jagareforbundet.se\/norrasormland\/files\/2018\/03\/konstituerandemote-2018.pdf\">Konstituerandem\u00f6te 2018<\/a><\/span><br \/>\n<span style=\"color: #0000ff\"><a style=\"color: #0000ff\" href=\"https:\/\/krets.jagareforbundet.se\/norrasormland\/files\/2013\/12\/konstituerandemote-2017.pdf\">Konstituerandem\u00f6te 2017<\/a><\/span><br \/>\n<span style=\"color: #0000ff\"> <a style=\"color: #0000ff\" href=\"https:\/\/krets.jagareforbundet.se\/norrasormland\/files\/2016\/06\/konstituerandemote-2016.pdf\">Konstituerandem\u00f6te 2016<\/a><\/span><br \/>\n<span style=\"color: #0000ff\"> <a style=\"color: #0000ff\" href=\"https:\/\/krets.jagareforbundet.se\/norrasormland\/files\/2013\/12\/Konstituerandem\u00f6te-2015.pdf\">Konstituerandem\u00f6te 2015<\/a><\/span><\/p>\n<p>&nbsp;<\/p>\n","protected":false},"excerpt":{"rendered":"<p>Styrdokument Stadgar f\u00f6r Norra S\u00f6rmlands JVK Stadge\u00e4ndringar \u00e5rsm\u00f6tet 2016 Verksamhetsber\u00e4ttelse 2025 Verksamhetsber\u00e4ttelse 2024 Verksamhetsber\u00e4ttelse 2023 Verksamhetsber\u00e4ttelse 2022 Verksamhetsber\u00e4ttelse 2021 Verksamhetsber\u00e4ttelse 2020 Verksamhetsber\u00e4ttelse 2019 Verksamhetsber\u00e4ttelse 2018 Verksamhetsber\u00e4ttelse 2017 Verksamhetsber\u00e4ttelse 2016 Verksamhetsber\u00e4ttelse 2015 Verksamhetsplan 2026 Verksamhetsplan 2025 Verksamhetsplan 2024 Verksamhetsplan 2023 Verksamhetsplan 2022 Verksamhetsplan 2021 Verksamhetsplan 2020 Verksamhetsplan\u00a02019 Verksamhetsplan 2018 Verksamhetsplan 2017\u00a0 Verksamhetsplan 2016 Protokoll \u00e5rsm\u00f6ten \u00c5rsm\u00f6tesprotokoll [&hellip;]<\/p>\n","protected":false},"author":141,"featured_media":0,"parent":0,"menu_order":0,"comment_status":"open","ping_status":"open","template":"","meta":{"footnotes":""},"class_list":["post-43","page","type-page","status-publish","hentry"],"_links":{"self":[{"href":"https:\/\/krets.jagareforbundet.se\/norrasormland\/wp-json\/wp\/v2\/pages\/43","targetHints":{"allow":["GET"]}}],"collection":[{"href":"https:\/\/krets.jagareforbundet.se\/norrasormland\/wp-json\/wp\/v2\/pages"}],"about":[{"href":"https:\/\/krets.jagareforbundet.se\/norrasormland\/wp-json\/wp\/v2\/types\/page"}],"author":[{"embeddable":true,"href":"https:\/\/krets.jagareforbundet.se\/norrasormland\/wp-json\/wp\/v2\/users\/141"}],"replies":[{"embeddable":true,"href":"https:\/\/krets.jagareforbundet.se\/norrasormland\/wp-json\/wp\/v2\/comments?post=43"}],"version-history":[{"count":3,"href":"https:\/\/krets.jagareforbundet.se\/norrasormland\/wp-json\/wp\/v2\/pages\/43\/revisions"}],"predecessor-version":[{"id":935,"href":"https:\/\/krets.jagareforbundet.se\/norrasormland\/wp-json\/wp\/v2\/pages\/43\/revisions\/935"}],"wp:attachment":[{"href":"https:\/\/krets.jagareforbundet.se\/norrasormland\/wp-json\/wp\/v2\/media?parent=43"}],"curies":[{"name":"wp","href":"https:\/\/api.w.org\/{rel}","templated":true}]}}