{"id":149,"date":"2014-05-13T10:44:17","date_gmt":"2014-05-13T08:44:17","guid":{"rendered":"https:\/\/krets.jagareforbundet.se\/vallentunataby\/?page_id=149"},"modified":"2026-04-30T11:01:37","modified_gmt":"2026-04-30T09:01:37","slug":"jaqt","status":"publish","type":"page","link":"https:\/\/krets.jagareforbundet.se\/norrort\/jaqt\/","title":{"rendered":"JAQT"},"content":{"rendered":"<h1>JAGANDE AKTIVA KVINNOR<\/h1>\n<p class=\"intro\"><div class=\"twocol-one\"> JAQT &#8211; Jagande Aktiva Kvinnor i Tiden, \u00e4r J\u00e4garef\u00f6rbundets kvinnliga n\u00e4tverk. M\u00e5ls\u00e4ttningen med JAQT \u00e4r att vi ska bli fler j\u00e4gare i Sverige, att \u00f6ka acceptansen f\u00f6r kvinnliga j\u00e4gare, hj\u00e4lpa nya kvinnliga j\u00e4gare samt att kvinnor och m\u00e4n ska jaga tillsammans. (L\u00e4s mer om n\u00e4tverkets syfte <a href=\"https:\/\/jagareforbundet.se\/jakt\/jaqt\/\">H\u00c4R<\/a>)<\/p>\n<h2 class=\"intro\">JAQT Norrort<\/h2>\n<p class=\"intro\">Kontakta v\u00e5r <a href=\"https:\/\/krets.jagareforbundet.se\/norrort\/styrelsen\/\">JAQT-ansvarige <\/a>om du vill veta mer om JAQT&#8217;s aktiviteter i Vallentuna, T\u00e4by, Danderyd och Sigtuna &#8211; \u00f6ster om E4.<\/p>\n<p class=\"intro\"><\/div> <div class=\"twocol-one last\"><a href=\"https:\/\/krets.jagareforbundet.se\/vallentunataby\/files\/2014\/05\/kvinnl_jagare_near_high_johanna_thornqvist.jpg\"><img loading=\"lazy\" decoding=\"async\" class=\"alignnone size-medium wp-image-187\" src=\"https:\/\/krets.jagareforbundet.se\/vallentunataby\/files\/2014\/05\/kvinnl_jagare_near_high_johanna_thornqvist-300x224.jpg\" alt=\"kvinnl_jagare_near_high_johanna_thornqvist\" width=\"300\" height=\"224\" srcset=\"https:\/\/krets.jagareforbundet.se\/norrort\/files\/2014\/05\/kvinnl_jagare_near_high_johanna_thornqvist-300x224.jpg 300w, https:\/\/krets.jagareforbundet.se\/norrort\/files\/2014\/05\/kvinnl_jagare_near_high_johanna_thornqvist.jpg 700w\" sizes=\"auto, (max-width: 300px) 100vw, 300px\" \/><br \/>\n<\/a><em>Foto: Johanna Th\u00f6rnqvist<\/em> <\/div><div class=\"clear\"><\/div><\/p>\n<h3>Aktiviteter<\/h3>\n<p>H\u00e5ll utkik efter aktiviteter i v\u00e5ra sociala medier, samt i v\u00e5r <a href=\"https:\/\/krets.jagareforbundet.se\/norrort\/evenemang\/\">evenemangskalender<\/a>!<\/p>\n","protected":false},"excerpt":{"rendered":"<p>JAGANDE AKTIVA KVINNOR Aktiviteter H\u00e5ll utkik efter aktiviteter i v\u00e5ra sociala medier, samt i v\u00e5r evenemangskalender!<\/p>\n","protected":false},"author":136,"featured_media":0,"parent":0,"menu_order":6,"comment_status":"open","ping_status":"closed","template":"","meta":{"footnotes":""},"class_list":["post-149","page","type-page","status-publish","hentry"],"_links":{"self":[{"href":"https:\/\/krets.jagareforbundet.se\/norrort\/wp-json\/wp\/v2\/pages\/149","targetHints":{"allow":["GET"]}}],"collection":[{"href":"https:\/\/krets.jagareforbundet.se\/norrort\/wp-json\/wp\/v2\/pages"}],"about":[{"href":"https:\/\/krets.jagareforbundet.se\/norrort\/wp-json\/wp\/v2\/types\/page"}],"author":[{"embeddable":true,"href":"https:\/\/krets.jagareforbundet.se\/norrort\/wp-json\/wp\/v2\/users\/136"}],"replies":[{"embeddable":true,"href":"https:\/\/krets.jagareforbundet.se\/norrort\/wp-json\/wp\/v2\/comments?post=149"}],"version-history":[{"count":3,"href":"https:\/\/krets.jagareforbundet.se\/norrort\/wp-json\/wp\/v2\/pages\/149\/revisions"}],"predecessor-version":[{"id":1541,"href":"https:\/\/krets.jagareforbundet.se\/norrort\/wp-json\/wp\/v2\/pages\/149\/revisions\/1541"}],"wp:attachment":[{"href":"https:\/\/krets.jagareforbundet.se\/norrort\/wp-json\/wp\/v2\/media?parent=149"}],"curies":[{"name":"wp","href":"https:\/\/api.w.org\/{rel}","templated":true}]}}