{"id":155,"date":"2014-10-01T10:22:10","date_gmt":"2014-10-01T08:22:10","guid":{"rendered":"https:\/\/krets.jagareforbundet.se\/vallentunataby\/?page_id=155"},"modified":"2026-04-30T11:01:31","modified_gmt":"2026-04-30T09:01:31","slug":"ungdom","status":"publish","type":"page","link":"https:\/\/krets.jagareforbundet.se\/norrort\/ungdom\/","title":{"rendered":"Ungdom"},"content":{"rendered":"<h3>Vill du veta mer om Norrort Ungdomsgrupp?<\/h3>\n<p>\u00c4r du mellan 13-25\u00e5r? Kontakta Ungdomsansvarig. Uppgifter hittar du <a href=\"https:\/\/krets.jagareforbundet.se\/norrort\/styrelsen\/\">h\u00e4r<\/a>:<\/p>\n<p>Vi kommer att anordna ungdomsskytte, fadderjakter och andra aktiviteter!<\/p>\n<p>&nbsp;<\/p>\n<h3>Unga J\u00e4gare<\/h3>\n<p style=\"margin: 0cm 0cm 0pt\">Unga J\u00e4gare \u00e4r ett n\u00e4tverk med kurser och praktiskt tr\u00e4ning inom viltv\u00e5rd och jakt f\u00f6r J\u00e4garef\u00f6rbundets ungdomar i Stockholm l\u00e4n. <a href=\"https:\/\/www.facebook.com\/ungajagaresthlm\/\">Facebookgrupp<\/a>:<\/p>\n<h3>Sugen p\u00e5 j\u00e4garexamen?<\/h3>\n<p>Anm\u00e4l ditt intresse h\u00e4r: norrort@abkrets.se<\/p>\n","protected":false},"excerpt":{"rendered":"<p>Vill du veta mer om Norrort Ungdomsgrupp? \u00c4r du mellan 13-25\u00e5r? Kontakta Ungdomsansvarig. Uppgifter hittar du h\u00e4r: Vi kommer att anordna ungdomsskytte, fadderjakter och andra aktiviteter! &nbsp; Unga J\u00e4gare Unga J\u00e4gare \u00e4r ett n\u00e4tverk med kurser och praktiskt tr\u00e4ning inom viltv\u00e5rd och jakt f\u00f6r J\u00e4garef\u00f6rbundets ungdomar i Stockholm l\u00e4n. Facebookgrupp: Sugen p\u00e5 j\u00e4garexamen? Anm\u00e4l ditt [&hellip;]<\/p>\n","protected":false},"author":136,"featured_media":0,"parent":0,"menu_order":5,"comment_status":"open","ping_status":"closed","template":"","meta":{"footnotes":""},"class_list":["post-155","page","type-page","status-publish","hentry"],"_links":{"self":[{"href":"https:\/\/krets.jagareforbundet.se\/norrort\/wp-json\/wp\/v2\/pages\/155","targetHints":{"allow":["GET"]}}],"collection":[{"href":"https:\/\/krets.jagareforbundet.se\/norrort\/wp-json\/wp\/v2\/pages"}],"about":[{"href":"https:\/\/krets.jagareforbundet.se\/norrort\/wp-json\/wp\/v2\/types\/page"}],"author":[{"embeddable":true,"href":"https:\/\/krets.jagareforbundet.se\/norrort\/wp-json\/wp\/v2\/users\/136"}],"replies":[{"embeddable":true,"href":"https:\/\/krets.jagareforbundet.se\/norrort\/wp-json\/wp\/v2\/comments?post=155"}],"version-history":[{"count":3,"href":"https:\/\/krets.jagareforbundet.se\/norrort\/wp-json\/wp\/v2\/pages\/155\/revisions"}],"predecessor-version":[{"id":1540,"href":"https:\/\/krets.jagareforbundet.se\/norrort\/wp-json\/wp\/v2\/pages\/155\/revisions\/1540"}],"wp:attachment":[{"href":"https:\/\/krets.jagareforbundet.se\/norrort\/wp-json\/wp\/v2\/media?parent=155"}],"curies":[{"name":"wp","href":"https:\/\/api.w.org\/{rel}","templated":true}]}}