{"id":1591,"date":"2026-04-30T14:52:54","date_gmt":"2026-04-30T12:52:54","guid":{"rendered":"https:\/\/krets.jagareforbundet.se\/norrort\/?page_id=1591"},"modified":"2026-04-30T15:18:41","modified_gmt":"2026-04-30T13:18:41","slug":"motion","status":"publish","type":"page","link":"https:\/\/krets.jagareforbundet.se\/norrort\/motion\/","title":{"rendered":"Skriv en Motion"},"content":{"rendered":"<h1>P\u00e5verka! Skriv en motion!<\/h1>\n<p>H\u00e4r laddar du ner texten: <a href=\"https:\/\/krets.jagareforbundet.se\/norrort\/files\/2026\/04\/sa_skriver_du_en_motion_2022.pdf\">sa_skriver_du_en_motion<\/a><\/p>\n<h2>Vad \u00e4r en motion?<\/h2>\n<h4>En motion \u00e4r ett formellt f\u00f6rslag i ett \u00e4mne som \u00e4r av principiell betydelse eller som ang\u00e5r en vidare krets av medlemmar. En motion kan r\u00f6ra f\u00f6rh\u00e5llanden som \u00e4r aktuella enbart f\u00f6r en jaktv\u00e5rdskrets eller f\u00f6r en l\u00e4nsjaktv\u00e5rdsf\u00f6rening men en motion kan ocks\u00e5 ta upp fr\u00e5gor som r\u00f6r hela landet och som b\u00f6r behandlas p\u00e5 Svenska J\u00e4garef\u00f6rbundets \u00e5rsst\u00e4mma.<\/h4>\n<h2>Vem kan skriva en motion?<\/h2>\n<h4>Alla medlemmar i Svenska J\u00e4garef\u00f6rbundet har r\u00e4tt att skriva motioner. \u00c4ven en jaktv\u00e5rdskrets kan efter f\u00f6rslag fr\u00e5n styrelsen p\u00e5 \u00e5rsm\u00f6tet besluta om motioner till l\u00e4nsjaktv\u00e5rdsf\u00f6reningens \u00e5rsst\u00e4mma och en l\u00e4nsjaktv\u00e5rdsf\u00f6rening kan efter f\u00f6rslag fr\u00e5n styrelsen p\u00e5 l\u00e4nsjaktv\u00e5rdsf\u00f6reningens \u00e5rsst\u00e4mma besluta om motioner till Svenska J\u00e4garef\u00f6rbundets \u00e5rsst\u00e4mma. N\u00e4r f\u00f6rbundsstyrelsen l\u00e4mnar f\u00f6rslag till Svenska J\u00e4garef\u00f6rbundets \u00e5rsst\u00e4mma kallas de propositioner.<\/h4>\n<h2>Hur behandlas motioner?<\/h2>\n<h4>En enskild medlems motion som enbart r\u00f6r <em>f\u00f6rh\u00e5llanden inom en viss jaktv\u00e5rdskrets<\/em> behandlas vid den jaktv\u00e5rdskretsens \u00e5rsm\u00f6te. Styrelsen f\u00f6r jaktv\u00e5rdskretsen har f\u00f6re st\u00e4mman g\u00e5tt igenom motionen och f\u00f6resl\u00e5r \u00e5rsm\u00f6tet att anta eller avsl\u00e5 motionen. Jaktv\u00e5rdskretsens \u00e5rsm\u00f6te beslutar sedan om att avsl\u00e5 eller bifalla den.<\/h4>\n<h4>En enskild medlems motion som r\u00f6r <em>f\u00f6rh\u00e5llanden inom en viss l\u00e4nsjaktv\u00e5rdsf\u00f6rening<\/em> l\u00e4mnas in till jaktv\u00e5rdskretsen, vars styrelse g\u00e5r igenom den och yttrar sig huruvida den b\u00f6r tillstyrkas eller avstyrkas. Den behandlas sedan av jaktv\u00e5rdskretsens \u00e5rsm\u00f6te som antingen kan tillstyrka eller avstyrka motionen. En s\u00e5dan motion ska <em>alltid<\/em> l\u00e4mnas vidare till l\u00e4nsjaktv\u00e5rdsf\u00f6reningen med ett yttrande om tillstyrkande eller avstyrkande. En jaktv\u00e5rdskrets f\u00e5r inte avsl\u00e5 s\u00e5dana motioner. Motionen j\u00e4mte jaktv\u00e5rdskretsens \u00e5rsm\u00f6tes yttrande s\u00e4nds sedan \u00f6ver till l\u00e4nsjaktv\u00e5rdsf\u00f6reningen f\u00f6r behandling. L\u00e4nsjaktv\u00e5rdsf\u00f6reningens styrelse g\u00e5r igenom motionen, yttrar sig \u00f6ver den och f\u00f6resl\u00e5r l\u00e4nsjaktv\u00e5rdsf\u00f6reningens \u00e5rsst\u00e4mma att antingen besluta att anta eller avsl\u00e5 motionen. En organisation med r\u00f6str\u00e4tt p\u00e5 l\u00e4nsjaktv\u00e5rdsf\u00f6reningens st\u00e4mma kan ocks\u00e5 l\u00e4mna in en motion direkt till l\u00e4nsjaktv\u00e5rdsf\u00f6reningen. Dessa motioner behandlas p\u00e5 samma s\u00e4tt av l\u00e4nsjaktv\u00e5rdsf\u00f6reningens styrelse. L\u00e4nsjaktv\u00e5rdsf\u00f6reningens st\u00e4mma beslutar sedan om motionen ska antas eller avsl\u00e5s.<\/h4>\n<h4>En motion som har <em>principiell betydelse<\/em> eller som r\u00f6r flera l\u00e4nsjaktv\u00e5rdsf\u00f6reningar behandlas p\u00e5 samma s\u00e4tt fram till dess l\u00e4nsjaktv\u00e5rdsf\u00f6reningens st\u00e4mma har fattat beslut om den. Vid avslag stannar \u00e4rendet d\u00e4r. Om en motion blir antagen av l\u00e4nsjaktv\u00e5rdsf\u00f6reningens st\u00e4mma skickas den d\u00e4remot vidare till Svenska J\u00e4garef\u00f6rbundet, d\u00e4r f\u00f6rbundsstyrelsen yttrar sig \u00f6ver motionen och ger f\u00f6rslag till beslut vid Svenska J\u00e4garef\u00f6rbundets \u00e5rsst\u00e4mma. Det kan h\u00e4nda att l\u00e4nsjaktv\u00e5rdsf\u00f6reningens \u00e5rsst\u00e4mma endast vill st\u00e4lla sig bakom en del av f\u00f6rslagen i motionen eller vill justera yrkandet i motionen p\u00e5 ett eller annat s\u00e4tt. I s\u00e5 fall kommer endast den lydelse som l\u00e4nsjaktv\u00e5rdsf\u00f6reningens \u00e5rsst\u00e4mma har antagit att komma under behandling av Svenska J\u00e4garef\u00f6rbundets \u00e5rsst\u00e4mma.<\/h4>\n<h2>N\u00e4r ska en motion senast l\u00e4mnas in?<\/h2>\n<h4>En motion ska l\u00e4mnas in till jaktv\u00e5rdskretsen senast den 31 december f\u00f6r att den ska kunna behandlas under v\u00e5rens \u00e5rsm\u00f6ten och st\u00e4mmor. En motion som har behandlats av krets\u00e5rsm\u00f6tet eller som st\u00e4lls direkt till l\u00e4nsjaktv\u00e5rdsf\u00f6reningen ska ha kommit in till l\u00e4nsjaktv\u00e5rdsf\u00f6reningen senast den 6 mars. En motion som har antagits av l\u00e4nsjaktv\u00e5rdsf\u00f6reningens st\u00e4mma ska skickas till Svenska J\u00e4garef\u00f6rbundet inom fem dagar fr\u00e5n l\u00e4nsjaktv\u00e5rdsf\u00f6reningens st\u00e4mma (f\u00f6rbundsstyrelsen kan best\u00e4mma en annan tidpunkt).<\/h4>\n","protected":false},"excerpt":{"rendered":"<p>P\u00e5verka! Skriv en motion! H\u00e4r laddar du ner texten: sa_skriver_du_en_motion Vad \u00e4r en motion? En motion \u00e4r ett formellt f\u00f6rslag i ett \u00e4mne som \u00e4r av principiell betydelse eller som ang\u00e5r en vidare krets av medlemmar. En motion kan r\u00f6ra f\u00f6rh\u00e5llanden som \u00e4r aktuella enbart f\u00f6r en jaktv\u00e5rdskrets eller f\u00f6r en l\u00e4nsjaktv\u00e5rdsf\u00f6rening men en motion [&hellip;]<\/p>\n","protected":false},"author":136,"featured_media":0,"parent":0,"menu_order":9,"comment_status":"closed","ping_status":"closed","template":"","meta":{"footnotes":""},"class_list":["post-1591","page","type-page","status-publish","hentry"],"_links":{"self":[{"href":"https:\/\/krets.jagareforbundet.se\/norrort\/wp-json\/wp\/v2\/pages\/1591","targetHints":{"allow":["GET"]}}],"collection":[{"href":"https:\/\/krets.jagareforbundet.se\/norrort\/wp-json\/wp\/v2\/pages"}],"about":[{"href":"https:\/\/krets.jagareforbundet.se\/norrort\/wp-json\/wp\/v2\/types\/page"}],"author":[{"embeddable":true,"href":"https:\/\/krets.jagareforbundet.se\/norrort\/wp-json\/wp\/v2\/users\/136"}],"replies":[{"embeddable":true,"href":"https:\/\/krets.jagareforbundet.se\/norrort\/wp-json\/wp\/v2\/comments?post=1591"}],"version-history":[{"count":3,"href":"https:\/\/krets.jagareforbundet.se\/norrort\/wp-json\/wp\/v2\/pages\/1591\/revisions"}],"predecessor-version":[{"id":1603,"href":"https:\/\/krets.jagareforbundet.se\/norrort\/wp-json\/wp\/v2\/pages\/1591\/revisions\/1603"}],"wp:attachment":[{"href":"https:\/\/krets.jagareforbundet.se\/norrort\/wp-json\/wp\/v2\/media?parent=1591"}],"curies":[{"name":"wp","href":"https:\/\/api.w.org\/{rel}","templated":true}]}}