{"id":175,"date":"2015-03-04T12:27:58","date_gmt":"2015-03-04T11:27:58","guid":{"rendered":"https:\/\/krets.jagareforbundet.se\/vallentunataby\/?page_id=175"},"modified":"2026-05-05T16:57:08","modified_gmt":"2026-05-05T14:57:08","slug":"styrelsen","status":"publish","type":"page","link":"https:\/\/krets.jagareforbundet.se\/norrort\/styrelsen\/","title":{"rendered":"Styrelsen"},"content":{"rendered":"<h2>Vi i styrelsen best\u00e5r av f\u00f6ljande ledam\u00f6ter och suppleanter.<\/h2>\n<h4><em>Tveka inte med att kontakta oss om du kan bidra, eller har betydelsefulla insikter som kan komma till nytta f\u00f6r kretsen.<\/em><\/h4>\n<h3>Ordinarie ledam\u00f6ter<\/h3>\n<p><strong>Ordf\u00f6rande:\u00a0<\/strong>Johanna Green &#8211; <a href=\"mailto:johanna.m.green@gmail.com\">johanna.m.green@gmail.com<\/a> &#8211; Mobil: 0733-301044<\/p>\n<p><strong>Vice ordf\u00f6rande\/ Utbildningsansvarig: <\/strong>Kjell \u00c5kerstr\u00f6m &#8211; <a href=\"mailto:el-bygghiss@telia.com\">el-bygghiss@telia.com<\/a><\/p>\n<p><strong>Social media ansvarig:<\/strong> Fredrik Lindahl &#8211; <a href=\"mailto:fredrik@liconab.se\">fredrik@liconab.se<\/a><\/p>\n<p><strong>Hundansvarig\/ Rovdjursansvarig:<\/strong> Chris Sundstr\u00f6m &#8211; <a href=\"mailto:chris@jakthundsbutiken.se\">chris@jakthundsbutiken.se<\/a> &#8211; 0707-201355<br \/>\n<span style=\"color: #ff0000\">OBS!<\/span> F\u00f6r fr\u00e5gor kring varg, bj\u00f6rn och lodjur, Telefon: 0771-830300<br \/>\n<a href=\"https:\/\/jagareforbundet.se\/jakt\/viltslag\/jakt-pa-rovdjur\/jagarregistrering-nar-du-ska-jaga-rovdjur\/\">https:\/\/jagareforbundet.se\/jakt\/viltslag\/jakt-pa-rovdjur\/jagarregistrering-nar-du-ska-jaga-rovdjur\/<\/a><\/p>\n<p><strong>Ungdomsansvarig\/ JAQT-ansvarig, samt Ny medlemsansvarig: <\/strong>Carolina W\u00e4rn &#8211; <a href=\"mailto:waern.carolina@gmail.com\">waern.carolina@gmail.com<\/a><\/p>\n<p><strong>Skytteansvarig:<\/strong> Sasha Krogius &#8211; <a href=\"mailto:coach.krogius@gmail.com\">coach.krogius@gmail.com<\/a> &#8211; Mobil: 0700-913830<\/p>\n<p><strong>NVR-ansvarig:<\/strong> Anders Brismo<\/p>\n<p><strong>Sekreterare: <\/strong>Johan Winberg &#8211; <a href=\"mailto:johan@winbergs.eu\">johan@winbergs.eu<\/a> &#8211; Mobil: 070-6492500<\/p>\n<p><strong>Kass\u00f6r: <\/strong>Maria Zetterlund<\/p>\n<h3><strong>Suppleanter: <\/strong><\/h3>\n<p>Per-Erik \u00c5lund, Sasha Krogius<\/p>\n<h3><strong>Valberedning Sammankallande:<\/strong><\/h3>\n","protected":false},"excerpt":{"rendered":"<p>Vi i styrelsen best\u00e5r av f\u00f6ljande ledam\u00f6ter och suppleanter. Tveka inte med att kontakta oss om du kan bidra, eller har betydelsefulla insikter som kan komma till nytta f\u00f6r kretsen. Ordinarie ledam\u00f6ter Ordf\u00f6rande:\u00a0Johanna Green &#8211; johanna.m.green@gmail.com &#8211; Mobil: 0733-301044 Vice ordf\u00f6rande\/ Utbildningsansvarig: Kjell \u00c5kerstr\u00f6m &#8211; el-bygghiss@telia.com Social media ansvarig: Fredrik Lindahl &#8211; fredrik@liconab.se Hundansvarig\/ Rovdjursansvarig: [&hellip;]<\/p>\n","protected":false},"author":136,"featured_media":0,"parent":0,"menu_order":8,"comment_status":"open","ping_status":"closed","template":"","meta":{"footnotes":""},"class_list":["post-175","page","type-page","status-publish","hentry"],"_links":{"self":[{"href":"https:\/\/krets.jagareforbundet.se\/norrort\/wp-json\/wp\/v2\/pages\/175","targetHints":{"allow":["GET"]}}],"collection":[{"href":"https:\/\/krets.jagareforbundet.se\/norrort\/wp-json\/wp\/v2\/pages"}],"about":[{"href":"https:\/\/krets.jagareforbundet.se\/norrort\/wp-json\/wp\/v2\/types\/page"}],"author":[{"embeddable":true,"href":"https:\/\/krets.jagareforbundet.se\/norrort\/wp-json\/wp\/v2\/users\/136"}],"replies":[{"embeddable":true,"href":"https:\/\/krets.jagareforbundet.se\/norrort\/wp-json\/wp\/v2\/comments?post=175"}],"version-history":[{"count":3,"href":"https:\/\/krets.jagareforbundet.se\/norrort\/wp-json\/wp\/v2\/pages\/175\/revisions"}],"predecessor-version":[{"id":1606,"href":"https:\/\/krets.jagareforbundet.se\/norrort\/wp-json\/wp\/v2\/pages\/175\/revisions\/1606"}],"wp:attachment":[{"href":"https:\/\/krets.jagareforbundet.se\/norrort\/wp-json\/wp\/v2\/media?parent=175"}],"curies":[{"name":"wp","href":"https:\/\/api.w.org\/{rel}","templated":true}]}}