{"id":177,"date":"2015-03-04T12:34:43","date_gmt":"2015-03-04T11:34:43","guid":{"rendered":"https:\/\/krets.jagareforbundet.se\/vallentunataby\/?page_id=177"},"modified":"2026-04-30T14:54:37","modified_gmt":"2026-04-30T12:54:37","slug":"medlemskap","status":"publish","type":"page","link":"https:\/\/krets.jagareforbundet.se\/norrort\/medlemskap\/","title":{"rendered":"Medlemskap"},"content":{"rendered":"<p><a href=\"https:\/\/krets.jagareforbundet.se\/vallentunataby\/files\/2015\/03\/3algar.jpg\"><img loading=\"lazy\" decoding=\"async\" class=\"wp-image-191 size-full alignnone\" src=\"https:\/\/krets.jagareforbundet.se\/norrort\/files\/2015\/03\/3algar.jpg\" alt=\"3 \u00e4lgar\" width=\"700\" height=\"426\" srcset=\"https:\/\/krets.jagareforbundet.se\/norrort\/files\/2015\/03\/3algar.jpg 700w, https:\/\/krets.jagareforbundet.se\/norrort\/files\/2015\/03\/3algar-300x183.jpg 300w\" sizes=\"auto, (max-width: 700px) 100vw, 700px\" \/><\/a><\/p>\n<p><em>Foto: Hans Ring<\/em><em>\u00a0<\/em>[\/twocol_one_last]<\/p>\n<h2><strong>Medlemsf\u00f6rm\u00e5ner\u00a0<\/strong><\/h2>\n<p>Genom ditt medlemskap i Svenska j\u00e4garef\u00f6rbundet f\u00e5r du en m\u00e4ngd f\u00f6rm\u00e5ner bl.a. v\u00e4rdefulla f\u00f6rs\u00e4kringar, tidningen Svensk Jakt och Svensk Jakt Nyheter ing\u00e5r man i en organisation med gemensamma intressen att bevaka. Ju fler medlemmar vi blir i J\u00e4garef\u00f6rbundet ju st\u00f6rre m\u00f6jligheter har vi att p\u00e5verka beslutsfattarna och ju st\u00f6rre m\u00f6jligheter har vi att anst\u00e4lla specialister som bevakar jaktintressena och ger service till medlemmarna.<\/p>\n<p><strong>Delar av din medlemsavgift g\u00e5r till att st\u00f6dja din egna krets arbete och aktiviteter.<\/strong><br \/>\nN\u00e4r du \u00e4r medlem i Norrorts jaktv\u00e5rdskrets f\u00e5r du delta i kretsens subventionerade aktiviteter, t.ex. skytte-event, jakter m.m<strong>.\u00a0<\/strong><\/p>\n<h3>Skyttetr\u00e4ningar<\/h3>\n<p><em>Vi arrangerar skyttetr\u00e4ningar, b\u00e5de utomhus p\u00e5 n\u00e5gon av <a href=\"https:\/\/krets.jagareforbundet.se\/norrort\/skytte-skjutbanor-skyttetraning\/\">skyttebanorna, eller i skyttebiografen<\/a> och tr\u00e4nar v\u00e5rt skytte. Norrorts Jaktv\u00e5rdskrets subventionerar p\u00e5 olika s\u00e4tt, bland annat med mat och dryck, eller rabatter f\u00f6r ungdomar.<br \/>\n<\/em><\/p>\n<h3>Hundtr\u00e4ningar<strong><a title=\"Kul- och hagelskyttedag p\u00e5 Ljuster\u00f6 Skyttecenter\" href=\"https:\/\/krets.jagareforbundet.se\/vallentunataby\/vad-hander-i-kretsen\/kul-och-hagelskyttedag\/\"><br \/>\n<\/a><\/strong><\/h3>\n<p><em>\u00c4ven hundarna m\u00e5ste h\u00e5llas i trim. Norrorts Jaktv\u00e5rdskrets arrangerar KM i Efters\u00f6k, samt subventionerade hundtr\u00e4ningar i vilth\u00e4gnen p\u00e5 Almunge Hundcenter samt f\u00f6rel\u00e4sningar och individanpassad hundtr\u00e4ning.\u00a0<\/em><\/p>\n<h3>Ungdom<strong><a title=\"Kul- och hagelskyttedag p\u00e5 Ljuster\u00f6 Skyttecenter\" href=\"https:\/\/krets.jagareforbundet.se\/vallentunataby\/vad-hander-i-kretsen\/kul-och-hagelskyttedag\/\"><br \/>\n<\/a><\/strong><\/h3>\n<p><em>F\u00f6r <a href=\"https:\/\/krets.jagareforbundet.se\/norrort\/ungdom\/\">ungdomar och nya j\u00e4gare<\/a> arrangerar vi subventionerade prova-p\u00e5-jakter med p\u00e5f\u00f6ljande tillvaratagande av viltet.<br \/>\nF\u00f6lj oss g\u00e4rna i v\u00e5ra sociala medier p\u00e5 <a href=\"https:\/\/www.facebook.com\/groups\/jagareforbundetnorrort\">Facebook<\/a> och <a href=\"http:\/\/instagram.com\/jagareforbundet.norrort\/\">Instagram<\/a><\/em><\/p>\n<h3>J\u00e4garexamen<strong><a title=\"Kul- och hagelskyttedag p\u00e5 Ljuster\u00f6 Skyttecenter\" href=\"https:\/\/krets.jagareforbundet.se\/vallentunataby\/vad-hander-i-kretsen\/kul-och-hagelskyttedag\/\"><br \/>\n<\/a><\/strong><\/h3>\n<p><em>Under v\u00e5r och h\u00f6st arrangerar Norrorts Jaktv\u00e5rdskrets\u00a0 subventionerade kurser f\u00f6r j\u00e4garexamen, vid efterfr\u00e5gan. Maila: norrort@abkrets.se\u00a0<\/em><\/p>\n<h3><strong>F\u00f6r aktuella datum, kolla v\u00e5r\u00a0<a href=\"https:\/\/krets.jagareforbundet.se\/norrort\/evenemang\/\">Evenemangskalender\u00a0<\/a><\/strong><\/h3>\n<div class=\"woo-sc-hr\"><\/div>\n<h3>Nyhetsbrev<\/h3>\n<p>Registrera din e-post <a href=\"https:\/\/jagareforbundet.us11.list-manage.com\/subscribe?u=59e51077b96accbb7ed3a86f7&amp;id=f5f9267db7\">H\u00c4R<\/a> s\u00e5 f\u00e5r du uppdateringar, samt f\u00f6lj oss g\u00e4rna v\u00e5ra sociala medier i <a href=\"https:\/\/www.facebook.com\/groups\/jagareforbundetnorrort\">Facebook<\/a> och <a href=\"http:\/\/instagram.com\/jagareforbundet.norrort\/\">Instagram<\/a><\/p>\n<p><strong>HUR BLIR\u00a0JAG MEDLEM?<br \/>\n<\/strong>Enkelt, fyll i formul\u00e4ret\u00a0<strong><a href=\"https:\/\/medlem.jagareforbundet.se\/blimedlem\" target=\"_blank\" rel=\"noopener\">H\u00c4R <\/a><\/strong>Ett tips \u00e4r att anm\u00e4la Autogiro<\/p>\n<p><strong>\u00c4r du redan medlem i Norrort, fast beh\u00f6ver uppdatera dina uppgifter?<br \/>\n<\/strong>Uppdatera dina uppgifter p\u00e5 <a href=\"https:\/\/login.jagareforbundet.se\/Account\/Login?ReturnUrl=%2Fconnect%2Fauthorize%2Fcallback%3Fclient_id%3DMedlem%26redirect_uri%3Dhttps%253A%252F%252Fmedlem.jagareforbundet.se%252Fsignin-oidc%26response_type%3Dcode%26scope%3Dopenid%2520profile%2520email%2520roles%26code_challenge%3Db4hbfSlowk2ovrYeaYxqUnpB2J9uhyRjg8OGiGPi_AU%26code_challenge_method%3DS256%26response_mode%3Dform_post%26nonce%3D639131354487876101.ZDk4N2E0M2MtMjFlZS00NDc0LTlhYjQtZTZkOTk2ZGI2N2Y0YzFjMTI5NTctOWNmZi00OWMyLWE4OWUtYTFiNGE4ODY4MmZi%26state%3DCfDJ8Gd-KsdDG2FNqwYFPZK8mgnLBOgbEFKBUrpPUjfXuEIypfzDtpmE8O3Ybp0fsvwYappmbbS-jy4Br9CKk3NznGVxkM6ZCnvqCS74JYGwjYHl9vucpsQJzSAD_vKAr7flN3pZ2sS2YDScv0Y3qN0tI8LbTzbl2Jp-N-0wZ-doZox2qGlFNJ9QXcvNal2TnK1akYsEPXMpT5j4lPAAW3dRQhimPmtsLxILde2rKaWlvJSwcFYRyLRH8c4-KmGvLUxpEcQU57Pdvrtk3OUNPxs9UFGTMqKQM1N9dsP2yRzixvwLn_y5z6IlkG0DlNakHUgi1gSGSnhxILiMvWHsaqRBC-cqJdoSXcVdnJ6nvhagcJpegeUhjGf8GYln0gR8Joj2KA%26x-client-SKU%3DID_NETSTANDARD2_0%26x-client-ver%3D5.5.0.0\"><strong>MINA SIDOR<\/strong><\/a><\/p>\n<p><strong>\u00c4r du inte redan medlem i just Norrorts jaktv\u00e5rdskrets och vill byta till oss?<br \/>\n<\/strong>\u00c4ndra enkelt kretstillh\u00f6righet <a href=\"https:\/\/krets.jagareforbundet.se\/norrort\/medlemskap\/byta-kretstillhorighet\/\">H\u00c4R<\/a>, samt cc norrort@abkrets.se<\/p>\n<p><strong>Ladda enkelt ner ditt digitala medlemskort <\/strong><a href=\"https:\/\/jagareforbundet.se\/medlem\/ladda-ner-ditt-medlemskort-digitalt\/\">H\u00c4R<\/a><\/p>\n","protected":false},"excerpt":{"rendered":"<p>Foto: Hans Ring\u00a0[\/twocol_one_last] Medlemsf\u00f6rm\u00e5ner\u00a0 Genom ditt medlemskap i Svenska j\u00e4garef\u00f6rbundet f\u00e5r du en m\u00e4ngd f\u00f6rm\u00e5ner bl.a. v\u00e4rdefulla f\u00f6rs\u00e4kringar, tidningen Svensk Jakt och Svensk Jakt Nyheter ing\u00e5r man i en organisation med gemensamma intressen att bevaka. Ju fler medlemmar vi blir i J\u00e4garef\u00f6rbundet ju st\u00f6rre m\u00f6jligheter har vi att p\u00e5verka beslutsfattarna och ju st\u00f6rre m\u00f6jligheter har [&hellip;]<\/p>\n","protected":false},"author":136,"featured_media":0,"parent":0,"menu_order":10,"comment_status":"open","ping_status":"closed","template":"","meta":{"footnotes":""},"class_list":["post-177","page","type-page","status-publish","hentry"],"_links":{"self":[{"href":"https:\/\/krets.jagareforbundet.se\/norrort\/wp-json\/wp\/v2\/pages\/177","targetHints":{"allow":["GET"]}}],"collection":[{"href":"https:\/\/krets.jagareforbundet.se\/norrort\/wp-json\/wp\/v2\/pages"}],"about":[{"href":"https:\/\/krets.jagareforbundet.se\/norrort\/wp-json\/wp\/v2\/types\/page"}],"author":[{"embeddable":true,"href":"https:\/\/krets.jagareforbundet.se\/norrort\/wp-json\/wp\/v2\/users\/136"}],"replies":[{"embeddable":true,"href":"https:\/\/krets.jagareforbundet.se\/norrort\/wp-json\/wp\/v2\/comments?post=177"}],"version-history":[{"count":4,"href":"https:\/\/krets.jagareforbundet.se\/norrort\/wp-json\/wp\/v2\/pages\/177\/revisions"}],"predecessor-version":[{"id":1564,"href":"https:\/\/krets.jagareforbundet.se\/norrort\/wp-json\/wp\/v2\/pages\/177\/revisions\/1564"}],"wp:attachment":[{"href":"https:\/\/krets.jagareforbundet.se\/norrort\/wp-json\/wp\/v2\/media?parent=177"}],"curies":[{"name":"wp","href":"https:\/\/api.w.org\/{rel}","templated":true}]}}