{"id":2,"date":"2011-09-07T09:28:43","date_gmt":"2011-09-07T09:28:43","guid":{"rendered":"https:\/\/krets.jagareforbundet.se\/template\/?page_id=2"},"modified":"2026-03-06T14:30:23","modified_gmt":"2026-03-06T13:30:23","slug":"exempelsida","status":"publish","type":"page","link":"https:\/\/krets.jagareforbundet.se\/norrort\/","title":{"rendered":"Norrorts Jaktv\u00e5rdskrets"},"content":{"rendered":"<h3><a href=\"https:\/\/krets.jagareforbundet.se\/norrort\/files\/2024\/03\/sjf_gaevle_soedra-1.jpg\"><img loading=\"lazy\" decoding=\"async\" class=\"alignnone size-medium wp-image-1208\" src=\"https:\/\/krets.jagareforbundet.se\/norrort\/files\/2024\/03\/sjf_gaevle_soedra-1-300x108.jpg\" alt=\"\" width=\"300\" height=\"108\" srcset=\"https:\/\/krets.jagareforbundet.se\/norrort\/files\/2024\/03\/sjf_gaevle_soedra-1-300x108.jpg 300w, https:\/\/krets.jagareforbundet.se\/norrort\/files\/2024\/03\/sjf_gaevle_soedra-1-768x276.jpg 768w, https:\/\/krets.jagareforbundet.se\/norrort\/files\/2024\/03\/sjf_gaevle_soedra-1.jpg 800w\" sizes=\"auto, (max-width: 300px) 100vw, 300px\" \/><\/a><span style=\"color: #00ff00\">\u00a0 \u00a0 \u00a0 \u00a0 \u00a0<\/span>\u00a0 \u00a0\u00a0<a href=\"https:\/\/krets.jagareforbundet.se\/norrort\/files\/2021\/07\/image001.jpg\"><img loading=\"lazy\" decoding=\"async\" class=\"alignnone wp-image-775\" src=\"https:\/\/krets.jagareforbundet.se\/norrort\/files\/2021\/07\/image001-300x212.jpg\" alt=\"\" width=\"118\" height=\"83\" srcset=\"https:\/\/krets.jagareforbundet.se\/norrort\/files\/2021\/07\/image001-300x212.jpg 300w, https:\/\/krets.jagareforbundet.se\/norrort\/files\/2021\/07\/image001.jpg 544w\" sizes=\"auto, (max-width: 118px) 100vw, 118px\" \/><\/a>\u00a0 \u00a0 \u00a0 \u00a0 \u00a0 \u00a0<a href=\"https:\/\/krets.jagareforbundet.se\/norrort\/files\/2023\/05\/ladda-ned.png\"><img loading=\"lazy\" decoding=\"async\" class=\"alignnone wp-image-1073\" src=\"https:\/\/krets.jagareforbundet.se\/norrort\/files\/2023\/05\/ladda-ned.png\" alt=\"\" width=\"130\" height=\"73\" \/><\/a><\/h3>\n<h2><strong>Nyheter<\/strong><br \/>\nVallentuna &#8211; T\u00e4by &#8211; Danderyd &#8211; Sigtuna \u00d6ster<\/h2>\n<p>Norrorts Jaktv\u00e5rdskrets \u00e4r en lokal organisation inom Svenska J\u00e4garef\u00f6rbundet f\u00f6r kommunerna Vallentuna, T\u00e4by, Danderyd och Sigtuna \u00f6ster om E4:an. Kretsens uppgift \u00e4r att tillvarata medlemmarnas intressen, driva lokala jakt- och viltv\u00e5rdsfr\u00e5gor och organisera efters\u00f6k av trafikskadat vilt.<\/p>\n<p style=\"text-align: center\"><a href=\"https:\/\/krets.jagareforbundet.se\/norrort\/files\/2023\/01\/dreamstime_s_109171904.jpg\"><img loading=\"lazy\" decoding=\"async\" class=\"alignnone size-full wp-image-982\" src=\"https:\/\/krets.jagareforbundet.se\/norrort\/files\/2023\/01\/dreamstime_s_109171904.jpg\" alt=\"\" width=\"800\" height=\"532\" srcset=\"https:\/\/krets.jagareforbundet.se\/norrort\/files\/2023\/01\/dreamstime_s_109171904.jpg 800w, https:\/\/krets.jagareforbundet.se\/norrort\/files\/2023\/01\/dreamstime_s_109171904-300x200.jpg 300w, https:\/\/krets.jagareforbundet.se\/norrort\/files\/2023\/01\/dreamstime_s_109171904-768x511.jpg 768w\" sizes=\"auto, (max-width: 800px) 100vw, 800px\" \/><\/a><\/p>\n<h2><span style=\"color: #993366\">Vi planerar f\u00f6r fullt event, kurser och jakter! H\u00e5ll koll efter v\u00e5ra Nyhets-mail!<\/span><\/h2>\n<h2>Norrorts Jakt\/Event-kalender f\u00f6r 2026 publiceras snart!<\/h2>\n<h1><span style=\"color: #993366\"><a href=\"https:\/\/krets.jagareforbundet.se\/norrort\/files\/2021\/07\/image0021216.jpg\"><img loading=\"lazy\" decoding=\"async\" class=\"alignnone wp-image-776\" src=\"https:\/\/krets.jagareforbundet.se\/norrort\/files\/2021\/07\/image0021216-300x191.jpg\" alt=\"Foto: Almunge Hundcenter\" width=\"178\" height=\"113\" srcset=\"https:\/\/krets.jagareforbundet.se\/norrort\/files\/2021\/07\/image0021216-300x191.jpg 300w, https:\/\/krets.jagareforbundet.se\/norrort\/files\/2021\/07\/image0021216.jpg 512w\" sizes=\"auto, (max-width: 178px) 100vw, 178px\" \/><\/a><a href=\"https:\/\/krets.jagareforbundet.se\/norrort\/files\/2023\/03\/vildsvinsutb-28april.png\"><img loading=\"lazy\" decoding=\"async\" class=\"alignnone wp-image-1019\" src=\"https:\/\/krets.jagareforbundet.se\/norrort\/files\/2023\/03\/vildsvinsutb-28april-300x146.png\" alt=\"\" width=\"232\" height=\"113\" srcset=\"https:\/\/krets.jagareforbundet.se\/norrort\/files\/2023\/03\/vildsvinsutb-28april-300x146.png 300w, https:\/\/krets.jagareforbundet.se\/norrort\/files\/2023\/03\/vildsvinsutb-28april-768x374.png 768w, https:\/\/krets.jagareforbundet.se\/norrort\/files\/2023\/03\/vildsvinsutb-28april.png 1017w\" sizes=\"auto, (max-width: 232px) 100vw, 232px\" \/><\/a><a href=\"https:\/\/krets.jagareforbundet.se\/norrort\/files\/2018\/03\/skjutbio-5.jpg\"><img loading=\"lazy\" decoding=\"async\" class=\"alignnone wp-image-605\" src=\"https:\/\/krets.jagareforbundet.se\/norrort\/files\/2018\/03\/skjutbio-5-300x127.jpg\" alt=\"\" width=\"267\" height=\"113\" srcset=\"https:\/\/krets.jagareforbundet.se\/norrort\/files\/2018\/03\/skjutbio-5-300x127.jpg 300w, https:\/\/krets.jagareforbundet.se\/norrort\/files\/2018\/03\/skjutbio-5-768x326.jpg 768w, https:\/\/krets.jagareforbundet.se\/norrort\/files\/2018\/03\/skjutbio-5-1024x435.jpg 1024w\" sizes=\"auto, (max-width: 267px) 100vw, 267px\" \/><\/a><\/span><\/h1>\n<h1><span style=\"color: #993366\">Vilda Vallentuna &#8211; S\u00e4lj ert vilt till Vallentuna Kommun!<\/span><\/h1>\n<p>L\u00e5t barn och \u00e4ldre f\u00e5 vilt p\u00e5 bordet! Vilda Vallentuna forts\u00e4tter och d\u00e5 ink\u00f6pt vilt kommer serveras p\u00e5 kommunens skolor och \u00e4ldreboenden. L\u00e4s mer under <a href=\"https:\/\/krets.jagareforbundet.se\/norrort\/nyheter\/vilda-vallentuna-ar-i-gang-lat-barnen-fa-viltkott-pa-bordet\/\">Nyheter!<\/a><\/p>\n<p><a href=\"https:\/\/krets.jagareforbundet.se\/norrort\/files\/2022\/07\/korvkurs-2022.jpg\"><img loading=\"lazy\" decoding=\"async\" class=\"alignnone wp-image-910\" src=\"https:\/\/krets.jagareforbundet.se\/norrort\/files\/2022\/07\/korvkurs-2022-169x300.jpg\" alt=\"\" width=\"201\" height=\"357\" srcset=\"https:\/\/krets.jagareforbundet.se\/norrort\/files\/2022\/07\/korvkurs-2022-169x300.jpg 169w, https:\/\/krets.jagareforbundet.se\/norrort\/files\/2022\/07\/korvkurs-2022-576x1024.jpg 576w, https:\/\/krets.jagareforbundet.se\/norrort\/files\/2022\/07\/korvkurs-2022-768x1365.jpg 768w, https:\/\/krets.jagareforbundet.se\/norrort\/files\/2022\/07\/korvkurs-2022-864x1536.jpg 864w, https:\/\/krets.jagareforbundet.se\/norrort\/files\/2022\/07\/korvkurs-2022.jpg 1152w\" sizes=\"auto, (max-width: 201px) 100vw, 201px\" \/><\/a><a href=\"https:\/\/krets.jagareforbundet.se\/norrort\/files\/2024\/11\/vtuna-logo.png\">\u00a0 \u00a0 \u00a0 \u00a0 <img loading=\"lazy\" decoding=\"async\" class=\"alignnone wp-image-1276\" src=\"https:\/\/krets.jagareforbundet.se\/norrort\/files\/2024\/11\/vtuna-logo-300x150.png\" alt=\"\" width=\"340\" height=\"170\" srcset=\"https:\/\/krets.jagareforbundet.se\/norrort\/files\/2024\/11\/vtuna-logo-300x150.png 300w, https:\/\/krets.jagareforbundet.se\/norrort\/files\/2024\/11\/vtuna-logo.png 600w\" sizes=\"auto, (max-width: 340px) 100vw, 340px\" \/><\/a><\/p>\n<h1><span style=\"color: #993366\">Vill du s\u00e4lja vildsvinsk\u00f6tt? L\u00e4s mer under senaste nytt.<\/span><\/h1>\n<p><a href=\"https:\/\/krets.jagareforbundet.se\/norrort\/files\/2024\/10\/20023434-butcher-cutting-meat-by-colleague-in-butchery-scaled.jpg\"><img loading=\"lazy\" decoding=\"async\" class=\"size-medium wp-image-1262\" src=\"https:\/\/krets.jagareforbundet.se\/norrort\/files\/2024\/10\/20023434-butcher-cutting-meat-by-colleague-in-butchery-300x200.jpg\" alt=\"\" width=\"300\" height=\"200\" srcset=\"https:\/\/krets.jagareforbundet.se\/norrort\/files\/2024\/10\/20023434-butcher-cutting-meat-by-colleague-in-butchery-300x200.jpg 300w, https:\/\/krets.jagareforbundet.se\/norrort\/files\/2024\/10\/20023434-butcher-cutting-meat-by-colleague-in-butchery-1024x683.jpg 1024w, https:\/\/krets.jagareforbundet.se\/norrort\/files\/2024\/10\/20023434-butcher-cutting-meat-by-colleague-in-butchery-768x512.jpg 768w, https:\/\/krets.jagareforbundet.se\/norrort\/files\/2024\/10\/20023434-butcher-cutting-meat-by-colleague-in-butchery-1536x1024.jpg 1536w, https:\/\/krets.jagareforbundet.se\/norrort\/files\/2024\/10\/20023434-butcher-cutting-meat-by-colleague-in-butchery-2048x1365.jpg 2048w\" sizes=\"auto, (max-width: 300px) 100vw, 300px\" \/><\/a><\/p>\n<h1><span style=\"color: #993366\">Sett Lodjur p\u00e5 din viltkamera?<\/span><\/h1>\n<p><img decoding=\"async\" src=\"https:\/\/krets.jagareforbundet.se\/norrort\/files\/2018\/11\/1647127-lynx-300x200.jpg\" \/><\/p>\n<p>Vill du hj\u00e4lpa till med rovinventeringen med din viltkamera? L\u00e4s mer <a href=\"https:\/\/krets.jagareforbundet.se\/norrort\/files\/2024\/09\/Info-rovdjursinventering-2024-2025.pdf\">H\u00c4R!<\/a><\/p>\n<hr \/>\n<p><span class=\"s1\"><b><span style=\"font-size: 21.0pt\">Ung J\u00e4gare? &#8211; G\u00e5 med v\u00e5r ungdomsgrupp!<\/span><\/b><\/span><\/p>\n<p>Vi kommer att anordna ungdomsskytte, fadderjakter och andra aktiviteter. L\u00e4s mer <a href=\"https:\/\/krets.jagareforbundet.se\/norrort\/ungdom\/\">h\u00e4r!<\/a><\/p>\n<hr \/>\n<h3><strong>Klart du ska byta till oss!<\/strong><\/h3>\n<p><a href=\"https:\/\/krets.jagareforbundet.se\/norrort\/files\/2022\/07\/dreamstime_xs_180475492.jpg\"><img loading=\"lazy\" decoding=\"async\" class=\"alignnone wp-image-913\" src=\"https:\/\/krets.jagareforbundet.se\/norrort\/files\/2022\/07\/dreamstime_xs_180475492-300x153.jpg\" alt=\"\" width=\"353\" height=\"180\" srcset=\"https:\/\/krets.jagareforbundet.se\/norrort\/files\/2022\/07\/dreamstime_xs_180475492-300x153.jpg 300w, https:\/\/krets.jagareforbundet.se\/norrort\/files\/2022\/07\/dreamstime_xs_180475492.jpg 480w\" sizes=\"auto, (max-width: 353px) 100vw, 353px\" \/><\/a><\/p>\n<div class=\"woo-sc-box  normal  rounded full\">\n<p>Skicka en E-post till\u00a0<a href=\"mailto:medlem@jagareforbundet.se\">medlem@jagareforbundet.se<\/a> d\u00e4r du anger<br \/>\n&#8211; ditt <strong>namn<br \/>\n<\/strong>&#8211; ditt <strong>medlemsnummer<\/strong>\u00a0eller personnummer<br \/>\n&#8211; att du vill byta till <strong>Norrorts Jaktv\u00e5rdskrets<\/strong><\/p>\n<p>Du kan \u00e4ven ringa <strong>020-22 00 10<\/strong> och prata med v\u00e5r medlemsavdelning<\/div>\n<p>Delar av din medlemsavgift g\u00e5r till att st\u00f6dja kretsens arbete och aktiviteter. Du m\u00e5ste vara knuten till v\u00e5r krets f\u00f6r att f\u00e5 delta vid vissa av kretsens subventionerade aktiviteter, t.ex. skytte-event, jakter m.m<strong>.\u00a0<\/strong><\/p>\n<h3>Prenumerera p\u00e5 v\u00e5rt nyhetsbrev<\/h3>\n<p><a href=\"https:\/\/krets.jagareforbundet.se\/norrort\/files\/2022\/07\/Nyhetsbrev-1.png\"><img loading=\"lazy\" decoding=\"async\" class=\"alignnone wp-image-917\" src=\"https:\/\/krets.jagareforbundet.se\/norrort\/files\/2022\/07\/Nyhetsbrev-1-300x213.png\" alt=\"\" width=\"363\" height=\"258\" srcset=\"https:\/\/krets.jagareforbundet.se\/norrort\/files\/2022\/07\/Nyhetsbrev-1-300x213.png 300w, https:\/\/krets.jagareforbundet.se\/norrort\/files\/2022\/07\/Nyhetsbrev-1-1024x725.png 1024w, https:\/\/krets.jagareforbundet.se\/norrort\/files\/2022\/07\/Nyhetsbrev-1-768x544.png 768w, https:\/\/krets.jagareforbundet.se\/norrort\/files\/2022\/07\/Nyhetsbrev-1.png 1084w\" sizes=\"auto, (max-width: 363px) 100vw, 363px\" \/><\/a><\/p>\n<p>Vi\u00a0arrangerar en m\u00e4ngd roliga aktiviteter\u00a0f\u00f6r medlemmarna i\u00a0v\u00e5r jaktv\u00e5rdskrets.\u00a0Vissa av dessa aktiviteterna <em>brukar bli fullbokade mycket fort<\/em> &#8211; vill du bli informerad tidigt om det som \u00e4r p\u00e5 g\u00e5ng kan du <a href=\"http:\/\/eepurl.com\/bvKWXr\" target=\"_blank\" rel=\"noopener\">anm\u00e4la dig till v\u00e5rt nyhetsbrev<\/a>[\/twocol_one] <div class=\"twocol-one last\">\n<h3>G\u00e5 med i v\u00e5r Facebookgrupp<\/h3>\n<p><a href=\"https:\/\/krets.jagareforbundet.se\/norrort\/files\/2022\/07\/Norrorts-fb.png\"><img loading=\"lazy\" decoding=\"async\" class=\"alignnone wp-image-916\" src=\"https:\/\/krets.jagareforbundet.se\/norrort\/files\/2022\/07\/Norrorts-fb-300x179.png\" alt=\"\" width=\"352\" height=\"210\" srcset=\"https:\/\/krets.jagareforbundet.se\/norrort\/files\/2022\/07\/Norrorts-fb-300x179.png 300w, https:\/\/krets.jagareforbundet.se\/norrort\/files\/2022\/07\/Norrorts-fb-1024x612.png 1024w, https:\/\/krets.jagareforbundet.se\/norrort\/files\/2022\/07\/Norrorts-fb-768x459.png 768w, https:\/\/krets.jagareforbundet.se\/norrort\/files\/2022\/07\/Norrorts-fb.png 1167w\" sizes=\"auto, (max-width: 352px) 100vw, 352px\" \/><\/a><\/p>\n<p>Vi har en sluten <a href=\"https:\/\/www.facebook.com\/groups\/155420491215721\/\">Facebookgrupp<\/a> f\u00f6r v\u00e5ra <a href=\"https:\/\/krets.jagareforbundet.se\/norrort\/medlemskap\/byta-kretstillhorighet\/\">kretsmedlemmar<\/a>.\u00a0H\u00e4r publiceras relevanta nyheter och information om v\u00e5ra evenemang. Du kan \u00e4ven n\u00e5 andra j\u00e4gare i ditt omr\u00e5de f\u00f6r att utbyta tips och erfarenheter.<\/div><div class=\"clear\"><\/div><\/p>\n<h2>\u00c5TERKOMMANDE AKTIVITETER OCH EVENEMANG<\/h2>\n<p><strong>F\u00f6r aktuella datum, kolla v\u00e5r\u00a0<a href=\"https:\/\/krets.jagareforbundet.se\/norrort\/vad-hander-i-kretsen\/evenemang\/\">Evenemangskalender<\/a>.\u00a0<\/strong><\/p>\n<div class=\"twocol-one\">\n<h3>Skyttetr\u00e4ningar<\/h3>\n<p><em><a href=\"https:\/\/krets.jagareforbundet.se\/norrort\/vad-hander-i-kretsen\/evenemang\/\" rel=\"attachment wp-att-557\"><img loading=\"lazy\" decoding=\"async\" class=\"alignnone size-large wp-image-557\" src=\"https:\/\/krets.jagareforbundet.se\/norrort\/files\/2018\/03\/start-skytte.jpg\" alt=\"\" width=\"345\" height=\"120\" srcset=\"https:\/\/krets.jagareforbundet.se\/norrort\/files\/2018\/03\/start-skytte.jpg 345w, https:\/\/krets.jagareforbundet.se\/norrort\/files\/2018\/03\/start-skytte-300x104.jpg 300w\" sizes=\"auto, (max-width: 345px) 100vw, 345px\" \/><\/a><br \/>\nVi \u00e4r ofta i skjutbiografen eller p\u00e5 skjutbanan och tr\u00e4nar v\u00e5rt skytte. Norrorts Jaktv\u00e5rdskrets st\u00e5r f\u00f6r\u00a0banhyran, du betalar endast f\u00f6r din egen ammunition.<br \/>\n<\/em><\/p>\n<h3>Korvkurser<\/h3>\n<p>Vi har \u00e4ven flera tillf\u00e4llen med korvkurser d\u00e4r du l\u00e4r dig att g\u00f6ra din egna viltkorv.<\/p>\n<p><a href=\"https:\/\/krets.jagareforbundet.se\/norrort\/files\/2022\/07\/korvkurs-2022.jpg\"><img loading=\"lazy\" decoding=\"async\" class=\"alignnone size-medium wp-image-910\" src=\"https:\/\/krets.jagareforbundet.se\/norrort\/files\/2022\/07\/korvkurs-2022-169x300.jpg\" alt=\"\" width=\"169\" height=\"300\" srcset=\"https:\/\/krets.jagareforbundet.se\/norrort\/files\/2022\/07\/korvkurs-2022-169x300.jpg 169w, https:\/\/krets.jagareforbundet.se\/norrort\/files\/2022\/07\/korvkurs-2022-576x1024.jpg 576w, https:\/\/krets.jagareforbundet.se\/norrort\/files\/2022\/07\/korvkurs-2022-768x1365.jpg 768w, https:\/\/krets.jagareforbundet.se\/norrort\/files\/2022\/07\/korvkurs-2022-864x1536.jpg 864w, https:\/\/krets.jagareforbundet.se\/norrort\/files\/2022\/07\/korvkurs-2022.jpg 1152w\" sizes=\"auto, (max-width: 169px) 100vw, 169px\" \/><\/a>\u00a0 \u00a0 <a href=\"https:\/\/krets.jagareforbundet.se\/norrort\/files\/2022\/04\/dreamstimemaximum_134505799-2-mindre.jpg\"><img loading=\"lazy\" decoding=\"async\" class=\"alignnone size-medium wp-image-900\" src=\"https:\/\/krets.jagareforbundet.se\/norrort\/files\/2022\/04\/dreamstimemaximum_134505799-2-mindre-300x161.jpg\" alt=\"\" width=\"300\" height=\"161\" srcset=\"https:\/\/krets.jagareforbundet.se\/norrort\/files\/2022\/04\/dreamstimemaximum_134505799-2-mindre-300x161.jpg 300w, https:\/\/krets.jagareforbundet.se\/norrort\/files\/2022\/04\/dreamstimemaximum_134505799-2-mindre-1024x549.jpg 1024w, https:\/\/krets.jagareforbundet.se\/norrort\/files\/2022\/04\/dreamstimemaximum_134505799-2-mindre-768x412.jpg 768w, https:\/\/krets.jagareforbundet.se\/norrort\/files\/2022\/04\/dreamstimemaximum_134505799-2-mindre-1536x824.jpg 1536w, https:\/\/krets.jagareforbundet.se\/norrort\/files\/2022\/04\/dreamstimemaximum_134505799-2-mindre.jpg 1976w\" sizes=\"auto, (max-width: 300px) 100vw, 300px\" \/><\/a><\/p>\n<h3>Hundtr\u00e4ningar<strong><a title=\"Kul- och hagelskyttedag p\u00e5 Ljuster\u00f6 Skyttecenter\" href=\"https:\/\/krets.jagareforbundet.se\/vallentunataby\/vad-hander-i-kretsen\/kul-och-hagelskyttedag\/\"><br \/>\n<\/a><\/strong><\/h3>\n<p><em><a href=\"https:\/\/krets.jagareforbundet.se\/norrort\/vad-hander-i-kretsen\/evenemang\/\" rel=\"attachment wp-att-558\"><img loading=\"lazy\" decoding=\"async\" class=\"alignnone size-full wp-image-558\" src=\"https:\/\/krets.jagareforbundet.se\/norrort\/files\/2018\/03\/start-hund.jpg\" alt=\"\" width=\"345\" height=\"120\" srcset=\"https:\/\/krets.jagareforbundet.se\/norrort\/files\/2018\/03\/start-hund.jpg 345w, https:\/\/krets.jagareforbundet.se\/norrort\/files\/2018\/03\/start-hund-300x104.jpg 300w\" sizes=\"auto, (max-width: 345px) 100vw, 345px\" \/><\/a><br \/>\n\u00c4ven hundarna m\u00e5ste h\u00e5llas i trim. Norrorts Jaktv\u00e5rdskrets arrangerar subventionerade hundtr\u00e4ningar i vilth\u00e4gnen p\u00e5 Almunge Hundcenter samt f\u00f6rel\u00e4sningar och individanpassad hundtr\u00e4ning.\u00a0<\/em><\/p>\n<h3>Prova-p\u00e5-jakt-och-slakt<strong><a title=\"Kul- och hagelskyttedag p\u00e5 Ljuster\u00f6 Skyttecenter\" href=\"https:\/\/krets.jagareforbundet.se\/vallentunataby\/vad-hander-i-kretsen\/kul-och-hagelskyttedag\/\"><br \/>\n<\/a><\/strong><\/h3>\n<p><em><a href=\"https:\/\/krets.jagareforbundet.se\/norrort\/files\/2019\/06\/2958356-minced-meat.jpg\"><img loading=\"lazy\" decoding=\"async\" class=\"alignnone size-medium wp-image-670\" src=\"https:\/\/krets.jagareforbundet.se\/norrort\/files\/2019\/06\/2958356-minced-meat-300x199.jpg\" alt=\"\" width=\"300\" height=\"199\" srcset=\"https:\/\/krets.jagareforbundet.se\/norrort\/files\/2019\/06\/2958356-minced-meat-300x199.jpg 300w, https:\/\/krets.jagareforbundet.se\/norrort\/files\/2019\/06\/2958356-minced-meat.jpg 700w\" sizes=\"auto, (max-width: 300px) 100vw, 300px\" \/><\/a><br \/>\nF\u00f6r ungdomar och nyb\u00f6rjare arrangerar vi subventionerade prova-p\u00e5-jakter med p\u00e5f\u00f6ljande tillvaratagande av viltet.<\/em><\/p>\n<\/div> <div class=\"twocol-one last\"><\/div><div class=\"clear\"><\/div><\/p>\n<h3>Jakt<strong><a title=\"Kul- och hagelskyttedag p\u00e5 Ljuster\u00f6 Skyttecenter\" href=\"https:\/\/krets.jagareforbundet.se\/vallentunataby\/vad-hander-i-kretsen\/kul-och-hagelskyttedag\/\"><br \/>\n<\/a><\/strong><\/h3>\n<p><em><a href=\"https:\/\/krets.jagareforbundet.se\/norrort\/vad-hander-i-kretsen\/evenemang\/\" rel=\"attachment wp-att-559\"><img loading=\"lazy\" decoding=\"async\" class=\"alignnone size-full wp-image-559\" src=\"https:\/\/krets.jagareforbundet.se\/norrort\/files\/2018\/03\/start-jakt1.jpg\" alt=\"\" width=\"345\" height=\"120\" srcset=\"https:\/\/krets.jagareforbundet.se\/norrort\/files\/2018\/03\/start-jakt1.jpg 345w, https:\/\/krets.jagareforbundet.se\/norrort\/files\/2018\/03\/start-jakt1-300x104.jpg 300w\" sizes=\"auto, (max-width: 345px) 100vw, 345px\" \/><\/a><br \/>\nVi arrangerar jakter p\u00e5 Bogesunds 2.400 hektar viltrika jaktmark samt olika g\u00e5rdar i Norrort. Vi jagar i f\u00f6rsta hand \u00e4lg, r\u00e5djur, hare, vildsvin och r\u00e4v.\u00a0 Efter avslutad jakt tar vi gemensamt hand om det f\u00e4llda viltet i slakteriet.\u00a0<\/em><\/p>\n<h3>Viltunders\u00f6karutbildning<strong><a title=\"Kul- och hagelskyttedag p\u00e5 Ljuster\u00f6 Skyttecenter\" href=\"https:\/\/krets.jagareforbundet.se\/vallentunataby\/vad-hander-i-kretsen\/kul-och-hagelskyttedag\/\"><br \/>\n<\/a><\/strong><\/h3>\n<p><em><a href=\"https:\/\/krets.jagareforbundet.se\/norrort\/vad-hander-i-kretsen\/evenemang\/\" rel=\"attachment wp-att-560\"><img loading=\"lazy\" decoding=\"async\" class=\"alignnone size-full wp-image-560\" src=\"https:\/\/krets.jagareforbundet.se\/norrort\/files\/2018\/03\/start-viltundersokning.jpg\" alt=\"\" width=\"345\" height=\"120\" srcset=\"https:\/\/krets.jagareforbundet.se\/norrort\/files\/2018\/03\/start-viltundersokning.jpg 345w, https:\/\/krets.jagareforbundet.se\/norrort\/files\/2018\/03\/start-viltundersokning-300x104.jpg 300w\" sizes=\"auto, (max-width: 345px) 100vw, 345px\" \/><\/a><br \/>\nMed denna utbildning f\u00e5r du (och ditt jaktlag) kunskaper att tillvarata och unders\u00f6ka vilt p\u00e5 ett situationsanpassat och hygieniskt s\u00e4tt. Teori varvas med praktiska \u00f6vningar.<\/em><em><br \/>\n<\/em><\/p>\n<h3><\/h3>\n<p>&nbsp;<\/p>\n","protected":false},"excerpt":{"rendered":"<p>\u00a0 \u00a0 \u00a0 \u00a0 \u00a0\u00a0 \u00a0\u00a0\u00a0 \u00a0 \u00a0 \u00a0 \u00a0 \u00a0 Nyheter Vallentuna &#8211; T\u00e4by &#8211; Danderyd &#8211; Sigtuna \u00d6ster Norrorts Jaktv\u00e5rdskrets \u00e4r en lokal organisation inom Svenska J\u00e4garef\u00f6rbundet f\u00f6r kommunerna Vallentuna, T\u00e4by, Danderyd och Sigtuna \u00f6ster om E4:an. Kretsens uppgift \u00e4r att tillvarata medlemmarnas intressen, driva lokala jakt- och viltv\u00e5rdsfr\u00e5gor och organisera efters\u00f6k av [&hellip;]<\/p>\n","protected":false},"author":3,"featured_media":0,"parent":0,"menu_order":2,"comment_status":"open","ping_status":"open","template":"","meta":{"footnotes":""},"class_list":["post-2","page","type-page","status-publish","hentry"],"_links":{"self":[{"href":"https:\/\/krets.jagareforbundet.se\/norrort\/wp-json\/wp\/v2\/pages\/2","targetHints":{"allow":["GET"]}}],"collection":[{"href":"https:\/\/krets.jagareforbundet.se\/norrort\/wp-json\/wp\/v2\/pages"}],"about":[{"href":"https:\/\/krets.jagareforbundet.se\/norrort\/wp-json\/wp\/v2\/types\/page"}],"author":[{"embeddable":true,"href":"https:\/\/krets.jagareforbundet.se\/norrort\/wp-json\/wp\/v2\/users\/3"}],"replies":[{"embeddable":true,"href":"https:\/\/krets.jagareforbundet.se\/norrort\/wp-json\/wp\/v2\/comments?post=2"}],"version-history":[{"count":3,"href":"https:\/\/krets.jagareforbundet.se\/norrort\/wp-json\/wp\/v2\/pages\/2\/revisions"}],"predecessor-version":[{"id":1513,"href":"https:\/\/krets.jagareforbundet.se\/norrort\/wp-json\/wp\/v2\/pages\/2\/revisions\/1513"}],"wp:attachment":[{"href":"https:\/\/krets.jagareforbundet.se\/norrort\/wp-json\/wp\/v2\/media?parent=2"}],"curies":[{"name":"wp","href":"https:\/\/api.w.org\/{rel}","templated":true}]}}