{"id":201,"date":"2015-03-11T14:15:35","date_gmt":"2015-03-11T13:15:35","guid":{"rendered":"https:\/\/krets.jagareforbundet.se\/vallentunataby\/?page_id=201"},"modified":"2015-03-11T14:20:00","modified_gmt":"2015-03-11T13:20:00","slug":"eftersok-sa-funkar-det","status":"publish","type":"page","link":"https:\/\/krets.jagareforbundet.se\/norrort\/viltolyckor-och-eftersok\/eftersok-sa-funkar-det\/","title":{"rendered":"Efters\u00f6k &#8211; s\u00e5 funkar det"},"content":{"rendered":"<h1>Efters\u00f6k av trafikskadat vilt, s\u00e5 h\u00e4r fungerar det<\/h1>\n<p>N\u00e4r man ringer <strong>SOS Alarm 112<\/strong> efter en viltkollision kopplas man\u00a0till polisens l\u00e4nskommunikationscentral (LKC).<\/p>\n<p><img decoding=\"async\" src=\"http:\/\/www.viltolycka.se\/upload\/images\/LKC%20Sthlm_thumb.JPG\" alt=\"\" \/><br \/>\n<em>Polisens l\u00e4nskommunikationscentral i Stockholm. Foto Benny Wilhelmsson\u00a0<\/em><\/p>\n<p>Inom varje kommun har\u00a0Nationella Viltolycksr\u00e5det\u00a0ett antal kontaktpersoner som ansvarar f\u00f6r var och en sin del av v\u00e4gn\u00e4tet (ansvarsomr\u00e5den). P\u00e5\u00a0polisens\u00a0LKC finns\u00a0en karta d\u00e4r det framg\u00e5r vilket ansvarsomr\u00e5de\u00a0som ansvarar f\u00f6r just det v\u00e4gomr\u00e5det d\u00e4r den anm\u00e4lda viltkollisionen har intr\u00e4ffat.<\/p>\n<p>En av kontaktpersonerna underr\u00e4ttas per telefon av LKC om den intr\u00e4ffade viltkollisionen. Kontaktpersonen arbetar efter\u00a0uppr\u00e4ttade rutiner som inneb\u00e4r att skadat vilt kan avlivas och tas om hand s\u00e5 fort som m\u00f6jligt.<\/p>\n<p><img decoding=\"async\" src=\"http:\/\/www.viltolycka.se\/upload\/images\/Just%20avslutat%20lidandet_(Rita)_thumb_thumb.jpg\" alt=\"\" \/><br \/>\n<em>Lidandet \u00e4r avslutat. \u00c4lgen hade benskador p\u00e5 b\u00e5da frambenen efter sammanst\u00f6tning med motorfordon.\u00a0Foto Mikael Lundin<\/em><\/p>\n<p>K\u00e4lla: Nationella Viltolycksr\u00e5det, <a href=\"http:\/\/www.viltolycka.se\" target=\"_blank\">www.viltolycka.se<\/a><\/p>\n","protected":false},"excerpt":{"rendered":"<p>Efters\u00f6k av trafikskadat vilt, s\u00e5 h\u00e4r fungerar det N\u00e4r man ringer SOS Alarm 112 efter en viltkollision kopplas man\u00a0till polisens l\u00e4nskommunikationscentral (LKC). Polisens l\u00e4nskommunikationscentral i Stockholm. Foto Benny Wilhelmsson\u00a0 Inom varje kommun har\u00a0Nationella Viltolycksr\u00e5det\u00a0ett antal kontaktpersoner som ansvarar f\u00f6r var och en sin del av v\u00e4gn\u00e4tet (ansvarsomr\u00e5den). P\u00e5\u00a0polisens\u00a0LKC finns\u00a0en karta d\u00e4r det framg\u00e5r vilket ansvarsomr\u00e5de\u00a0som [&hellip;]<\/p>\n","protected":false},"author":136,"featured_media":0,"parent":202,"menu_order":10,"comment_status":"open","ping_status":"open","template":"","meta":{"footnotes":""},"class_list":["post-201","page","type-page","status-publish","hentry"],"_links":{"self":[{"href":"https:\/\/krets.jagareforbundet.se\/norrort\/wp-json\/wp\/v2\/pages\/201","targetHints":{"allow":["GET"]}}],"collection":[{"href":"https:\/\/krets.jagareforbundet.se\/norrort\/wp-json\/wp\/v2\/pages"}],"about":[{"href":"https:\/\/krets.jagareforbundet.se\/norrort\/wp-json\/wp\/v2\/types\/page"}],"author":[{"embeddable":true,"href":"https:\/\/krets.jagareforbundet.se\/norrort\/wp-json\/wp\/v2\/users\/136"}],"replies":[{"embeddable":true,"href":"https:\/\/krets.jagareforbundet.se\/norrort\/wp-json\/wp\/v2\/comments?post=201"}],"version-history":[{"count":0,"href":"https:\/\/krets.jagareforbundet.se\/norrort\/wp-json\/wp\/v2\/pages\/201\/revisions"}],"up":[{"embeddable":true,"href":"https:\/\/krets.jagareforbundet.se\/norrort\/wp-json\/wp\/v2\/pages\/202"}],"wp:attachment":[{"href":"https:\/\/krets.jagareforbundet.se\/norrort\/wp-json\/wp\/v2\/media?parent=201"}],"curies":[{"name":"wp","href":"https:\/\/api.w.org\/{rel}","templated":true}]}}