{"id":226,"date":"2015-03-16T10:00:05","date_gmt":"2015-03-16T09:00:05","guid":{"rendered":"https:\/\/krets.jagareforbundet.se\/vallentunataby\/?page_id=226"},"modified":"2021-03-07T20:54:58","modified_gmt":"2021-03-07T19:54:58","slug":"byta-kretstillhorighet","status":"publish","type":"page","link":"https:\/\/krets.jagareforbundet.se\/norrort\/medlemskap\/byta-kretstillhorighet\/","title":{"rendered":"Byta kretstillh\u00f6righet"},"content":{"rendered":"<h3>Om du bor eller jagar i Vallentuna, T\u00e4by, Danderyd eller Sigtuna \u00f6ster om E4<br \/>\n\u00e4r du v\u00e4lkommen att tillh\u00f6ra v\u00e5r jaktv\u00e5rdskrets<\/h3>\n<p>Som medlem i J\u00e4garef\u00f6rbundet tillh\u00f6r du en jaktv\u00e5rdskrets. Om du inte g\u00f6r n\u00e5got aktivt val vid intr\u00e4det i J\u00e4garef\u00f6rbundet\u00a0blir du<em> placerad<\/em> i den krets d\u00e4r du \u00e4r <em>bosatt<\/em>. Om du redan \u00e4r medlem n\u00e4r du flyttar hit m\u00e5ste du sj\u00e4lv \u00e4ndra din kretstillh\u00f6righet, och om du jagar i Danderyd, T\u00e4by, Vallentuna eller Sigtuna \u00f6ster om E4 men inte \u00e4r bosatt h\u00e4r kan du byta kretstilh\u00f6righet till oss.<\/p>\n<div class=\"woo-sc-box  normal  rounded full\">\n<h3>S\u00e5h\u00e4r byter du kretstillh\u00f6righet:<\/h3>\n<p>Skicka en E-post till <a href=\"mailto:medlem@jagareforbundet.se\">medlem@jagareforbundet.se<\/a> d\u00e4r du anger<br \/>\n&#8211; ditt <strong>namn<br \/>\n<\/strong>&#8211; ditt <strong>medlemsnummer<\/strong>\u00a0eller personnummer<br \/>\n&#8211; att du vill byta till <strong>Norrorts Jaktv\u00e5rdskrets<\/strong><\/p>\n<p>Du kan \u00e4ven ringa <strong>020-22 00 10<\/strong>\u00a0om du vill prata med v\u00e5r medlemsavdelning<\/div>\n<p>Delar av din medlemsavgift g\u00e5r till att st\u00f6dja kretsens arbete och aktiviteter.\u00a0Du m\u00e5ste vara knuten till v\u00e5r krets f\u00f6r att f\u00e5 delta vid vissa av\u00a0kretsens\u00a0subventionerade aktiviteter, t.ex. skjutdagar, jakter m.m<strong>. <\/strong>Om du inte \u00e4r medlem i Svenska\u00a0J\u00e4garef\u00f6rbundet kan du bli det <strong><a href=\"http:\/\/jagareforbundet.se\/sv\/bli-medlem\/\" target=\"_blank\" rel=\"noopener\">H\u00c4R<\/a>.\u00a0<\/strong><\/p>\n","protected":false},"excerpt":{"rendered":"<p>Om du bor eller jagar i Vallentuna, T\u00e4by, Danderyd eller Sigtuna \u00f6ster om E4 \u00e4r du v\u00e4lkommen att tillh\u00f6ra v\u00e5r jaktv\u00e5rdskrets Som medlem i J\u00e4garef\u00f6rbundet tillh\u00f6r du en jaktv\u00e5rdskrets. Om du inte g\u00f6r n\u00e5got aktivt val vid intr\u00e4det i J\u00e4garef\u00f6rbundet\u00a0blir du placerad i den krets d\u00e4r du \u00e4r bosatt. Om du redan \u00e4r medlem n\u00e4r [&hellip;]<\/p>\n","protected":false},"author":136,"featured_media":0,"parent":177,"menu_order":0,"comment_status":"open","ping_status":"open","template":"","meta":{"footnotes":""},"class_list":["post-226","page","type-page","status-publish","hentry"],"_links":{"self":[{"href":"https:\/\/krets.jagareforbundet.se\/norrort\/wp-json\/wp\/v2\/pages\/226","targetHints":{"allow":["GET"]}}],"collection":[{"href":"https:\/\/krets.jagareforbundet.se\/norrort\/wp-json\/wp\/v2\/pages"}],"about":[{"href":"https:\/\/krets.jagareforbundet.se\/norrort\/wp-json\/wp\/v2\/types\/page"}],"author":[{"embeddable":true,"href":"https:\/\/krets.jagareforbundet.se\/norrort\/wp-json\/wp\/v2\/users\/136"}],"replies":[{"embeddable":true,"href":"https:\/\/krets.jagareforbundet.se\/norrort\/wp-json\/wp\/v2\/comments?post=226"}],"version-history":[{"count":2,"href":"https:\/\/krets.jagareforbundet.se\/norrort\/wp-json\/wp\/v2\/pages\/226\/revisions"}],"predecessor-version":[{"id":746,"href":"https:\/\/krets.jagareforbundet.se\/norrort\/wp-json\/wp\/v2\/pages\/226\/revisions\/746"}],"up":[{"embeddable":true,"href":"https:\/\/krets.jagareforbundet.se\/norrort\/wp-json\/wp\/v2\/pages\/177"}],"wp:attachment":[{"href":"https:\/\/krets.jagareforbundet.se\/norrort\/wp-json\/wp\/v2\/media?parent=226"}],"curies":[{"name":"wp","href":"https:\/\/api.w.org\/{rel}","templated":true}]}}