{"id":150,"date":"2013-08-13T18:50:22","date_gmt":"2013-08-13T16:50:22","guid":{"rendered":"https:\/\/krets.jagareforbundet.se\/norrtaljesodra\/?page_id=150"},"modified":"2025-10-21T21:17:25","modified_gmt":"2025-10-21T19:17:25","slug":"eftersok","status":"publish","type":"page","link":"https:\/\/krets.jagareforbundet.se\/norrtaljesodra\/eftersok\/","title":{"rendered":"Efters\u00f6k"},"content":{"rendered":"<p><strong>Karta\u00a0efters\u00f6ksomr\u00e5den Norrt\u00e4lje S\u00f6dra<\/strong><\/p>\n<p><strong><a href=\"https:\/\/krets.jagareforbundet.se\/norrtaljesodra\/files\/2013\/08\/efters_k_karta_kopia_liten_samma_kopia.png\"><img loading=\"lazy\" decoding=\"async\" class=\"alignnone size-medium wp-image-153\" src=\"https:\/\/krets.jagareforbundet.se\/norrtaljesodra\/files\/2013\/08\/efters_k_karta_kopia_liten_samma_kopia-300x228.png\" alt=\"efters_k_karta_kopia_liten_samma_kopia\" width=\"432\" height=\"262\" \/><\/a><\/strong><\/p>\n<p>&nbsp;<\/p>\n<p><strong>Om du klickar\u00a0 p\u00e5 kartbilden s\u00e5 framtr\u00e4der den tydligare<\/strong><\/p>\n<h2>Sammanh\u00e5llande f\u00f6r efters\u00f6ksj\u00e4garna i Norrt\u00e4lje S\u00f6dra<\/h2>\n<p><strong>\u00c5sa Jonsson 070-5406874\u00a0 \u00a0 \u00a0 \u00a0 \u00a0 \u00a0 \u00a0 \u00a0 \u00a0 \u00a0 \u00a0 \u00a0 \u00a0 \u00a0 \u00a0 \u00a0 \u00a0 \u00a0 \u00a0 \u00a0 \u00a0 \u00a0 \u00a0 \u00a0 \u00a0 \u00a0 \u00a0 \u00a0 \u00a0 \u00a0 \u00a0 \u00a0 \u00a0 \u00a0,<\/strong><\/p>\n<div id=\"page_32313\">\n<div>\n<div>\n<div>\n<div>\n<p><strong>\u00a0<\/strong><\/p>\n<div id=\"page_32313\">\n<div>\n<div>\n<div>\n<div>\n<p><strong>\u00a0<\/strong><\/p>\n<p>&nbsp;<\/p>\n<\/div>\n<\/div>\n<\/div>\n<\/div>\n<\/div>\n<\/div>\n<\/div>\n<\/div>\n<\/div>\n<\/div>\n<p>&nbsp;<\/p>\n<p>&nbsp;<\/p>\n<p>&nbsp;<\/p>\n","protected":false},"excerpt":{"rendered":"<p>Karta\u00a0efters\u00f6ksomr\u00e5den Norrt\u00e4lje S\u00f6dra &nbsp; Om du klickar\u00a0 p\u00e5 kartbilden s\u00e5 framtr\u00e4der den tydligare Sammanh\u00e5llande f\u00f6r efters\u00f6ksj\u00e4garna i Norrt\u00e4lje S\u00f6dra \u00c5sa Jonsson 070-5406874\u00a0 \u00a0 \u00a0 \u00a0 \u00a0 \u00a0 \u00a0 \u00a0 \u00a0 \u00a0 \u00a0 \u00a0 \u00a0 \u00a0 \u00a0 \u00a0 \u00a0 \u00a0 \u00a0 \u00a0 \u00a0 \u00a0 \u00a0 \u00a0 \u00a0 \u00a0 \u00a0 \u00a0 \u00a0 \u00a0 \u00a0 \u00a0 \u00a0 \u00a0, [&hellip;]<\/p>\n","protected":false},"author":117,"featured_media":0,"parent":0,"menu_order":0,"comment_status":"open","ping_status":"open","template":"","meta":{"footnotes":""},"class_list":["post-150","page","type-page","status-publish","hentry"],"_links":{"self":[{"href":"https:\/\/krets.jagareforbundet.se\/norrtaljesodra\/wp-json\/wp\/v2\/pages\/150","targetHints":{"allow":["GET"]}}],"collection":[{"href":"https:\/\/krets.jagareforbundet.se\/norrtaljesodra\/wp-json\/wp\/v2\/pages"}],"about":[{"href":"https:\/\/krets.jagareforbundet.se\/norrtaljesodra\/wp-json\/wp\/v2\/types\/page"}],"author":[{"embeddable":true,"href":"https:\/\/krets.jagareforbundet.se\/norrtaljesodra\/wp-json\/wp\/v2\/users\/117"}],"replies":[{"embeddable":true,"href":"https:\/\/krets.jagareforbundet.se\/norrtaljesodra\/wp-json\/wp\/v2\/comments?post=150"}],"version-history":[{"count":2,"href":"https:\/\/krets.jagareforbundet.se\/norrtaljesodra\/wp-json\/wp\/v2\/pages\/150\/revisions"}],"predecessor-version":[{"id":875,"href":"https:\/\/krets.jagareforbundet.se\/norrtaljesodra\/wp-json\/wp\/v2\/pages\/150\/revisions\/875"}],"wp:attachment":[{"href":"https:\/\/krets.jagareforbundet.se\/norrtaljesodra\/wp-json\/wp\/v2\/media?parent=150"}],"curies":[{"name":"wp","href":"https:\/\/api.w.org\/{rel}","templated":true}]}}