{"id":2,"date":"2011-09-07T09:28:43","date_gmt":"2011-09-07T09:28:43","guid":{"rendered":"https:\/\/krets.jagareforbundet.se\/template\/?page_id=2"},"modified":"2026-03-15T17:01:18","modified_gmt":"2026-03-15T16:01:18","slug":"exempelsida","status":"publish","type":"page","link":"https:\/\/krets.jagareforbundet.se\/norrtaljesodra\/","title":{"rendered":"V\u00e4lkommen till Norrt\u00e4lje S\u00f6dra Jaktv\u00e5rdskrets"},"content":{"rendered":"<h6>.<\/h6>\n<p>&nbsp;<\/p>\n<p>&nbsp;<\/p>\n<h6>.<\/h6>\n<h1><\/h1>\n<h1><\/h1>\n<h1><\/h1>\n<h1><\/h1>\n<h1><strong>Norrt\u00e4lje S\u00f6dra \u00c4lgsk\u00f6tselomr\u00e5de<\/strong><\/h1>\n<h2><strong>Kallar till \u00e5rsm\u00f6te den 29\/3-2026 kl. 14:00<\/strong><\/h2>\n<h2><strong>Folkets hus i Norrt\u00e4lje<\/strong><\/h2>\n<h3><span style=\"color: #0000ff\"><a style=\"color: #0000ff\" href=\"https:\/\/www.google.com\/maps\/place\/data=!4m2!3m1!1s0x465ff64dde2287c5:0x7f9de14a48ce2311?sa=X&amp;ved=1t:8290&amp;ictx=111\"><strong>Galles gr\u00e4nd 5, 761 30 Norrt\u00e4lje<\/strong><\/a><\/span><\/h3>\n<p>&nbsp;<\/p>\n<p>M\u00f6teshandlingar finns att ladda ner h\u00e4r:<span style=\"color: #0000ff\"><a style=\"color: #0000ff\" href=\"https:\/\/krets.jagareforbundet.se\/norrtaljesodra\/files\/2026\/03\/Dagordning-2026.pdf\">Dagordning 2026<\/a><\/span> , <span style=\"color: #0000ff\"><a style=\"color: #0000ff\" href=\"https:\/\/krets.jagareforbundet.se\/norrtaljesodra\/files\/2026\/03\/Forslag-Paragraf_8_Norrtalje_Sodra.docx\">F\u00f6rslag Paragraf_8_Norrtalje_Sodra Motion<\/a>\u00a0 \u00a0\u00a0<\/span><\/p>\n<h3><strong>\u00a0<\/strong><\/h3>\n","protected":false},"excerpt":{"rendered":"<p>. &nbsp; &nbsp; . Norrt\u00e4lje S\u00f6dra \u00c4lgsk\u00f6tselomr\u00e5de Kallar till \u00e5rsm\u00f6te den 29\/3-2026 kl. 14:00 Folkets hus i Norrt\u00e4lje Galles gr\u00e4nd 5, 761 30 Norrt\u00e4lje &nbsp; M\u00f6teshandlingar finns att ladda ner h\u00e4r:Dagordning 2026 , F\u00f6rslag Paragraf_8_Norrtalje_Sodra Motion\u00a0 \u00a0\u00a0 \u00a0<\/p>\n","protected":false},"author":3,"featured_media":0,"parent":0,"menu_order":0,"comment_status":"open","ping_status":"open","template":"","meta":{"footnotes":""},"class_list":["post-2","page","type-page","status-publish","hentry"],"_links":{"self":[{"href":"https:\/\/krets.jagareforbundet.se\/norrtaljesodra\/wp-json\/wp\/v2\/pages\/2","targetHints":{"allow":["GET"]}}],"collection":[{"href":"https:\/\/krets.jagareforbundet.se\/norrtaljesodra\/wp-json\/wp\/v2\/pages"}],"about":[{"href":"https:\/\/krets.jagareforbundet.se\/norrtaljesodra\/wp-json\/wp\/v2\/types\/page"}],"author":[{"embeddable":true,"href":"https:\/\/krets.jagareforbundet.se\/norrtaljesodra\/wp-json\/wp\/v2\/users\/3"}],"replies":[{"embeddable":true,"href":"https:\/\/krets.jagareforbundet.se\/norrtaljesodra\/wp-json\/wp\/v2\/comments?post=2"}],"version-history":[{"count":3,"href":"https:\/\/krets.jagareforbundet.se\/norrtaljesodra\/wp-json\/wp\/v2\/pages\/2\/revisions"}],"predecessor-version":[{"id":892,"href":"https:\/\/krets.jagareforbundet.se\/norrtaljesodra\/wp-json\/wp\/v2\/pages\/2\/revisions\/892"}],"wp:attachment":[{"href":"https:\/\/krets.jagareforbundet.se\/norrtaljesodra\/wp-json\/wp\/v2\/media?parent=2"}],"curies":[{"name":"wp","href":"https:\/\/api.w.org\/{rel}","templated":true}]}}