{"id":28,"date":"2011-09-09T08:06:13","date_gmt":"2011-09-09T08:06:13","guid":{"rendered":"https:\/\/krets.jagareforbundet.se\/template\/?page_id=28"},"modified":"2026-01-09T08:38:44","modified_gmt":"2026-01-09T07:38:44","slug":"kontakta-oss","status":"publish","type":"page","link":"https:\/\/krets.jagareforbundet.se\/norrtaljesodra\/kontakta-oss\/","title":{"rendered":"Kontakta oss"},"content":{"rendered":"<h2>Hej,<\/h2>\n<p><strong>Vill ni komma i kontakt med oss\u00a0 s\u00e5 titta p\u00e5 sidan Styrelse d\u00e4r du finner telefon och mailadresser f\u00f6r att kunna n\u00e5 oss eller skriv vad du vill oss\u00a0i nedananst\u00e5ende ruta.<\/strong><\/p>\n<p><a href=\"mailto:lars@beryllium.se\">Maila styrelsen<\/a><\/p>\n","protected":false},"excerpt":{"rendered":"<p>Hej, Vill ni komma i kontakt med oss\u00a0 s\u00e5 titta p\u00e5 sidan Styrelse d\u00e4r du finner telefon och mailadresser f\u00f6r att kunna n\u00e5 oss eller skriv vad du vill oss\u00a0i nedananst\u00e5ende ruta. Maila styrelsen<\/p>\n","protected":false},"author":3,"featured_media":0,"parent":0,"menu_order":0,"comment_status":"open","ping_status":"open","template":"","meta":{"footnotes":""},"class_list":["post-28","page","type-page","status-publish","hentry"],"_links":{"self":[{"href":"https:\/\/krets.jagareforbundet.se\/norrtaljesodra\/wp-json\/wp\/v2\/pages\/28","targetHints":{"allow":["GET"]}}],"collection":[{"href":"https:\/\/krets.jagareforbundet.se\/norrtaljesodra\/wp-json\/wp\/v2\/pages"}],"about":[{"href":"https:\/\/krets.jagareforbundet.se\/norrtaljesodra\/wp-json\/wp\/v2\/types\/page"}],"author":[{"embeddable":true,"href":"https:\/\/krets.jagareforbundet.se\/norrtaljesodra\/wp-json\/wp\/v2\/users\/3"}],"replies":[{"embeddable":true,"href":"https:\/\/krets.jagareforbundet.se\/norrtaljesodra\/wp-json\/wp\/v2\/comments?post=28"}],"version-history":[{"count":3,"href":"https:\/\/krets.jagareforbundet.se\/norrtaljesodra\/wp-json\/wp\/v2\/pages\/28\/revisions"}],"predecessor-version":[{"id":880,"href":"https:\/\/krets.jagareforbundet.se\/norrtaljesodra\/wp-json\/wp\/v2\/pages\/28\/revisions\/880"}],"wp:attachment":[{"href":"https:\/\/krets.jagareforbundet.se\/norrtaljesodra\/wp-json\/wp\/v2\/media?parent=28"}],"curies":[{"name":"wp","href":"https:\/\/api.w.org\/{rel}","templated":true}]}}