{"id":289,"date":"2013-09-12T22:45:21","date_gmt":"2013-09-12T20:45:21","guid":{"rendered":"https:\/\/krets.jagareforbundet.se\/norrtaljesodra\/?page_id=289"},"modified":"2025-01-24T18:08:44","modified_gmt":"2025-01-24T17:08:44","slug":"alskotselplan","status":"publish","type":"page","link":"https:\/\/krets.jagareforbundet.se\/norrtaljesodra\/algskotselomradet\/alskotselplan\/","title":{"rendered":"\u00c4lgsk\u00f6tselplan"},"content":{"rendered":"<h2><\/h2>\n<h2><strong>\u00c4lgsk\u00f6tselplan 2023- 2025<\/strong><\/h2>\n<p>&nbsp;<\/p>\n<p>Klicka p\u00e5 l\u00e4nken f\u00f6r att se \u00e4lgsk\u00f6tselplanen: \u00a0<span style=\"color: #0000ff\"><a style=\"color: #0000ff\" href=\"https:\/\/krets.jagareforbundet.se\/norrtaljesodra\/files\/2025\/01\/Algskotselplan-01-04-26-048-A-2023-2025-1.xlsx\">\u00c4lgsk\u00f6tselplan (2023-2025)<\/a><\/span><\/p>\n","protected":false},"excerpt":{"rendered":"<p>\u00c4lgsk\u00f6tselplan 2023- 2025 &nbsp; Klicka p\u00e5 l\u00e4nken f\u00f6r att se \u00e4lgsk\u00f6tselplanen: \u00a0\u00c4lgsk\u00f6tselplan (2023-2025)<\/p>\n","protected":false},"author":117,"featured_media":0,"parent":214,"menu_order":5,"comment_status":"open","ping_status":"open","template":"","meta":{"footnotes":""},"class_list":["post-289","page","type-page","status-publish","hentry"],"_links":{"self":[{"href":"https:\/\/krets.jagareforbundet.se\/norrtaljesodra\/wp-json\/wp\/v2\/pages\/289","targetHints":{"allow":["GET"]}}],"collection":[{"href":"https:\/\/krets.jagareforbundet.se\/norrtaljesodra\/wp-json\/wp\/v2\/pages"}],"about":[{"href":"https:\/\/krets.jagareforbundet.se\/norrtaljesodra\/wp-json\/wp\/v2\/types\/page"}],"author":[{"embeddable":true,"href":"https:\/\/krets.jagareforbundet.se\/norrtaljesodra\/wp-json\/wp\/v2\/users\/117"}],"replies":[{"embeddable":true,"href":"https:\/\/krets.jagareforbundet.se\/norrtaljesodra\/wp-json\/wp\/v2\/comments?post=289"}],"version-history":[{"count":3,"href":"https:\/\/krets.jagareforbundet.se\/norrtaljesodra\/wp-json\/wp\/v2\/pages\/289\/revisions"}],"predecessor-version":[{"id":831,"href":"https:\/\/krets.jagareforbundet.se\/norrtaljesodra\/wp-json\/wp\/v2\/pages\/289\/revisions\/831"}],"up":[{"embeddable":true,"href":"https:\/\/krets.jagareforbundet.se\/norrtaljesodra\/wp-json\/wp\/v2\/pages\/214"}],"wp:attachment":[{"href":"https:\/\/krets.jagareforbundet.se\/norrtaljesodra\/wp-json\/wp\/v2\/media?parent=289"}],"curies":[{"name":"wp","href":"https:\/\/api.w.org\/{rel}","templated":true}]}}