{"id":574,"date":"2019-02-01T21:48:03","date_gmt":"2019-02-01T20:48:03","guid":{"rendered":"https:\/\/krets.jagareforbundet.se\/norrtaljesodra\/?page_id=574"},"modified":"2025-05-13T20:21:22","modified_gmt":"2025-05-13T18:21:22","slug":"var-22-bana","status":"publish","type":"page","link":"https:\/\/krets.jagareforbundet.se\/norrtaljesodra\/var-22-bana\/","title":{"rendered":"V\u00e5r 22 bana"},"content":{"rendered":"<p><b><span style=\"color: #000000;font-family: Calibri\">Viltm\u00e5lsbana Moving Range 5022.<\/span><\/b><\/p>\n<p><span style=\"font-family: Calibri\"><b><span style=\"color: #000000\">J\u00e4garef\u00f6rbundet Norrt\u00e4lje s\u00f6dra JVK har k\u00f6pt in en viltm\u00e5lsbana f\u00f6r utl\u00e5ning till medlemmar\/jaktlag. Banan \u00e4r avsedd f\u00f6r 22 LR och skjutning sker p\u00e5 den egna marken.<br \/>\nOm du \u00e4r intresserad av att l\u00e5na banan kontakta Mikael L\u00f6vestr\u00f6m 070-988 35 56 alt <\/span><\/b><span style=\"color: #0000ff\"><a style=\"color: #0000ff\" href=\"mailto:Lovmicke@gmail.com\">Lovmicke@gmail.com<\/a><\/span><\/span><\/p>\n<p><span style=\"font-family: Calibri\"><span style=\"color: #000000\"><b>Kostnad: T<\/b><b>r\u00e4ffbildsomr\u00e5de 100kr\/st. Ingen hyreskostnad etc.\u00a0 <\/b><b>\u00a0<\/b><\/span><\/span><\/p>\n<p><b><span style=\"font-family: Calibri\"><span style=\"color: #000000\">\u00a0\u00a0\u00a0\u00a0\u00a0 <u>Regler<\/u><\/span><\/span><\/b><\/p>\n<p><span style=\"color: #000000\">\u00d8 <b><span style=\"font-family: Calibri\">Vid l\u00e5n av banan\/\u00e5terl\u00e4mning kontrollera att \u201dalla\u201d delar finns enligt inneh\u00e5llsf\u00f6rteckning som ligger i l\u00e5dan. <\/span><\/b><\/span><\/p>\n<p><span style=\"color: #000000\">\u00d8 <b><span style=\"font-family: Calibri\">Batteriet ska vara laddat vid \u00e5terl\u00e4mning.<\/span><\/b><\/span><\/p>\n<p><span style=\"color: #000000\">\u00d8 <b><span style=\"font-family: Calibri\">Den som h\u00e4mtar banan kvitterar \u00e4ven ut banan. Om n\u00e5got \u00e4r skadat\/trasigt ska det p\u00e5talas vid \u00e5terl\u00e4mning. Den som l\u00e5nar banan \u00e4r ers\u00e4ttningsskyldig om n\u00e5got g\u00e5r s\u00f6nder. <\/span><\/b><\/span><\/p>\n<p><span style=\"color: #000000\">\u00d8 <b><u><span style=\"font-family: Calibri\">Kretsen har ingen f\u00f6rs\u00e4kring f\u00f6r banan. Den som l\u00e5nar banan \u00e4r ers\u00e4ttningsskyldig om banan stj\u00e4ls eller f\u00f6rkommer.\u00a0 <\/span><\/u><\/b><\/span><\/p>\n<p><span style=\"color: #000000\">\u00d8 <b><span style=\"font-family: Calibri\">Vid anv\u00e4ndning av banan skall ansvarig skjutledare utses. <\/span><\/b><\/span><\/p>\n<p><span style=\"color: #000000\">\u00d8 <b><span style=\"font-family: Calibri\">Ta del av s\u00e4kerhetsbest\u00e4mmelser civilt skytte (S\u00e4kB ett exemplar ligger i l\u00e5dan). Skjutledaren \u00e4r ansvarig f\u00f6r att s\u00e4kerheten uppfylls.<\/span><\/b><\/span><\/p>\n","protected":false},"excerpt":{"rendered":"<p>Viltm\u00e5lsbana Moving Range 5022. J\u00e4garef\u00f6rbundet Norrt\u00e4lje s\u00f6dra JVK har k\u00f6pt in en viltm\u00e5lsbana f\u00f6r utl\u00e5ning till medlemmar\/jaktlag. Banan \u00e4r avsedd f\u00f6r 22 LR och skjutning sker p\u00e5 den egna marken. Om du \u00e4r intresserad av att l\u00e5na banan kontakta Mikael L\u00f6vestr\u00f6m 070-988 35 56 alt Lovmicke@gmail.com Kostnad: Tr\u00e4ffbildsomr\u00e5de 100kr\/st. Ingen hyreskostnad etc.\u00a0 \u00a0 \u00a0\u00a0\u00a0\u00a0\u00a0 Regler [&hellip;]<\/p>\n","protected":false},"author":117,"featured_media":0,"parent":0,"menu_order":0,"comment_status":"closed","ping_status":"closed","template":"","meta":{"footnotes":""},"class_list":["post-574","page","type-page","status-publish","hentry"],"_links":{"self":[{"href":"https:\/\/krets.jagareforbundet.se\/norrtaljesodra\/wp-json\/wp\/v2\/pages\/574","targetHints":{"allow":["GET"]}}],"collection":[{"href":"https:\/\/krets.jagareforbundet.se\/norrtaljesodra\/wp-json\/wp\/v2\/pages"}],"about":[{"href":"https:\/\/krets.jagareforbundet.se\/norrtaljesodra\/wp-json\/wp\/v2\/types\/page"}],"author":[{"embeddable":true,"href":"https:\/\/krets.jagareforbundet.se\/norrtaljesodra\/wp-json\/wp\/v2\/users\/117"}],"replies":[{"embeddable":true,"href":"https:\/\/krets.jagareforbundet.se\/norrtaljesodra\/wp-json\/wp\/v2\/comments?post=574"}],"version-history":[{"count":2,"href":"https:\/\/krets.jagareforbundet.se\/norrtaljesodra\/wp-json\/wp\/v2\/pages\/574\/revisions"}],"predecessor-version":[{"id":853,"href":"https:\/\/krets.jagareforbundet.se\/norrtaljesodra\/wp-json\/wp\/v2\/pages\/574\/revisions\/853"}],"wp:attachment":[{"href":"https:\/\/krets.jagareforbundet.se\/norrtaljesodra\/wp-json\/wp\/v2\/media?parent=574"}],"curies":[{"name":"wp","href":"https:\/\/api.w.org\/{rel}","templated":true}]}}