{"id":661,"date":"2021-05-02T19:33:31","date_gmt":"2021-05-02T17:33:31","guid":{"rendered":"https:\/\/krets.jagareforbundet.se\/norrtaljesodra\/?page_id=661"},"modified":"2025-03-17T21:45:25","modified_gmt":"2025-03-17T20:45:25","slug":"protokoll-arsmote-2021","status":"publish","type":"page","link":"https:\/\/krets.jagareforbundet.se\/norrtaljesodra\/protokoll-arsmote-2021\/","title":{"rendered":"Protokoll \u00e5rsm\u00f6te 2025"},"content":{"rendered":"<h3><\/h3>\n<p>&nbsp;<\/p>\n<h3>F\u00f6r att se protokollet fr\u00e5n \u00e5rsm\u00f6tet klicka p\u00e5 l\u00e4nken nedan<\/h3>\n<p>&nbsp;<\/p>\n<h3><span style=\"color: #0000ff\"><a style=\"color: #0000ff\" href=\"https:\/\/krets.jagareforbundet.se\/norrtaljesodra\/files\/2025\/03\/Arsmotesprotokoll-25.pdf\">\u00c5rsm\u00f6tesprotokoll 25<\/a><\/span><\/h3>\n<p>&nbsp;<\/p>\n","protected":false},"excerpt":{"rendered":"<p>&nbsp; F\u00f6r att se protokollet fr\u00e5n \u00e5rsm\u00f6tet klicka p\u00e5 l\u00e4nken nedan &nbsp; \u00c5rsm\u00f6tesprotokoll 25 &nbsp;<\/p>\n","protected":false},"author":117,"featured_media":0,"parent":0,"menu_order":0,"comment_status":"closed","ping_status":"closed","template":"","meta":{"footnotes":""},"class_list":["post-661","page","type-page","status-publish","hentry"],"_links":{"self":[{"href":"https:\/\/krets.jagareforbundet.se\/norrtaljesodra\/wp-json\/wp\/v2\/pages\/661","targetHints":{"allow":["GET"]}}],"collection":[{"href":"https:\/\/krets.jagareforbundet.se\/norrtaljesodra\/wp-json\/wp\/v2\/pages"}],"about":[{"href":"https:\/\/krets.jagareforbundet.se\/norrtaljesodra\/wp-json\/wp\/v2\/types\/page"}],"author":[{"embeddable":true,"href":"https:\/\/krets.jagareforbundet.se\/norrtaljesodra\/wp-json\/wp\/v2\/users\/117"}],"replies":[{"embeddable":true,"href":"https:\/\/krets.jagareforbundet.se\/norrtaljesodra\/wp-json\/wp\/v2\/comments?post=661"}],"version-history":[{"count":3,"href":"https:\/\/krets.jagareforbundet.se\/norrtaljesodra\/wp-json\/wp\/v2\/pages\/661\/revisions"}],"predecessor-version":[{"id":847,"href":"https:\/\/krets.jagareforbundet.se\/norrtaljesodra\/wp-json\/wp\/v2\/pages\/661\/revisions\/847"}],"wp:attachment":[{"href":"https:\/\/krets.jagareforbundet.se\/norrtaljesodra\/wp-json\/wp\/v2\/media?parent=661"}],"curies":[{"name":"wp","href":"https:\/\/api.w.org\/{rel}","templated":true}]}}