{"id":710,"date":"2021-12-10T16:47:19","date_gmt":"2021-12-10T15:47:19","guid":{"rendered":"https:\/\/krets.jagareforbundet.se\/norrtaljesodra\/?page_id=710"},"modified":"2021-12-10T16:47:19","modified_gmt":"2021-12-10T15:47:19","slug":"2020-2","status":"publish","type":"page","link":"https:\/\/krets.jagareforbundet.se\/norrtaljesodra\/km-vilteftersok-2020\/2020-2\/","title":{"rendered":"2020"},"content":{"rendered":"<p>&nbsp;<\/p>\n<p><b>KM i viltefters\u00f6k<\/b><span style=\"font-weight: 400\"> genomf\u00f6rdes i maj 2020 med fem startande ekipage. Yvonne Franzen med beaglen Isa vann, tv\u00e5a blev \u00c5sa Jonsson med bayerska viltsp\u00e5rhunden Cilla och trea blev Kurt Widnersson med hunden Elza.<\/span><\/p>\n<p>&nbsp;<\/p>\n<p><a href=\"https:\/\/krets.jagareforbundet.se\/norrtaljesodra\/files\/2021\/02\/FullSizeR2.jpg\"><img loading=\"lazy\" decoding=\"async\" class=\"alignnone size-full wp-image-655\" src=\"https:\/\/krets.jagareforbundet.se\/norrtaljesodra\/files\/2021\/02\/FullSizeR2.jpg\" alt=\"\" width=\"800\" height=\"600\" srcset=\"https:\/\/krets.jagareforbundet.se\/norrtaljesodra\/files\/2021\/02\/FullSizeR2.jpg 800w, https:\/\/krets.jagareforbundet.se\/norrtaljesodra\/files\/2021\/02\/FullSizeR2-300x225.jpg 300w, https:\/\/krets.jagareforbundet.se\/norrtaljesodra\/files\/2021\/02\/FullSizeR2-768x576.jpg 768w\" sizes=\"auto, (max-width: 800px) 100vw, 800px\" \/><\/a><\/p>\n<p>Nima &#8211; Vit \u00c4lghund<\/p>\n<p>&nbsp;<\/p>\n<p><a href=\"https:\/\/krets.jagareforbundet.se\/norrtaljesodra\/files\/2021\/02\/IMGP35891.jpg\"><img loading=\"lazy\" decoding=\"async\" class=\"alignnone size-full wp-image-657\" src=\"https:\/\/krets.jagareforbundet.se\/norrtaljesodra\/files\/2021\/02\/IMGP35891.jpg\" alt=\"\" width=\"680\" height=\"1024\" srcset=\"https:\/\/krets.jagareforbundet.se\/norrtaljesodra\/files\/2021\/02\/IMGP35891.jpg 680w, https:\/\/krets.jagareforbundet.se\/norrtaljesodra\/files\/2021\/02\/IMGP35891-199x300.jpg 199w\" sizes=\"auto, (max-width: 680px) 100vw, 680px\" \/><\/a><\/p>\n<p>Elza &#8211; Blandras<\/p>\n<p><a href=\"https:\/\/krets.jagareforbundet.se\/norrtaljesodra\/files\/2021\/02\/IMGP35841.jpg\"><img loading=\"lazy\" decoding=\"async\" class=\"alignnone size-full wp-image-656\" src=\"https:\/\/krets.jagareforbundet.se\/norrtaljesodra\/files\/2021\/02\/IMGP35841.jpg\" alt=\"\" width=\"680\" height=\"1024\" srcset=\"https:\/\/krets.jagareforbundet.se\/norrtaljesodra\/files\/2021\/02\/IMGP35841.jpg 680w, https:\/\/krets.jagareforbundet.se\/norrtaljesodra\/files\/2021\/02\/IMGP35841-199x300.jpg 199w\" sizes=\"auto, (max-width: 680px) 100vw, 680px\" \/><\/a><\/p>\n<p>Bea &#8211; Wachtelhund<\/p>\n<p><a href=\"https:\/\/krets.jagareforbundet.se\/norrtaljesodra\/files\/2021\/02\/FullSizeR1.jpg\"><img loading=\"lazy\" decoding=\"async\" class=\"alignnone size-full wp-image-654\" src=\"https:\/\/krets.jagareforbundet.se\/norrtaljesodra\/files\/2021\/02\/FullSizeR1.jpg\" alt=\"\" width=\"1024\" height=\"768\" srcset=\"https:\/\/krets.jagareforbundet.se\/norrtaljesodra\/files\/2021\/02\/FullSizeR1.jpg 1024w, https:\/\/krets.jagareforbundet.se\/norrtaljesodra\/files\/2021\/02\/FullSizeR1-300x225.jpg 300w, https:\/\/krets.jagareforbundet.se\/norrtaljesodra\/files\/2021\/02\/FullSizeR1-768x576.jpg 768w\" sizes=\"auto, (max-width: 1024px) 100vw, 1024px\" \/><\/a><\/p>\n<p>Isa &#8211; Beagle<\/p>\n<p><a href=\"https:\/\/krets.jagareforbundet.se\/norrtaljesodra\/files\/2021\/02\/IMGP35941.jpg\"><img loading=\"lazy\" decoding=\"async\" class=\"alignnone size-full wp-image-653\" src=\"https:\/\/krets.jagareforbundet.se\/norrtaljesodra\/files\/2021\/02\/IMGP35941.jpg\" alt=\"\" width=\"680\" height=\"1024\" srcset=\"https:\/\/krets.jagareforbundet.se\/norrtaljesodra\/files\/2021\/02\/IMGP35941.jpg 680w, https:\/\/krets.jagareforbundet.se\/norrtaljesodra\/files\/2021\/02\/IMGP35941-199x300.jpg 199w\" sizes=\"auto, (max-width: 680px) 100vw, 680px\" \/><\/a><\/p>\n<p>Cilla &#8211; Bayersk viltsp\u00e5rhund<\/p>\n<p>&nbsp;<\/p>\n","protected":false},"excerpt":{"rendered":"<p>&nbsp; KM i viltefters\u00f6k genomf\u00f6rdes i maj 2020 med fem startande ekipage. Yvonne Franzen med beaglen Isa vann, tv\u00e5a blev \u00c5sa Jonsson med bayerska viltsp\u00e5rhunden Cilla och trea blev Kurt Widnersson med hunden Elza. &nbsp; Nima &#8211; Vit \u00c4lghund &nbsp; Elza &#8211; Blandras Bea &#8211; Wachtelhund Isa &#8211; Beagle Cilla &#8211; Bayersk viltsp\u00e5rhund &nbsp;<\/p>\n","protected":false},"author":117,"featured_media":0,"parent":652,"menu_order":0,"comment_status":"closed","ping_status":"closed","template":"","meta":{"footnotes":""},"class_list":["post-710","page","type-page","status-publish","hentry"],"_links":{"self":[{"href":"https:\/\/krets.jagareforbundet.se\/norrtaljesodra\/wp-json\/wp\/v2\/pages\/710","targetHints":{"allow":["GET"]}}],"collection":[{"href":"https:\/\/krets.jagareforbundet.se\/norrtaljesodra\/wp-json\/wp\/v2\/pages"}],"about":[{"href":"https:\/\/krets.jagareforbundet.se\/norrtaljesodra\/wp-json\/wp\/v2\/types\/page"}],"author":[{"embeddable":true,"href":"https:\/\/krets.jagareforbundet.se\/norrtaljesodra\/wp-json\/wp\/v2\/users\/117"}],"replies":[{"embeddable":true,"href":"https:\/\/krets.jagareforbundet.se\/norrtaljesodra\/wp-json\/wp\/v2\/comments?post=710"}],"version-history":[{"count":1,"href":"https:\/\/krets.jagareforbundet.se\/norrtaljesodra\/wp-json\/wp\/v2\/pages\/710\/revisions"}],"predecessor-version":[{"id":711,"href":"https:\/\/krets.jagareforbundet.se\/norrtaljesodra\/wp-json\/wp\/v2\/pages\/710\/revisions\/711"}],"up":[{"embeddable":true,"href":"https:\/\/krets.jagareforbundet.se\/norrtaljesodra\/wp-json\/wp\/v2\/pages\/652"}],"wp:attachment":[{"href":"https:\/\/krets.jagareforbundet.se\/norrtaljesodra\/wp-json\/wp\/v2\/media?parent=710"}],"curies":[{"name":"wp","href":"https:\/\/api.w.org\/{rel}","templated":true}]}}