{"id":723,"date":"2021-12-10T17:03:51","date_gmt":"2021-12-10T16:03:51","guid":{"rendered":"https:\/\/krets.jagareforbundet.se\/norrtaljesodra\/?page_id=723"},"modified":"2021-12-10T17:03:51","modified_gmt":"2021-12-10T16:03:51","slug":"2021-2","status":"publish","type":"page","link":"https:\/\/krets.jagareforbundet.se\/norrtaljesodra\/km-vilteftersok-2020\/2021-2\/","title":{"rendered":"2021"},"content":{"rendered":"<p>Bilder fr\u00e5n kretsm\u00e4sterskap i efters\u00f6k 9\/5-21 I \u00e5r deltog 7 hundar.<\/p>\n<p>En trevlig dag p\u00e5 Sika d\u00e4r erfarenhet, kunskap o historier delades flitigt \u00f6ver en kopp kaffe vid brasan&#8230;<\/p>\n<p>I \u00e5r representerar vi kretsen med tv\u00e5 ekipage, d\u00e5 det f\u00f6rra \u00e5ret inte blev n\u00e5got LM pga pandemi. Yvonne med Isa fr\u00e5n -20 o \u00c5sa med Cilla fr\u00e5n -21 l\u00e4nsm\u00e4sterskapet g\u00e5r i \u00e5r p\u00e5 G\u00e5l\u00f6 i juli.<\/p>\n<p>&nbsp;<\/p>\n<p><a href=\"https:\/\/krets.jagareforbundet.se\/norrtaljesodra\/files\/2021\/12\/IMGP3731.jpg\"><img loading=\"lazy\" decoding=\"async\" class=\"alignnone size-full wp-image-719\" src=\"https:\/\/krets.jagareforbundet.se\/norrtaljesodra\/files\/2021\/12\/IMGP3731.jpg\" alt=\"\" width=\"1870\" height=\"1768\" srcset=\"https:\/\/krets.jagareforbundet.se\/norrtaljesodra\/files\/2021\/12\/IMGP3731.jpg 1870w, https:\/\/krets.jagareforbundet.se\/norrtaljesodra\/files\/2021\/12\/IMGP3731-300x284.jpg 300w, https:\/\/krets.jagareforbundet.se\/norrtaljesodra\/files\/2021\/12\/IMGP3731-1024x968.jpg 1024w, https:\/\/krets.jagareforbundet.se\/norrtaljesodra\/files\/2021\/12\/IMGP3731-768x726.jpg 768w, https:\/\/krets.jagareforbundet.se\/norrtaljesodra\/files\/2021\/12\/IMGP3731-1536x1452.jpg 1536w\" sizes=\"auto, (max-width: 1870px) 100vw, 1870px\" \/><\/a>1a: \u00c5sa med Cilla<br \/>\nBayersk viltsp\u00e5rhund<\/p>\n<p>&nbsp;<\/p>\n<p><a href=\"https:\/\/krets.jagareforbundet.se\/norrtaljesodra\/files\/2021\/12\/IMGP3721.jpg\"><img loading=\"lazy\" decoding=\"async\" class=\"alignnone size-full wp-image-717\" src=\"https:\/\/krets.jagareforbundet.se\/norrtaljesodra\/files\/2021\/12\/IMGP3721.jpg\" alt=\"\" width=\"1530\" height=\"2161\" srcset=\"https:\/\/krets.jagareforbundet.se\/norrtaljesodra\/files\/2021\/12\/IMGP3721.jpg 1530w, https:\/\/krets.jagareforbundet.se\/norrtaljesodra\/files\/2021\/12\/IMGP3721-212x300.jpg 212w, https:\/\/krets.jagareforbundet.se\/norrtaljesodra\/files\/2021\/12\/IMGP3721-725x1024.jpg 725w, https:\/\/krets.jagareforbundet.se\/norrtaljesodra\/files\/2021\/12\/IMGP3721-768x1085.jpg 768w, https:\/\/krets.jagareforbundet.se\/norrtaljesodra\/files\/2021\/12\/IMGP3721-1087x1536.jpg 1087w, https:\/\/krets.jagareforbundet.se\/norrtaljesodra\/files\/2021\/12\/IMGP3721-1450x2048.jpg 1450w\" sizes=\"auto, (max-width: 1530px) 100vw, 1530px\" \/><\/a>2a: Nicke med Nima<br \/>\nSvensk vit \u00e4lghund<\/p>\n<p><a href=\"https:\/\/krets.jagareforbundet.se\/norrtaljesodra\/files\/2021\/12\/IMGP3714.jpg\"><img loading=\"lazy\" decoding=\"async\" class=\"alignnone size-full wp-image-716\" src=\"https:\/\/krets.jagareforbundet.se\/norrtaljesodra\/files\/2021\/12\/IMGP3714.jpg\" alt=\"\" width=\"1580\" height=\"2092\" srcset=\"https:\/\/krets.jagareforbundet.se\/norrtaljesodra\/files\/2021\/12\/IMGP3714.jpg 1580w, https:\/\/krets.jagareforbundet.se\/norrtaljesodra\/files\/2021\/12\/IMGP3714-227x300.jpg 227w, https:\/\/krets.jagareforbundet.se\/norrtaljesodra\/files\/2021\/12\/IMGP3714-773x1024.jpg 773w, https:\/\/krets.jagareforbundet.se\/norrtaljesodra\/files\/2021\/12\/IMGP3714-768x1017.jpg 768w, https:\/\/krets.jagareforbundet.se\/norrtaljesodra\/files\/2021\/12\/IMGP3714-1160x1536.jpg 1160w, https:\/\/krets.jagareforbundet.se\/norrtaljesodra\/files\/2021\/12\/IMGP3714-1547x2048.jpg 1547w\" sizes=\"auto, (max-width: 1580px) 100vw, 1580px\" \/><\/a><br \/>\n3a: \u00c5sa med Gini<br \/>\nBayersk viltsp\u00e5rhund<\/p>\n<p><a href=\"https:\/\/krets.jagareforbundet.se\/norrtaljesodra\/files\/2021\/12\/IMGP3706.jpg\"><img loading=\"lazy\" decoding=\"async\" class=\"alignnone size-full wp-image-721\" src=\"https:\/\/krets.jagareforbundet.se\/norrtaljesodra\/files\/2021\/12\/IMGP3706.jpg\" alt=\"\" width=\"1525\" height=\"2168\" srcset=\"https:\/\/krets.jagareforbundet.se\/norrtaljesodra\/files\/2021\/12\/IMGP3706.jpg 1525w, https:\/\/krets.jagareforbundet.se\/norrtaljesodra\/files\/2021\/12\/IMGP3706-211x300.jpg 211w, https:\/\/krets.jagareforbundet.se\/norrtaljesodra\/files\/2021\/12\/IMGP3706-720x1024.jpg 720w, https:\/\/krets.jagareforbundet.se\/norrtaljesodra\/files\/2021\/12\/IMGP3706-768x1092.jpg 768w, https:\/\/krets.jagareforbundet.se\/norrtaljesodra\/files\/2021\/12\/IMGP3706-1080x1536.jpg 1080w, https:\/\/krets.jagareforbundet.se\/norrtaljesodra\/files\/2021\/12\/IMGP3706-1441x2048.jpg 1441w\" sizes=\"auto, (max-width: 1525px) 100vw, 1525px\" \/><\/a><br \/>\n4a: Yvonne med Isa<br \/>\nBeagle<\/p>\n<p><a href=\"https:\/\/krets.jagareforbundet.se\/norrtaljesodra\/files\/2021\/12\/IMGP3698.jpg\"><img loading=\"lazy\" decoding=\"async\" class=\"alignnone size-full wp-image-720\" src=\"https:\/\/krets.jagareforbundet.se\/norrtaljesodra\/files\/2021\/12\/IMGP3698.jpg\" alt=\"\" width=\"1753\" height=\"1886\" srcset=\"https:\/\/krets.jagareforbundet.se\/norrtaljesodra\/files\/2021\/12\/IMGP3698.jpg 1753w, https:\/\/krets.jagareforbundet.se\/norrtaljesodra\/files\/2021\/12\/IMGP3698-279x300.jpg 279w, https:\/\/krets.jagareforbundet.se\/norrtaljesodra\/files\/2021\/12\/IMGP3698-952x1024.jpg 952w, https:\/\/krets.jagareforbundet.se\/norrtaljesodra\/files\/2021\/12\/IMGP3698-768x826.jpg 768w, https:\/\/krets.jagareforbundet.se\/norrtaljesodra\/files\/2021\/12\/IMGP3698-1428x1536.jpg 1428w\" sizes=\"auto, (max-width: 1753px) 100vw, 1753px\" \/><\/a><br \/>\n4a: Christina med Bea<br \/>\nWachtelhund<\/p>\n<p>&nbsp;<\/p>\n<p><a href=\"https:\/\/krets.jagareforbundet.se\/norrtaljesodra\/files\/2021\/12\/IMGP3711.jpg\"><img loading=\"lazy\" decoding=\"async\" class=\"alignnone size-full wp-image-722\" src=\"https:\/\/krets.jagareforbundet.se\/norrtaljesodra\/files\/2021\/12\/IMGP3711.jpg\" alt=\"\" width=\"1613\" height=\"2050\" srcset=\"https:\/\/krets.jagareforbundet.se\/norrtaljesodra\/files\/2021\/12\/IMGP3711.jpg 1613w, https:\/\/krets.jagareforbundet.se\/norrtaljesodra\/files\/2021\/12\/IMGP3711-236x300.jpg 236w, https:\/\/krets.jagareforbundet.se\/norrtaljesodra\/files\/2021\/12\/IMGP3711-806x1024.jpg 806w, https:\/\/krets.jagareforbundet.se\/norrtaljesodra\/files\/2021\/12\/IMGP3711-768x976.jpg 768w, https:\/\/krets.jagareforbundet.se\/norrtaljesodra\/files\/2021\/12\/IMGP3711-1209x1536.jpg 1209w, https:\/\/krets.jagareforbundet.se\/norrtaljesodra\/files\/2021\/12\/IMGP3711-1611x2048.jpg 1611w\" sizes=\"auto, (max-width: 1613px) 100vw, 1613px\" \/><\/a><br \/>\n4a: Micke med Nova<br \/>\nBlandras<\/p>\n<p>&nbsp;<\/p>\n<p><a href=\"https:\/\/krets.jagareforbundet.se\/norrtaljesodra\/files\/2021\/12\/IMGP3727.jpg\"><img loading=\"lazy\" decoding=\"async\" class=\"alignnone size-full wp-image-718\" src=\"https:\/\/krets.jagareforbundet.se\/norrtaljesodra\/files\/2021\/12\/IMGP3727.jpg\" alt=\"\" width=\"1632\" height=\"2025\" srcset=\"https:\/\/krets.jagareforbundet.se\/norrtaljesodra\/files\/2021\/12\/IMGP3727.jpg 1632w, https:\/\/krets.jagareforbundet.se\/norrtaljesodra\/files\/2021\/12\/IMGP3727-242x300.jpg 242w, https:\/\/krets.jagareforbundet.se\/norrtaljesodra\/files\/2021\/12\/IMGP3727-825x1024.jpg 825w, https:\/\/krets.jagareforbundet.se\/norrtaljesodra\/files\/2021\/12\/IMGP3727-768x953.jpg 768w, https:\/\/krets.jagareforbundet.se\/norrtaljesodra\/files\/2021\/12\/IMGP3727-1238x1536.jpg 1238w\" sizes=\"auto, (max-width: 1632px) 100vw, 1632px\" \/><\/a><br \/>\n4a: Kurt med Elza<br \/>\nBlandras<\/p>\n<p>&nbsp;<\/p>\n<p>&nbsp;<\/p>\n","protected":false},"excerpt":{"rendered":"<p>Bilder fr\u00e5n kretsm\u00e4sterskap i efters\u00f6k 9\/5-21 I \u00e5r deltog 7 hundar. En trevlig dag p\u00e5 Sika d\u00e4r erfarenhet, kunskap o historier delades flitigt \u00f6ver en kopp kaffe vid brasan&#8230; I \u00e5r representerar vi kretsen med tv\u00e5 ekipage, d\u00e5 det f\u00f6rra \u00e5ret inte blev n\u00e5got LM pga pandemi. Yvonne med Isa fr\u00e5n -20 o \u00c5sa med [&hellip;]<\/p>\n","protected":false},"author":117,"featured_media":0,"parent":652,"menu_order":0,"comment_status":"closed","ping_status":"closed","template":"","meta":{"footnotes":""},"class_list":["post-723","page","type-page","status-publish","hentry"],"_links":{"self":[{"href":"https:\/\/krets.jagareforbundet.se\/norrtaljesodra\/wp-json\/wp\/v2\/pages\/723","targetHints":{"allow":["GET"]}}],"collection":[{"href":"https:\/\/krets.jagareforbundet.se\/norrtaljesodra\/wp-json\/wp\/v2\/pages"}],"about":[{"href":"https:\/\/krets.jagareforbundet.se\/norrtaljesodra\/wp-json\/wp\/v2\/types\/page"}],"author":[{"embeddable":true,"href":"https:\/\/krets.jagareforbundet.se\/norrtaljesodra\/wp-json\/wp\/v2\/users\/117"}],"replies":[{"embeddable":true,"href":"https:\/\/krets.jagareforbundet.se\/norrtaljesodra\/wp-json\/wp\/v2\/comments?post=723"}],"version-history":[{"count":3,"href":"https:\/\/krets.jagareforbundet.se\/norrtaljesodra\/wp-json\/wp\/v2\/pages\/723\/revisions"}],"predecessor-version":[{"id":728,"href":"https:\/\/krets.jagareforbundet.se\/norrtaljesodra\/wp-json\/wp\/v2\/pages\/723\/revisions\/728"}],"up":[{"embeddable":true,"href":"https:\/\/krets.jagareforbundet.se\/norrtaljesodra\/wp-json\/wp\/v2\/pages\/652"}],"wp:attachment":[{"href":"https:\/\/krets.jagareforbundet.se\/norrtaljesodra\/wp-json\/wp\/v2\/media?parent=723"}],"curies":[{"name":"wp","href":"https:\/\/api.w.org\/{rel}","templated":true}]}}