{"id":866,"date":"2025-10-21T21:09:41","date_gmt":"2025-10-21T19:09:41","guid":{"rendered":"https:\/\/krets.jagareforbundet.se\/norrtaljesodra\/?page_id=866"},"modified":"2025-10-21T21:09:41","modified_gmt":"2025-10-21T19:09:41","slug":"arsmotesprotokoll-2025","status":"publish","type":"page","link":"https:\/\/krets.jagareforbundet.se\/norrtaljesodra\/algskotselomradet\/arsmotesprotokoll-2025\/","title":{"rendered":"\u00c5rsm\u00f6tesprotokoll 2025"},"content":{"rendered":"<p>Klicka p\u00e5 l\u00e4nken f\u00f6r att se protokollet: <span style=\"color: #0000ff\"><a style=\"color: #0000ff\" href=\"https:\/\/krets.jagareforbundet.se\/norrtaljesodra\/files\/2025\/10\/Arsmotesprotokoll-2025.pdf\">\u00c5rsm\u00f6tesprotokoll 2025<\/a><\/span><\/p>\n","protected":false},"excerpt":{"rendered":"<p>Klicka p\u00e5 l\u00e4nken f\u00f6r att se protokollet: \u00c5rsm\u00f6tesprotokoll 2025<\/p>\n","protected":false},"author":117,"featured_media":0,"parent":214,"menu_order":0,"comment_status":"closed","ping_status":"closed","template":"","meta":{"footnotes":""},"class_list":["post-866","page","type-page","status-publish","hentry"],"_links":{"self":[{"href":"https:\/\/krets.jagareforbundet.se\/norrtaljesodra\/wp-json\/wp\/v2\/pages\/866","targetHints":{"allow":["GET"]}}],"collection":[{"href":"https:\/\/krets.jagareforbundet.se\/norrtaljesodra\/wp-json\/wp\/v2\/pages"}],"about":[{"href":"https:\/\/krets.jagareforbundet.se\/norrtaljesodra\/wp-json\/wp\/v2\/types\/page"}],"author":[{"embeddable":true,"href":"https:\/\/krets.jagareforbundet.se\/norrtaljesodra\/wp-json\/wp\/v2\/users\/117"}],"replies":[{"embeddable":true,"href":"https:\/\/krets.jagareforbundet.se\/norrtaljesodra\/wp-json\/wp\/v2\/comments?post=866"}],"version-history":[{"count":1,"href":"https:\/\/krets.jagareforbundet.se\/norrtaljesodra\/wp-json\/wp\/v2\/pages\/866\/revisions"}],"predecessor-version":[{"id":868,"href":"https:\/\/krets.jagareforbundet.se\/norrtaljesodra\/wp-json\/wp\/v2\/pages\/866\/revisions\/868"}],"up":[{"embeddable":true,"href":"https:\/\/krets.jagareforbundet.se\/norrtaljesodra\/wp-json\/wp\/v2\/pages\/214"}],"wp:attachment":[{"href":"https:\/\/krets.jagareforbundet.se\/norrtaljesodra\/wp-json\/wp\/v2\/media?parent=866"}],"curies":[{"name":"wp","href":"https:\/\/api.w.org\/{rel}","templated":true}]}}