{"id":141,"date":"2014-03-06T19:22:57","date_gmt":"2014-03-06T18:22:57","guid":{"rendered":"https:\/\/krets.jagareforbundet.se\/ockelbo\/?page_id=141"},"modified":"2026-03-11T12:30:15","modified_gmt":"2026-03-11T11:30:15","slug":"ovriga-fortroendevalda","status":"publish","type":"page","link":"https:\/\/krets.jagareforbundet.se\/ockelbo\/styrelsen-ockelbo-jvk\/ovriga-fortroendevalda\/","title":{"rendered":"\u00d6vriga f\u00f6rtroendevalda"},"content":{"rendered":"<p><em><strong>Viltmatansvarig<\/strong><\/em><br \/>\nKenneth Bengtsson<br \/>\nTel: 0297-423 79, 076-800 46 46<\/p>\n<p><b><i>Webbansvarig<\/i><\/b><br \/>\nElin Skoglund<br \/>\n072 &#8211; 386 8992<\/p>\n<p><b><i>Rovviltsansvarig<br \/>\nVilt\u00f6vervakningsansvarig<br \/>\n<\/i><\/b>Jan Blank, 073 &#8211; 5718722<\/p>\n<p><b><i>Viltolyckor<\/i><\/b><br \/>\nEnligt paragraf 26 i Jaktlagen och paragraf 40 i jaktf\u00f6roordningen \u00e4r man enligt lag skyldig att rapportera och m\u00e4rka ut platsen vid en kollision med \u00e4lg, hjort, r\u00e5djur, vildsvin, lodjur, j\u00e4rv, mufflonf\u00e5r, bj\u00f6rn, utter, varg och \u00f6rn, \u00e4ven om djuret inte \u00e4r synbarligen skadat. Att inte anm\u00e4la \u00e4r straffbart och belagt med b\u00f6ter.<br \/>\nS\u00e5 h\u00e4r g\u00f6r du vid en viltolycka:<br \/>\nVarna andra trafikanter, s\u00e4tt ut varningstriangel<br \/>\nTa hand om skadade<br \/>\nLarma polis, SOS 112<br \/>\nMarkera platsen f\u00f6r kollisionen<br \/>\nL\u00e4mna tydlig v\u00e4gbeskrivning, n\u00e4r du larmar om olyckan. Dina uppgifter \u00e4r viktiga f\u00f6r att minimera ett l\u00e5ngt lidande f\u00f6r ett skadat vilt.<br \/>\nOBS: Alla \u00e4renden m\u00e5ste alltid f\u00f6rst g\u00e5 genom polisen!<br \/>\n<strong>Samordnare<\/strong><br \/>\nFolke Eriksson och Stig Blomberg<\/p>\n<p><b><i>Kommunj\u00e4gare<\/i><\/b><br \/>\nOBS: Alla \u00e4renden m\u00e5ste alltid g\u00e5 genom Ockelbo kommun!<br \/>\nRing kommunens v\u00e4xel 0297-555 00.<\/p>\n<p><b><i>JAQT ansvarig<\/i><\/b><br \/>\nElin Skoglund<br \/>\n072 &#8211; 386 8992<\/p>\n","protected":false},"excerpt":{"rendered":"<p>Viltmatansvarig Kenneth Bengtsson Tel: 0297-423 79, 076-800 46 46 Webbansvarig Elin Skoglund 072 &#8211; 386 8992 Rovviltsansvarig Vilt\u00f6vervakningsansvarig Jan Blank, 073 &#8211; 5718722 Viltolyckor Enligt paragraf 26 i Jaktlagen och paragraf 40 i jaktf\u00f6roordningen \u00e4r man enligt lag skyldig att rapportera och m\u00e4rka ut platsen vid en kollision med \u00e4lg, hjort, r\u00e5djur, vildsvin, lodjur, j\u00e4rv, [&hellip;]<\/p>\n","protected":false},"author":133,"featured_media":0,"parent":138,"menu_order":5,"comment_status":"open","ping_status":"open","template":"","meta":{"footnotes":""},"class_list":["post-141","page","type-page","status-publish","hentry"],"_links":{"self":[{"href":"https:\/\/krets.jagareforbundet.se\/ockelbo\/wp-json\/wp\/v2\/pages\/141","targetHints":{"allow":["GET"]}}],"collection":[{"href":"https:\/\/krets.jagareforbundet.se\/ockelbo\/wp-json\/wp\/v2\/pages"}],"about":[{"href":"https:\/\/krets.jagareforbundet.se\/ockelbo\/wp-json\/wp\/v2\/types\/page"}],"author":[{"embeddable":true,"href":"https:\/\/krets.jagareforbundet.se\/ockelbo\/wp-json\/wp\/v2\/users\/133"}],"replies":[{"embeddable":true,"href":"https:\/\/krets.jagareforbundet.se\/ockelbo\/wp-json\/wp\/v2\/comments?post=141"}],"version-history":[{"count":3,"href":"https:\/\/krets.jagareforbundet.se\/ockelbo\/wp-json\/wp\/v2\/pages\/141\/revisions"}],"predecessor-version":[{"id":413,"href":"https:\/\/krets.jagareforbundet.se\/ockelbo\/wp-json\/wp\/v2\/pages\/141\/revisions\/413"}],"up":[{"embeddable":true,"href":"https:\/\/krets.jagareforbundet.se\/ockelbo\/wp-json\/wp\/v2\/pages\/138"}],"wp:attachment":[{"href":"https:\/\/krets.jagareforbundet.se\/ockelbo\/wp-json\/wp\/v2\/media?parent=141"}],"curies":[{"name":"wp","href":"https:\/\/api.w.org\/{rel}","templated":true}]}}