{"id":144,"date":"2014-03-06T22:33:28","date_gmt":"2014-03-06T21:33:28","guid":{"rendered":"https:\/\/krets.jagareforbundet.se\/ockelbo\/?page_id=144"},"modified":"2026-03-11T12:32:13","modified_gmt":"2026-03-11T11:32:13","slug":"jaqt-kvinnligt-natverk","status":"publish","type":"page","link":"https:\/\/krets.jagareforbundet.se\/ockelbo\/jaqt-kvinnligt-natverk\/","title":{"rendered":"JAQT &#8211; Kvinnligt n\u00e4tverk"},"content":{"rendered":"<p>Kvinnor och jakt<\/p>\n<p><b>JAQT<\/b><\/p>\n<p>\u00c4r du tjej och vill hj\u00e4lpa till att h\u00e5lla i aktiviteter f\u00f6r kvinnor, exvis tjejskytte p\u00e5 H\u00e4bberg?<\/p>\n<p>Kontakta Elin Skoglund<\/p>\n<p>Klicka p\u00e5 l\u00e4nken f\u00f6r att komma till Wilda kvinnor och jakt.<br \/>\n<a href=\"http:\/\/www.jagarforbundet.se\/Jagaren\/Wilda-kvinnor-och-JAQT-2\/\">www.jagarforbundet.se\/Jagaren\/Wilda-kvinnor-och-JAQT-2\/<\/a><\/p>\n<p>&nbsp;<\/p>\n","protected":false},"excerpt":{"rendered":"<p>Kvinnor och jakt JAQT \u00c4r du tjej och vill hj\u00e4lpa till att h\u00e5lla i aktiviteter f\u00f6r kvinnor, exvis tjejskytte p\u00e5 H\u00e4bberg? Kontakta Elin Skoglund Klicka p\u00e5 l\u00e4nken f\u00f6r att komma till Wilda kvinnor och jakt. www.jagarforbundet.se\/Jagaren\/Wilda-kvinnor-och-JAQT-2\/ &nbsp;<\/p>\n","protected":false},"author":133,"featured_media":393,"parent":0,"menu_order":30,"comment_status":"open","ping_status":"open","template":"","meta":{"footnotes":""},"class_list":["post-144","page","type-page","status-publish","has-post-thumbnail","hentry"],"_links":{"self":[{"href":"https:\/\/krets.jagareforbundet.se\/ockelbo\/wp-json\/wp\/v2\/pages\/144","targetHints":{"allow":["GET"]}}],"collection":[{"href":"https:\/\/krets.jagareforbundet.se\/ockelbo\/wp-json\/wp\/v2\/pages"}],"about":[{"href":"https:\/\/krets.jagareforbundet.se\/ockelbo\/wp-json\/wp\/v2\/types\/page"}],"author":[{"embeddable":true,"href":"https:\/\/krets.jagareforbundet.se\/ockelbo\/wp-json\/wp\/v2\/users\/133"}],"replies":[{"embeddable":true,"href":"https:\/\/krets.jagareforbundet.se\/ockelbo\/wp-json\/wp\/v2\/comments?post=144"}],"version-history":[{"count":4,"href":"https:\/\/krets.jagareforbundet.se\/ockelbo\/wp-json\/wp\/v2\/pages\/144\/revisions"}],"predecessor-version":[{"id":414,"href":"https:\/\/krets.jagareforbundet.se\/ockelbo\/wp-json\/wp\/v2\/pages\/144\/revisions\/414"}],"wp:featuredmedia":[{"embeddable":true,"href":"https:\/\/krets.jagareforbundet.se\/ockelbo\/wp-json\/wp\/v2\/media\/393"}],"wp:attachment":[{"href":"https:\/\/krets.jagareforbundet.se\/ockelbo\/wp-json\/wp\/v2\/media?parent=144"}],"curies":[{"name":"wp","href":"https:\/\/api.w.org\/{rel}","templated":true}]}}