{"id":146,"date":"2014-03-06T22:49:43","date_gmt":"2014-03-06T21:49:43","guid":{"rendered":"https:\/\/krets.jagareforbundet.se\/ockelbo\/?page_id=146"},"modified":"2026-03-11T12:32:50","modified_gmt":"2026-03-11T11:32:50","slug":"ungdomsjakt","status":"publish","type":"page","link":"https:\/\/krets.jagareforbundet.se\/ockelbo\/ungdomsjakt\/","title":{"rendered":"Ungdomsjakt"},"content":{"rendered":"<p>Ungdomsjakt planeras inf\u00f6r h\u00f6sten 2026 tillsammans med G\u00e4vle Norra JVK.<\/p>\n<p>Mer information kommer<\/p>\n<p><em><strong>Ungdomsansvarig<br \/>\n<\/strong><\/em>Elin Skoglund och Greger Rosenlit<\/p>\n","protected":false},"excerpt":{"rendered":"<p>Ungdomsjakt planeras inf\u00f6r h\u00f6sten 2026 tillsammans med G\u00e4vle Norra JVK. Mer information kommer Ungdomsansvarig Elin Skoglund och Greger Rosenlit<\/p>\n","protected":false},"author":133,"featured_media":0,"parent":0,"menu_order":40,"comment_status":"open","ping_status":"open","template":"","meta":{"footnotes":""},"class_list":["post-146","page","type-page","status-publish","hentry"],"_links":{"self":[{"href":"https:\/\/krets.jagareforbundet.se\/ockelbo\/wp-json\/wp\/v2\/pages\/146","targetHints":{"allow":["GET"]}}],"collection":[{"href":"https:\/\/krets.jagareforbundet.se\/ockelbo\/wp-json\/wp\/v2\/pages"}],"about":[{"href":"https:\/\/krets.jagareforbundet.se\/ockelbo\/wp-json\/wp\/v2\/types\/page"}],"author":[{"embeddable":true,"href":"https:\/\/krets.jagareforbundet.se\/ockelbo\/wp-json\/wp\/v2\/users\/133"}],"replies":[{"embeddable":true,"href":"https:\/\/krets.jagareforbundet.se\/ockelbo\/wp-json\/wp\/v2\/comments?post=146"}],"version-history":[{"count":4,"href":"https:\/\/krets.jagareforbundet.se\/ockelbo\/wp-json\/wp\/v2\/pages\/146\/revisions"}],"predecessor-version":[{"id":415,"href":"https:\/\/krets.jagareforbundet.se\/ockelbo\/wp-json\/wp\/v2\/pages\/146\/revisions\/415"}],"wp:attachment":[{"href":"https:\/\/krets.jagareforbundet.se\/ockelbo\/wp-json\/wp\/v2\/media?parent=146"}],"curies":[{"name":"wp","href":"https:\/\/api.w.org\/{rel}","templated":true}]}}