{"id":152,"date":"2014-03-06T23:36:14","date_gmt":"2014-03-06T22:36:14","guid":{"rendered":"https:\/\/krets.jagareforbundet.se\/ockelbo\/?page_id=152"},"modified":"2026-03-11T12:33:38","modified_gmt":"2026-03-11T11:33:38","slug":"provledare-jagarexamen","status":"publish","type":"page","link":"https:\/\/krets.jagareforbundet.se\/ockelbo\/provledare-jagarexamen\/","title":{"rendered":"Provledare J\u00e4garexamen"},"content":{"rendered":"<p>Provledare f\u00f6r J\u00e4garexamen i Ockelbo<\/p>\n<p>Anders Eriksson<br \/>\n070-539 04 65<\/p>\n<p>Kenneth Bengtsson<br \/>\n076-800 46 46<\/p>\n<p>Roger Wenell<br \/>\n0297-412 81, 070-232 50 14<br \/>\nwenellockelbo(AT)hotmail.com<\/p>\n","protected":false},"excerpt":{"rendered":"<p>Provledare f\u00f6r J\u00e4garexamen i Ockelbo Anders Eriksson 070-539 04 65 Kenneth Bengtsson 076-800 46 46 Roger Wenell 0297-412 81, 070-232 50 14 wenellockelbo(AT)hotmail.com<\/p>\n","protected":false},"author":133,"featured_media":0,"parent":0,"menu_order":20,"comment_status":"open","ping_status":"open","template":"","meta":{"footnotes":""},"class_list":["post-152","page","type-page","status-publish","hentry"],"_links":{"self":[{"href":"https:\/\/krets.jagareforbundet.se\/ockelbo\/wp-json\/wp\/v2\/pages\/152","targetHints":{"allow":["GET"]}}],"collection":[{"href":"https:\/\/krets.jagareforbundet.se\/ockelbo\/wp-json\/wp\/v2\/pages"}],"about":[{"href":"https:\/\/krets.jagareforbundet.se\/ockelbo\/wp-json\/wp\/v2\/types\/page"}],"author":[{"embeddable":true,"href":"https:\/\/krets.jagareforbundet.se\/ockelbo\/wp-json\/wp\/v2\/users\/133"}],"replies":[{"embeddable":true,"href":"https:\/\/krets.jagareforbundet.se\/ockelbo\/wp-json\/wp\/v2\/comments?post=152"}],"version-history":[{"count":3,"href":"https:\/\/krets.jagareforbundet.se\/ockelbo\/wp-json\/wp\/v2\/pages\/152\/revisions"}],"predecessor-version":[{"id":417,"href":"https:\/\/krets.jagareforbundet.se\/ockelbo\/wp-json\/wp\/v2\/pages\/152\/revisions\/417"}],"wp:attachment":[{"href":"https:\/\/krets.jagareforbundet.se\/ockelbo\/wp-json\/wp\/v2\/media?parent=152"}],"curies":[{"name":"wp","href":"https:\/\/api.w.org\/{rel}","templated":true}]}}