{"id":188,"date":"2014-05-05T00:36:37","date_gmt":"2014-05-04T22:36:37","guid":{"rendered":"https:\/\/krets.jagareforbundet.se\/ockelbo\/?page_id=188"},"modified":"2026-03-11T12:33:04","modified_gmt":"2026-03-11T11:33:04","slug":"skyttetraning-pa-habbergsskjutbana","status":"publish","type":"page","link":"https:\/\/krets.jagareforbundet.se\/ockelbo\/skyttetraning-pa-habbergsskjutbana\/","title":{"rendered":"Skyttetr\u00e4ning p\u00e5 H\u00e4bbergsskjutbana"},"content":{"rendered":"<p>&nbsp;<\/p>\n<h3><span style=\"font-family: Arial;font-size: large\">\u00a0Skyttetr\u00e4ning p\u00e5 H\u00e4bbergsskjutbana<br \/>\n<\/span><\/h3>\n<div><\/div>\n<div><strong><span style=\"font-family: Arial\">J\u00e4garskolans elever<\/span><\/strong><\/div>\n<div>Skjuter p\u00e5 m\u00e5ndagar<\/div>\n<div><\/div>\n<div><strong><span style=\"font-family: Arial\">Tjejskytte<\/span><\/strong><\/div>\n<div><\/div>\n<div>Se <a href=\"https:\/\/www.facebook.com\/groups\/1048194966135176\">FB-sida <\/a>f\u00f6r mer information<\/div>\n","protected":false},"excerpt":{"rendered":"<p>&nbsp; \u00a0Skyttetr\u00e4ning p\u00e5 H\u00e4bbergsskjutbana J\u00e4garskolans elever Skjuter p\u00e5 m\u00e5ndagar Tjejskytte Se FB-sida f\u00f6r mer information<\/p>\n","protected":false},"author":133,"featured_media":0,"parent":0,"menu_order":45,"comment_status":"open","ping_status":"open","template":"","meta":{"footnotes":""},"class_list":["post-188","page","type-page","status-publish","hentry"],"_links":{"self":[{"href":"https:\/\/krets.jagareforbundet.se\/ockelbo\/wp-json\/wp\/v2\/pages\/188","targetHints":{"allow":["GET"]}}],"collection":[{"href":"https:\/\/krets.jagareforbundet.se\/ockelbo\/wp-json\/wp\/v2\/pages"}],"about":[{"href":"https:\/\/krets.jagareforbundet.se\/ockelbo\/wp-json\/wp\/v2\/types\/page"}],"author":[{"embeddable":true,"href":"https:\/\/krets.jagareforbundet.se\/ockelbo\/wp-json\/wp\/v2\/users\/133"}],"replies":[{"embeddable":true,"href":"https:\/\/krets.jagareforbundet.se\/ockelbo\/wp-json\/wp\/v2\/comments?post=188"}],"version-history":[{"count":3,"href":"https:\/\/krets.jagareforbundet.se\/ockelbo\/wp-json\/wp\/v2\/pages\/188\/revisions"}],"predecessor-version":[{"id":416,"href":"https:\/\/krets.jagareforbundet.se\/ockelbo\/wp-json\/wp\/v2\/pages\/188\/revisions\/416"}],"wp:attachment":[{"href":"https:\/\/krets.jagareforbundet.se\/ockelbo\/wp-json\/wp\/v2\/media?parent=188"}],"curies":[{"name":"wp","href":"https:\/\/api.w.org\/{rel}","templated":true}]}}