{"id":2,"date":"2011-09-07T09:28:43","date_gmt":"2011-09-07T09:28:43","guid":{"rendered":"https:\/\/krets.jagareforbundet.se\/template\/?page_id=2"},"modified":"2026-03-11T12:04:19","modified_gmt":"2026-03-11T11:04:19","slug":"exempelsida","status":"publish","type":"page","link":"https:\/\/krets.jagareforbundet.se\/ockelbo\/","title":{"rendered":"V\u00e4lkommen"},"content":{"rendered":"<p><a href=\"https:\/\/krets.jagareforbundet.se\/ockelbo\/files\/2011\/09\/obokarta.gif\"><img loading=\"lazy\" decoding=\"async\" class=\"alignnone size-full wp-image-131\" src=\"https:\/\/krets.jagareforbundet.se\/ockelbo\/files\/2011\/09\/obokarta.gif\" alt=\"obokarta\" width=\"529\" height=\"423\" \/><\/a><\/p>\n<p>Ockelbo Jaktv\u00e5rdskrets<\/p>\n<p>Jaktlagen som har mark inom kommundelarna Ockelbo, \u00c5mot, Lingbo och J\u00e4dra\u00e5s ing\u00e5r.<\/p>\n<p>Kretsen gr\u00e4nsar till G\u00e4vle kommun i \u00f6ster, Falu kommun i v\u00e4ster, Sandvikens kommun i s\u00f6der samt Bolln\u00e4s och S\u00f6derhamns kommuner i norr.<\/p>\n<p>Medlemsantalet ligger p\u00e5 omkring 300 medlemmar. Vi jobbar f\u00f6r att tillvarata j\u00e4garnas intresse f\u00f6r jakt, vilt och viltv\u00e5rd inom v\u00e5rt verksamhetsomr\u00e5de och bedriver skyddsjakt \u00e5t kommunen (avlivar skadedjur) samt efters\u00f6k p\u00e5 trafikskadat vilt.<\/p>\n<p>Ovan finner du en karta \u00f6ver kretsomr\u00e5det.<\/p>\n<p>H\u00e4r under ser du v\u00e5rt Facebook-fl\u00f6de<\/p>\n<div data-tabs=\"timeline\" class=\"fb-page\" data-href=\"https:\/\/www.facebook.com\/ockelbojvk\/\" data-width=\"500\" data-height=\"600\" data-small-header=\"true\" data-adapt-container-width=\"true\" data-hide-cover=\"false\" data-show-facepile=\"true\">\n<blockquote class=\"fb-xfbml-parse-ignore\" cite=\"https:\/\/www.facebook.com\/ockelbojvk\/\"><p><a href=\"https:\/\/www.facebook.com\/ockelbojvk\/\">Ockelbo Jaktv\u00e5rdskrets<\/a><\/p><\/blockquote>\n<\/div>\n","protected":false},"excerpt":{"rendered":"<p>Ockelbo Jaktv\u00e5rdskrets Jaktlagen som har mark inom kommundelarna Ockelbo, \u00c5mot, Lingbo och J\u00e4dra\u00e5s ing\u00e5r. Kretsen gr\u00e4nsar till G\u00e4vle kommun i \u00f6ster, Falu kommun i v\u00e4ster, Sandvikens kommun i s\u00f6der samt Bolln\u00e4s och S\u00f6derhamns kommuner i norr. Medlemsantalet ligger p\u00e5 omkring 300 medlemmar. Vi jobbar f\u00f6r att tillvarata j\u00e4garnas intresse f\u00f6r jakt, vilt och viltv\u00e5rd inom [&hellip;]<\/p>\n","protected":false},"author":3,"featured_media":0,"parent":0,"menu_order":0,"comment_status":"open","ping_status":"open","template":"","meta":{"footnotes":""},"class_list":["post-2","page","type-page","status-publish","hentry"],"_links":{"self":[{"href":"https:\/\/krets.jagareforbundet.se\/ockelbo\/wp-json\/wp\/v2\/pages\/2","targetHints":{"allow":["GET"]}}],"collection":[{"href":"https:\/\/krets.jagareforbundet.se\/ockelbo\/wp-json\/wp\/v2\/pages"}],"about":[{"href":"https:\/\/krets.jagareforbundet.se\/ockelbo\/wp-json\/wp\/v2\/types\/page"}],"author":[{"embeddable":true,"href":"https:\/\/krets.jagareforbundet.se\/ockelbo\/wp-json\/wp\/v2\/users\/3"}],"replies":[{"embeddable":true,"href":"https:\/\/krets.jagareforbundet.se\/ockelbo\/wp-json\/wp\/v2\/comments?post=2"}],"version-history":[{"count":3,"href":"https:\/\/krets.jagareforbundet.se\/ockelbo\/wp-json\/wp\/v2\/pages\/2\/revisions"}],"predecessor-version":[{"id":411,"href":"https:\/\/krets.jagareforbundet.se\/ockelbo\/wp-json\/wp\/v2\/pages\/2\/revisions\/411"}],"wp:attachment":[{"href":"https:\/\/krets.jagareforbundet.se\/ockelbo\/wp-json\/wp\/v2\/media?parent=2"}],"curies":[{"name":"wp","href":"https:\/\/api.w.org\/{rel}","templated":true}]}}