{"id":2,"date":"2011-09-07T09:28:43","date_gmt":"2011-09-07T09:28:43","guid":{"rendered":"https:\/\/krets.jagareforbundet.se\/template\/?page_id=2"},"modified":"2025-06-30T11:34:21","modified_gmt":"2025-06-30T09:34:21","slug":"exempelsida","status":"publish","type":"page","link":"https:\/\/krets.jagareforbundet.se\/osterokersvaxholm\/","title":{"rendered":"\u00d6ster\u00e5ker-Vaxholm jaktv\u00e5rdskrets"},"content":{"rendered":"<p>V\u00e5r jaktv\u00e5rdskrets bildades 1943 och idag \u00e4r vi ca 750 medlemmar. Vi arbetar lokalt med<br \/>\njakt och viltv\u00e5rdsfr\u00e5gor och har en bred utbildningsverksamhet, genom hundutbildningar,<br \/>\nviltv\u00e5rdskurser och utbildningsjakter. Kretsen f\u00f6rfogar, genom ett samarbete med \u00d6ster\u00e5kers<br \/>\nkommun, \u00f6ver jaktmarker p\u00e5 ca 750 ha d\u00e4r vi bedriver dagkortsjakt. Jakten \u00e4r \u00f6ppen f\u00f6r, i<br \/>\nf\u00f6rsta hand, medlemmar i Svenska J\u00e4garef\u00f6rbundet bosatta i \u00d6ster\u00e5kers kommun.<br \/>\nDet finns flera s\u00e4tt att information om v\u00e5ra aktiviteter: V\u00e5r kurs-, tr\u00e4ningstillf\u00e4llen och jakter<br \/>\npubliceras i kalendariet h\u00e4r p\u00e5 v\u00e5r websida.\u00a0 Vi publicerar \u00e4ven information p\u00e5 Facebook och<br \/>\nrekommenderar att f\u00f6lja v\u00e5r Facebooksida. Se nedan. Se \u00e4ven till att du p\u00e5 \u201dmina sidor\u201d hos<br \/>\nSvenska j\u00e4garef\u00f6rbundet har kryssat i rutan f\u00f6r \u201dInformation fr\u00e5n L\u00e4nsf\u00f6rening och krets\u201d<br \/>\nunder rubriken \u201dNyheter\u201d. P\u00e5 det s\u00e4ttet f\u00e5r du fortl\u00f6pande information om v\u00e5ra olika<br \/>\naktiviteter via epost.<\/p>\n<p>I \u00d6ster\u00e5ker har vi tv\u00e5 jaktskyttebanor. Ett skyttecentrum vid Br\u00e4nnbackens industriomr\u00e5de<br \/>\nsom erbjuder fina m\u00f6jligheter till jaktskytte med sina \u00e4lg, trapp- och viltm\u00e5lsbanor. P\u00e5<br \/>\nLjuster\u00f6 finns ocks\u00e5 en jaktskyttebana med \u00e4lgbana, hagelbanor samt inskjutningsbana upp<br \/>\ntill 200m.<\/p>\n<p>V\u00e4lkommen!<\/p>\n<div data-tabs=\"timeline\" class=\"fb-page\" data-href=\"https:\/\/www.facebook.com\/osterokervaxholmjaktvardskrets\" data-width=\"500\" data-height=\"1000\" data-small-header=\"false\" data-adapt-container-width=\"true\" data-hide-cover=\"false\" data-show-facepile=\"true\">\n<blockquote class=\"fb-xfbml-parse-ignore\" cite=\"https:\/\/www.facebook.com\/osterokervaxholmjaktvardskrets\"><p><a href=\"https:\/\/www.facebook.com\/osterokervaxholmjaktvardskrets\">\u00d6ster\u00e5ker-Vaxholm Jaktv\u00e5rdskrets<\/a><\/p><\/blockquote>\n<\/div>\n","protected":false},"excerpt":{"rendered":"<p>V\u00e5r jaktv\u00e5rdskrets bildades 1943 och idag \u00e4r vi ca 750 medlemmar. Vi arbetar lokalt med jakt och viltv\u00e5rdsfr\u00e5gor och har en bred utbildningsverksamhet, genom hundutbildningar, viltv\u00e5rdskurser och utbildningsjakter. Kretsen f\u00f6rfogar, genom ett samarbete med \u00d6ster\u00e5kers kommun, \u00f6ver jaktmarker p\u00e5 ca 750 ha d\u00e4r vi bedriver dagkortsjakt. Jakten \u00e4r \u00f6ppen f\u00f6r, i f\u00f6rsta hand, medlemmar i [&hellip;]<\/p>\n","protected":false},"author":130,"featured_media":156,"parent":0,"menu_order":1,"comment_status":"open","ping_status":"closed","template":"","meta":{"footnotes":""},"class_list":["post-2","page","type-page","status-publish","has-post-thumbnail","hentry"],"_links":{"self":[{"href":"https:\/\/krets.jagareforbundet.se\/osterokersvaxholm\/wp-json\/wp\/v2\/pages\/2","targetHints":{"allow":["GET"]}}],"collection":[{"href":"https:\/\/krets.jagareforbundet.se\/osterokersvaxholm\/wp-json\/wp\/v2\/pages"}],"about":[{"href":"https:\/\/krets.jagareforbundet.se\/osterokersvaxholm\/wp-json\/wp\/v2\/types\/page"}],"author":[{"embeddable":true,"href":"https:\/\/krets.jagareforbundet.se\/osterokersvaxholm\/wp-json\/wp\/v2\/users\/130"}],"replies":[{"embeddable":true,"href":"https:\/\/krets.jagareforbundet.se\/osterokersvaxholm\/wp-json\/wp\/v2\/comments?post=2"}],"version-history":[{"count":4,"href":"https:\/\/krets.jagareforbundet.se\/osterokersvaxholm\/wp-json\/wp\/v2\/pages\/2\/revisions"}],"predecessor-version":[{"id":457,"href":"https:\/\/krets.jagareforbundet.se\/osterokersvaxholm\/wp-json\/wp\/v2\/pages\/2\/revisions\/457"}],"wp:featuredmedia":[{"embeddable":true,"href":"https:\/\/krets.jagareforbundet.se\/osterokersvaxholm\/wp-json\/wp\/v2\/media\/156"}],"wp:attachment":[{"href":"https:\/\/krets.jagareforbundet.se\/osterokersvaxholm\/wp-json\/wp\/v2\/media?parent=2"}],"curies":[{"name":"wp","href":"https:\/\/api.w.org\/{rel}","templated":true}]}}