{"id":28,"date":"2011-09-09T08:06:13","date_gmt":"2011-09-09T08:06:13","guid":{"rendered":"https:\/\/krets.jagareforbundet.se\/template\/?page_id=28"},"modified":"2025-08-19T14:00:14","modified_gmt":"2025-08-19T12:00:14","slug":"kontakta-oss","status":"publish","type":"page","link":"https:\/\/krets.jagareforbundet.se\/osterokersvaxholm\/kontakta-oss\/","title":{"rendered":"Kontakta oss"},"content":{"rendered":"<p>B\u00e4st \u00e4r att skicka DM till oss p\u00e5 v\u00e5r Facebooksida.\u00a0 Ha lite t\u00e5lamod med svar, vi arbetar alla ideellt i kretsen.<\/p>\n<div data-tabs=\"timeline\" class=\"fb-page\" data-href=\"https:\/\/www.facebook.com\/osterokervaxholmjaktvardskrets\" data-width=\"500\" data-height=\"1000\" data-small-header=\"false\" data-adapt-container-width=\"true\" data-hide-cover=\"false\" data-show-facepile=\"true\">\n<blockquote class=\"fb-xfbml-parse-ignore\" cite=\"https:\/\/www.facebook.com\/osterokervaxholmjaktvardskrets\"><p><a href=\"https:\/\/www.facebook.com\/osterokervaxholmjaktvardskrets\">\u00d6ster\u00e5ker-Vaxholm Jaktv\u00e5rdskrets<\/a><\/p><\/blockquote>\n<\/div>\n","protected":false},"excerpt":{"rendered":"<p>B\u00e4st \u00e4r att skicka DM till oss p\u00e5 v\u00e5r Facebooksida.\u00a0 Ha lite t\u00e5lamod med svar, vi arbetar alla ideellt i kretsen. \u00d6ster\u00e5ker-Vaxholm Jaktv\u00e5rdskrets<\/p>\n","protected":false},"author":130,"featured_media":0,"parent":0,"menu_order":4,"comment_status":"open","ping_status":"closed","template":"","meta":{"footnotes":""},"class_list":["post-28","page","type-page","status-publish","hentry"],"_links":{"self":[{"href":"https:\/\/krets.jagareforbundet.se\/osterokersvaxholm\/wp-json\/wp\/v2\/pages\/28","targetHints":{"allow":["GET"]}}],"collection":[{"href":"https:\/\/krets.jagareforbundet.se\/osterokersvaxholm\/wp-json\/wp\/v2\/pages"}],"about":[{"href":"https:\/\/krets.jagareforbundet.se\/osterokersvaxholm\/wp-json\/wp\/v2\/types\/page"}],"author":[{"embeddable":true,"href":"https:\/\/krets.jagareforbundet.se\/osterokersvaxholm\/wp-json\/wp\/v2\/users\/130"}],"replies":[{"embeddable":true,"href":"https:\/\/krets.jagareforbundet.se\/osterokersvaxholm\/wp-json\/wp\/v2\/comments?post=28"}],"version-history":[{"count":4,"href":"https:\/\/krets.jagareforbundet.se\/osterokersvaxholm\/wp-json\/wp\/v2\/pages\/28\/revisions"}],"predecessor-version":[{"id":486,"href":"https:\/\/krets.jagareforbundet.se\/osterokersvaxholm\/wp-json\/wp\/v2\/pages\/28\/revisions\/486"}],"wp:attachment":[{"href":"https:\/\/krets.jagareforbundet.se\/osterokersvaxholm\/wp-json\/wp\/v2\/media?parent=28"}],"curies":[{"name":"wp","href":"https:\/\/api.w.org\/{rel}","templated":true}]}}