{"id":384,"date":"2025-05-27T10:54:39","date_gmt":"2025-05-27T08:54:39","guid":{"rendered":"https:\/\/krets.jagareforbundet.se\/osterokersvaxholm\/?page_id=384"},"modified":"2025-08-19T14:03:20","modified_gmt":"2025-08-19T12:03:20","slug":"jaqt","status":"publish","type":"page","link":"https:\/\/krets.jagareforbundet.se\/osterokersvaxholm\/jaqt\/","title":{"rendered":"JAQT"},"content":{"rendered":"<h4>H\u00e4r kommer info om och aktiviteter f\u00f6r JAQT.<\/h4>\n<p>&nbsp;<\/p>\n<p>TIPS: TJEJSKYTTE p\u00e5 \u00e4lg &amp; viltm\u00e5lsbanan<\/p>\n<div class=\"row\">\n<div class=\"col-6\">Starttid: m\u00e5ndag 25 aug 2025, kl 18:00<br \/>\nSluttid: m\u00e5ndag 25 aug 2025, kl 20:30<\/div>\n<\/div>\n<div>&#8212;&#8212;&#8212;&#8212;-<\/div>\n<div><\/div>\n<div>TJEJSKYTTE p\u00e5 \u00e4lg &amp; viltm\u00e5lsbanan<\/div>\n<div>Starttid: m\u00e5ndag 1 sep 2025, kl 18:00<br \/>\nSluttid: m\u00e5ndag 1 sep 2025, kl 20:30<\/div>\n<div>&#8212;&#8212;&#8212;&#8212;-<\/div>\n<p>L\u00e4s mer h\u00e4r: <a href=\"https:\/\/osterakersskyttecenter.se\/aktiviteter\/aktiviteter-2025\/tjejskytte-pa-algbanan-4-juni\/\">Tjejskytte p\u00e5 \u00e4lgbanan | \u00d6ster\u00e5kers Skyttecenter<\/a><\/p>\n","protected":false},"excerpt":{"rendered":"<p>H\u00e4r kommer info om och aktiviteter f\u00f6r JAQT. &nbsp; TIPS: TJEJSKYTTE p\u00e5 \u00e4lg &amp; viltm\u00e5lsbanan Starttid: m\u00e5ndag 25 aug 2025, kl 18:00 Sluttid: m\u00e5ndag 25 aug 2025, kl 20:30 &#8212;&#8212;&#8212;&#8212;- TJEJSKYTTE p\u00e5 \u00e4lg &amp; viltm\u00e5lsbanan Starttid: m\u00e5ndag 1 sep 2025, kl 18:00 Sluttid: m\u00e5ndag 1 sep 2025, kl 20:30 &#8212;&#8212;&#8212;&#8212;- L\u00e4s mer h\u00e4r: Tjejskytte p\u00e5 [&hellip;]<\/p>\n","protected":false},"author":130,"featured_media":0,"parent":0,"menu_order":5,"comment_status":"closed","ping_status":"closed","template":"","meta":{"footnotes":""},"class_list":["post-384","page","type-page","status-publish","hentry"],"_links":{"self":[{"href":"https:\/\/krets.jagareforbundet.se\/osterokersvaxholm\/wp-json\/wp\/v2\/pages\/384","targetHints":{"allow":["GET"]}}],"collection":[{"href":"https:\/\/krets.jagareforbundet.se\/osterokersvaxholm\/wp-json\/wp\/v2\/pages"}],"about":[{"href":"https:\/\/krets.jagareforbundet.se\/osterokersvaxholm\/wp-json\/wp\/v2\/types\/page"}],"author":[{"embeddable":true,"href":"https:\/\/krets.jagareforbundet.se\/osterokersvaxholm\/wp-json\/wp\/v2\/users\/130"}],"replies":[{"embeddable":true,"href":"https:\/\/krets.jagareforbundet.se\/osterokersvaxholm\/wp-json\/wp\/v2\/comments?post=384"}],"version-history":[{"count":4,"href":"https:\/\/krets.jagareforbundet.se\/osterokersvaxholm\/wp-json\/wp\/v2\/pages\/384\/revisions"}],"predecessor-version":[{"id":489,"href":"https:\/\/krets.jagareforbundet.se\/osterokersvaxholm\/wp-json\/wp\/v2\/pages\/384\/revisions\/489"}],"wp:attachment":[{"href":"https:\/\/krets.jagareforbundet.se\/osterokersvaxholm\/wp-json\/wp\/v2\/media?parent=384"}],"curies":[{"name":"wp","href":"https:\/\/api.w.org\/{rel}","templated":true}]}}