{"id":390,"date":"2025-05-27T10:56:26","date_gmt":"2025-05-27T08:56:26","guid":{"rendered":"https:\/\/krets.jagareforbundet.se\/osterokersvaxholm\/?page_id=390"},"modified":"2025-05-27T14:36:17","modified_gmt":"2025-05-27T12:36:17","slug":"skytte","status":"publish","type":"page","link":"https:\/\/krets.jagareforbundet.se\/osterokersvaxholm\/skytte\/","title":{"rendered":"Skytte"},"content":{"rendered":"<p>En bra och s\u00e4ker skytt har tr\u00e4nat mycket!<\/p>\n<p>I \u00d6ster\u00e5ker-Vaxholm har vi tv\u00e5 skjutbanor d\u00e4r du kan tr\u00e4na och utbyta erfarenheter med jaktkamrater. Det finns tillg\u00e5ng till instrukt\u00f6rer b\u00e5de f\u00f6r grupper och f\u00f6r individuell tr\u00e4ning.<\/p>\n<p>F\u00f6r mer information och \u00f6ppetider.<br \/>\nH\u00e4r har du n\u00e4rliggande skjutbanor med l\u00e4nk till respektive klubb:<\/p>\n<p><a href=\"https:\/\/ljustero-jsk.se\/\">Ljuster\u00f6 Jakt &amp; Sportskytteklubb<\/a><br \/>\n<a href=\"https:\/\/osterakersskyttecenter.se\/\">\u00d6ster\u00e5kers Skyttecenter<\/a><\/p>\n<p><img decoding=\"async\" src=\"https:\/\/krets.jagareforbundet.se\/norrort\/files\/2018\/06\/algbanan1.jpg\" alt=\"\u00c4lgbaneskytte 23 september | J\u00e4garef\u00f6rbundet Norrorts Jaktv\u00e5rdskrets - Svenska J\u00e4garef\u00f6rbundet\" \/><\/p>\n","protected":false},"excerpt":{"rendered":"<p>En bra och s\u00e4ker skytt har tr\u00e4nat mycket! I \u00d6ster\u00e5ker-Vaxholm har vi tv\u00e5 skjutbanor d\u00e4r du kan tr\u00e4na och utbyta erfarenheter med jaktkamrater. Det finns tillg\u00e5ng till instrukt\u00f6rer b\u00e5de f\u00f6r grupper och f\u00f6r individuell tr\u00e4ning. F\u00f6r mer information och \u00f6ppetider. H\u00e4r har du n\u00e4rliggande skjutbanor med l\u00e4nk till respektive klubb: Ljuster\u00f6 Jakt &amp; Sportskytteklubb \u00d6ster\u00e5kers [&hellip;]<\/p>\n","protected":false},"author":130,"featured_media":0,"parent":0,"menu_order":7,"comment_status":"closed","ping_status":"closed","template":"","meta":{"footnotes":""},"class_list":["post-390","page","type-page","status-publish","hentry"],"_links":{"self":[{"href":"https:\/\/krets.jagareforbundet.se\/osterokersvaxholm\/wp-json\/wp\/v2\/pages\/390","targetHints":{"allow":["GET"]}}],"collection":[{"href":"https:\/\/krets.jagareforbundet.se\/osterokersvaxholm\/wp-json\/wp\/v2\/pages"}],"about":[{"href":"https:\/\/krets.jagareforbundet.se\/osterokersvaxholm\/wp-json\/wp\/v2\/types\/page"}],"author":[{"embeddable":true,"href":"https:\/\/krets.jagareforbundet.se\/osterokersvaxholm\/wp-json\/wp\/v2\/users\/130"}],"replies":[{"embeddable":true,"href":"https:\/\/krets.jagareforbundet.se\/osterokersvaxholm\/wp-json\/wp\/v2\/comments?post=390"}],"version-history":[{"count":3,"href":"https:\/\/krets.jagareforbundet.se\/osterokersvaxholm\/wp-json\/wp\/v2\/pages\/390\/revisions"}],"predecessor-version":[{"id":401,"href":"https:\/\/krets.jagareforbundet.se\/osterokersvaxholm\/wp-json\/wp\/v2\/pages\/390\/revisions\/401"}],"wp:attachment":[{"href":"https:\/\/krets.jagareforbundet.se\/osterokersvaxholm\/wp-json\/wp\/v2\/media?parent=390"}],"curies":[{"name":"wp","href":"https:\/\/api.w.org\/{rel}","templated":true}]}}