{"id":394,"date":"2025-05-27T14:15:08","date_gmt":"2025-05-27T12:15:08","guid":{"rendered":"https:\/\/krets.jagareforbundet.se\/osterokersvaxholm\/?page_id=394"},"modified":"2025-06-30T12:40:25","modified_gmt":"2025-06-30T10:40:25","slug":"jaga-med-oss","status":"publish","type":"page","link":"https:\/\/krets.jagareforbundet.se\/osterokersvaxholm\/jaga-med-oss\/","title":{"rendered":"Jaga med oss"},"content":{"rendered":"<p><a href=\"https:\/\/krets.jagareforbundet.se\/osterokersvaxholm\/files\/2025\/06\/bokningsbild-galleri.jpg\"><img loading=\"lazy\" decoding=\"async\" class=\"alignnone wp-image-461\" src=\"https:\/\/krets.jagareforbundet.se\/osterokersvaxholm\/files\/2025\/06\/bokningsbild-galleri-300x74.jpg\" alt=\"\" width=\"487\" height=\"120\" srcset=\"https:\/\/krets.jagareforbundet.se\/osterokersvaxholm\/files\/2025\/06\/bokningsbild-galleri-300x74.jpg 300w, https:\/\/krets.jagareforbundet.se\/osterokersvaxholm\/files\/2025\/06\/bokningsbild-galleri-1024x253.jpg 1024w, https:\/\/krets.jagareforbundet.se\/osterokersvaxholm\/files\/2025\/06\/bokningsbild-galleri-768x190.jpg 768w, https:\/\/krets.jagareforbundet.se\/osterokersvaxholm\/files\/2025\/06\/bokningsbild-galleri-1536x379.jpg 1536w, https:\/\/krets.jagareforbundet.se\/osterokersvaxholm\/files\/2025\/06\/bokningsbild-galleri.jpg 1798w\" sizes=\"auto, (max-width: 487px) 100vw, 487px\" \/><\/a><\/p>\n<p>Vaxholms jaktv\u00e5rdskrets har genom ett samarbete med \u00d6ster\u00e5kers kommun m\u00f6jlighet att erbjuda jakttillf\u00e4llen p\u00e5 kommunens mark f\u00f6r medlemmar i Svenska J\u00e4garef\u00f6rbundet. Enligt det avtal vi har med \u00d6ster\u00e5kers kommun erbjuds jakt i f\u00f6rsta hand till inv\u00e5nare i \u00d6ster\u00e5ker kommun. Vi har mark till f\u00f6rfogande och erbjuder m\u00f6jlighet till s\u00e5v\u00e4l vakjakter som drevjakter. Vi erbjuder \u00e4ven ett jakttillf\u00e4lle speciellt riktat till nyblivna j\u00e4gare, med en f\u00f6rberedande teorikv\u00e4ll innan jakten.<\/p>\n<p>Bokning av jakttillf\u00e4llen sker via v\u00e5r nya <a href=\"https:\/\/ovjvk.bokamera.se\/\">bokningssida.<\/a> Observera att boende i \u00d6ster\u00e5kers kommun har f\u00f6rtur till jakterna och du beh\u00f6ver d\u00e4rf\u00f6r ange om du \u00e4r boende i \u00d6ster\u00e5kers kommun eller inte.<\/p>\n<p>En typisk jaktdag hos oss kan se ut s\u00e5 h\u00e4r. P\u00e5 jaktmorgonen samlas vi vid jaktstugan Grandalsv\u00e4gen 72 den tid som anges vid bokningen. Dagen inleds med att jaktledaren redovisar vilka omr\u00e5den som skall jagas och hur jakten kommer att g\u00e5 till, vilka hundar som anv\u00e4nd s osv. Jaktledaren meddelar ocks\u00e5 vilka skjutbart vilt. Alla deltagare undertecknar en f\u00f6rs\u00e4kran att de uppfyller kraven f\u00f6r deltagande. Du f\u00e5r en karta som visar var ditt pass ligger. Passen f\u00f6rdelas vanligtvis genom lottning.<\/p>\n<p>Du f\u00e5r hj\u00e4lp att hitta ut till passet av en funktion\u00e4r som \u00e4ven visar visar vilka skjutriktningar som \u00e4r till\u00e5tna, respektive f\u00f6rbjudna, samt informerar om n\u00e4rliggande pass och annat som du beh\u00f6ver vara uppm\u00e4rksam p\u00e5. Du stannar p\u00e5 passet tills jaktledaren meddelar att jakten avbryts.<\/p>\n<p>Efter avslutad jakt\/s\u00e5t i ett omr\u00e5de \u00e5tersamlas vi, p\u00e5 anvisad plats. D\u00e4r f\u00e5r du ett nytt pass f\u00f6r jakt i n\u00e4sta s\u00e5t. Oftast tar vi en paus f\u00f6r att \u00e4ta och dricka n\u00e5got innan vi forts\u00e4tter. F\u00f6rhoppningsvis har vi n\u00e5got f\u00e4llt vilt att ta hand om. F\u00e4llt vilt k\u00f6ps av skytten. (\u00c4lg delas p\u00e5 flera jaktdeltagare.)<\/p>\n<p>Jakten avslutas med att jaktledaren h\u00e5ller en gemensam genomg\u00e5ng av erfarenheter fr\u00e5n jakten med alla deltagare. Vi har ingen iordningst\u00e4lld plats d\u00e4r vi kan h\u00e4nga viltet i v\u00e4ntan p\u00e5 att styckning. H\u00e4ngning av vilt f\u00e5r l\u00f6sas av jaktdeltagaren p\u00e5 egen hand. P\u00e5 f\u00e4llda vildsvin tas alltid trikinprov.<\/p>\n<p><strong>F\u00f6ljande ska medf\u00f6ras vid jakten<\/strong><\/p>\n<ul>\n<li>Giltigt medlemskort i Svenska J\u00e4garef\u00f6rbundet, vilket visar att du har en ansvarsf\u00f6rs\u00e4kring som t\u00e4cker jakten<\/li>\n<li>Vapen f\u00f6r aktuell jakt med tillh\u00f6rande jaktammunition.<\/li>\n<li>Vapenlicens<\/li>\n<li>Intyg p\u00e5 att du har tagit j\u00e4garef\u00f6rbundets \u00e4lgskyttem\u00e4rke, minst val\u00f6r brons, de<\/li>\n<li>senaste 12 m\u00e5naderna. (H\u00f6gviltsprovet i j\u00e4garexamen de senaste 12 m\u00e5naderna<\/li>\n<li>g\u00e4ller ocks\u00e5)<\/li>\n<li>Statligt jaktkort f\u00f6r \u00e5ret<\/li>\n<li>R\u00f6tt\/Orange hattband, m\u00f6ssa, jaktv\u00e4st eller kl\u00e4der med signalf\u00e4rg. Detta f\u00f6r att<\/li>\n<li>hundf\u00f6rarna tydligt ska se passkyttarna i skogen.<\/li>\n<li>Jaktradio 155 MHz inst\u00e4lld p\u00e5 kanal 1, pilotton 1 (67 Hz) (Vid vakjakter beh\u00f6vs ej<\/li>\n<li>radio d\u00e5 vi kommunicerar via mobiltelefon)<\/li>\n<li>Mobiltelefon medf\u00f6rs vid alla jakter<\/li>\n<li>F\u00f6rsta f\u00f6rband<\/li>\n<\/ul>\n<p>OBS: En f\u00e4llavgift tas ut per skjutet vilt, ut\u00f6ver deltagaravgiften. Avgiften t\u00e4cker k\u00f6tt och trof\u00e9avgift.<\/p>\n<ul>\n<li>\u00c4lg slaktvikt 50kr\/kg<\/li>\n<li>R\u00e5djur kid 400kr\/st<\/li>\n<li>R\u00e5djur vuxet 700kr\/st<\/li>\n<li>Vildsvin \u00e5rsgris max 60kg 900kr\/st<\/li>\n<li>Vildsvin stor galt (\u00f6ver 60kg) 1500kr\/st<\/li>\n<li>Vildsvin gylta (\u00f6ver 60-80kg) 2000kr\/st<\/li>\n<li>Vildsvin sugga 3000kr\/st<\/li>\n<li>Anm: Kultingf\u00f6rande sugga \u00e4r fredad hela \u00e5ret<\/li>\n<\/ul>\n<p><a href=\"https:\/\/krets.jagareforbundet.se\/osterokersvaxholm\/files\/2025\/06\/IMG_0704-scaled.jpg\"><img loading=\"lazy\" decoding=\"async\" class=\"alignnone size-medium wp-image-447\" src=\"https:\/\/krets.jagareforbundet.se\/osterokersvaxholm\/files\/2025\/06\/IMG_0704-225x300.jpg\" alt=\"\" width=\"225\" height=\"300\" srcset=\"https:\/\/krets.jagareforbundet.se\/osterokersvaxholm\/files\/2025\/06\/IMG_0704-225x300.jpg 225w, https:\/\/krets.jagareforbundet.se\/osterokersvaxholm\/files\/2025\/06\/IMG_0704-768x1024.jpg 768w, https:\/\/krets.jagareforbundet.se\/osterokersvaxholm\/files\/2025\/06\/IMG_0704-1152x1536.jpg 1152w, https:\/\/krets.jagareforbundet.se\/osterokersvaxholm\/files\/2025\/06\/IMG_0704-1536x2048.jpg 1536w, https:\/\/krets.jagareforbundet.se\/osterokersvaxholm\/files\/2025\/06\/IMG_0704-scaled.jpg 1920w\" sizes=\"auto, (max-width: 225px) 100vw, 225px\" \/><\/a><\/p>\n","protected":false},"excerpt":{"rendered":"<p>Vaxholms jaktv\u00e5rdskrets har genom ett samarbete med \u00d6ster\u00e5kers kommun m\u00f6jlighet att erbjuda jakttillf\u00e4llen p\u00e5 kommunens mark f\u00f6r medlemmar i Svenska J\u00e4garef\u00f6rbundet. Enligt det avtal vi har med \u00d6ster\u00e5kers kommun erbjuds jakt i f\u00f6rsta hand till inv\u00e5nare i \u00d6ster\u00e5ker kommun. Vi har mark till f\u00f6rfogande och erbjuder m\u00f6jlighet till s\u00e5v\u00e4l vakjakter som drevjakter. Vi erbjuder \u00e4ven [&hellip;]<\/p>\n","protected":false},"author":130,"featured_media":0,"parent":0,"menu_order":3,"comment_status":"closed","ping_status":"closed","template":"","meta":{"footnotes":""},"class_list":["post-394","page","type-page","status-publish","hentry"],"_links":{"self":[{"href":"https:\/\/krets.jagareforbundet.se\/osterokersvaxholm\/wp-json\/wp\/v2\/pages\/394","targetHints":{"allow":["GET"]}}],"collection":[{"href":"https:\/\/krets.jagareforbundet.se\/osterokersvaxholm\/wp-json\/wp\/v2\/pages"}],"about":[{"href":"https:\/\/krets.jagareforbundet.se\/osterokersvaxholm\/wp-json\/wp\/v2\/types\/page"}],"author":[{"embeddable":true,"href":"https:\/\/krets.jagareforbundet.se\/osterokersvaxholm\/wp-json\/wp\/v2\/users\/130"}],"replies":[{"embeddable":true,"href":"https:\/\/krets.jagareforbundet.se\/osterokersvaxholm\/wp-json\/wp\/v2\/comments?post=394"}],"version-history":[{"count":4,"href":"https:\/\/krets.jagareforbundet.se\/osterokersvaxholm\/wp-json\/wp\/v2\/pages\/394\/revisions"}],"predecessor-version":[{"id":472,"href":"https:\/\/krets.jagareforbundet.se\/osterokersvaxholm\/wp-json\/wp\/v2\/pages\/394\/revisions\/472"}],"wp:attachment":[{"href":"https:\/\/krets.jagareforbundet.se\/osterokersvaxholm\/wp-json\/wp\/v2\/media?parent=394"}],"curies":[{"name":"wp","href":"https:\/\/api.w.org\/{rel}","templated":true}]}}