{"id":460,"date":"2025-06-30T11:31:27","date_gmt":"2025-06-30T09:31:27","guid":{"rendered":"https:\/\/krets.jagareforbundet.se\/osterokersvaxholm\/?page_id=460"},"modified":"2025-06-30T12:43:20","modified_gmt":"2025-06-30T10:43:20","slug":"boka-dagkortsjakt","status":"publish","type":"page","link":"https:\/\/krets.jagareforbundet.se\/osterokersvaxholm\/boka-dagkortsjakt\/","title":{"rendered":"Boka Dagkortsjakt"},"content":{"rendered":"<p>P\u00e5 v\u00e5r nya <a href=\"https:\/\/ovjvk.bokamera.se\/\">bokningssida<\/a> kan du boka dagkortsjakter med oss p\u00e5 Kretsen \u00d6ster\u00e5ker\/Vaxholm.<\/p>\n<p>Vi erbjuder bland annat: Bockjakt, Vakjakt p\u00e5 r\u00e4v, Vakjakt p\u00e5 vildsvin, Drevjakter och Utbildningsjakter.<\/p>\n<p>Varmt V\u00e4lkomna!<\/p>\n<a href=\"https:\/\/ovjvk.bokamera.se\/\" class=\"woo-sc-button  custom\" style=\"background:#043d0d;border-color:#5b7356\"><span class=\"woo-\">BOKA H\u00c4R<\/span><\/a>\n<p><a href=\"https:\/\/krets.jagareforbundet.se\/osterokersvaxholm\/files\/2025\/06\/Homepage_bd5a0fc9-370a-42cf-9d2b-1f0fc4d7cc4b_Service_Service_20250617181110.png\"><img loading=\"lazy\" decoding=\"async\" class=\"alignnone wp-image-468\" src=\"https:\/\/krets.jagareforbundet.se\/osterokersvaxholm\/files\/2025\/06\/Homepage_bd5a0fc9-370a-42cf-9d2b-1f0fc4d7cc4b_Service_Service_20250617181110-300x215.png\" alt=\"\" width=\"209\" height=\"150\" srcset=\"https:\/\/krets.jagareforbundet.se\/osterokersvaxholm\/files\/2025\/06\/Homepage_bd5a0fc9-370a-42cf-9d2b-1f0fc4d7cc4b_Service_Service_20250617181110-300x215.png 300w, https:\/\/krets.jagareforbundet.se\/osterokersvaxholm\/files\/2025\/06\/Homepage_bd5a0fc9-370a-42cf-9d2b-1f0fc4d7cc4b_Service_Service_20250617181110-768x549.png 768w, https:\/\/krets.jagareforbundet.se\/osterokersvaxholm\/files\/2025\/06\/Homepage_bd5a0fc9-370a-42cf-9d2b-1f0fc4d7cc4b_Service_Service_20250617181110.png 800w\" sizes=\"auto, (max-width: 209px) 100vw, 209px\" \/> <\/a><a href=\"https:\/\/krets.jagareforbundet.se\/osterokersvaxholm\/files\/2025\/06\/Homepage_bd5a0fc9-370a-42cf-9d2b-1f0fc4d7cc4b_Service_Service_20250609172024.png\"><img loading=\"lazy\" decoding=\"async\" class=\"alignnone wp-image-463\" src=\"https:\/\/krets.jagareforbundet.se\/osterokersvaxholm\/files\/2025\/06\/Homepage_bd5a0fc9-370a-42cf-9d2b-1f0fc4d7cc4b_Service_Service_20250609172024-300x200.png\" alt=\"\" width=\"225\" height=\"150\" srcset=\"https:\/\/krets.jagareforbundet.se\/osterokersvaxholm\/files\/2025\/06\/Homepage_bd5a0fc9-370a-42cf-9d2b-1f0fc4d7cc4b_Service_Service_20250609172024-300x200.png 300w, https:\/\/krets.jagareforbundet.se\/osterokersvaxholm\/files\/2025\/06\/Homepage_bd5a0fc9-370a-42cf-9d2b-1f0fc4d7cc4b_Service_Service_20250609172024-768x513.png 768w, https:\/\/krets.jagareforbundet.se\/osterokersvaxholm\/files\/2025\/06\/Homepage_bd5a0fc9-370a-42cf-9d2b-1f0fc4d7cc4b_Service_Service_20250609172024.png 800w\" sizes=\"auto, (max-width: 225px) 100vw, 225px\" \/><\/a> <a href=\"https:\/\/krets.jagareforbundet.se\/osterokersvaxholm\/files\/2025\/06\/Homepage_bd5a0fc9-370a-42cf-9d2b-1f0fc4d7cc4b_Service_Service_20250617173714.png\"><img loading=\"lazy\" decoding=\"async\" class=\"alignnone wp-image-465\" src=\"https:\/\/krets.jagareforbundet.se\/osterokersvaxholm\/files\/2025\/06\/Homepage_bd5a0fc9-370a-42cf-9d2b-1f0fc4d7cc4b_Service_Service_20250617173714-300x208.png\" alt=\"\" width=\"215\" height=\"149\" srcset=\"https:\/\/krets.jagareforbundet.se\/osterokersvaxholm\/files\/2025\/06\/Homepage_bd5a0fc9-370a-42cf-9d2b-1f0fc4d7cc4b_Service_Service_20250617173714-300x208.png 300w, https:\/\/krets.jagareforbundet.se\/osterokersvaxholm\/files\/2025\/06\/Homepage_bd5a0fc9-370a-42cf-9d2b-1f0fc4d7cc4b_Service_Service_20250617173714-768x532.png 768w, https:\/\/krets.jagareforbundet.se\/osterokersvaxholm\/files\/2025\/06\/Homepage_bd5a0fc9-370a-42cf-9d2b-1f0fc4d7cc4b_Service_Service_20250617173714.png 800w\" sizes=\"auto, (max-width: 215px) 100vw, 215px\" \/><\/a><\/p>\n<p><img loading=\"lazy\" decoding=\"async\" class=\"alignnone wp-image-466\" src=\"https:\/\/krets.jagareforbundet.se\/osterokersvaxholm\/files\/2025\/06\/Homepage_bd5a0fc9-370a-42cf-9d2b-1f0fc4d7cc4b_Service_Service_20250617175701-244x300.png\" alt=\"\" width=\"179\" height=\"220\" srcset=\"https:\/\/krets.jagareforbundet.se\/osterokersvaxholm\/files\/2025\/06\/Homepage_bd5a0fc9-370a-42cf-9d2b-1f0fc4d7cc4b_Service_Service_20250617175701-244x300.png 244w, https:\/\/krets.jagareforbundet.se\/osterokersvaxholm\/files\/2025\/06\/Homepage_bd5a0fc9-370a-42cf-9d2b-1f0fc4d7cc4b_Service_Service_20250617175701.png 487w\" sizes=\"auto, (max-width: 179px) 100vw, 179px\" \/> <a href=\"https:\/\/krets.jagareforbundet.se\/osterokersvaxholm\/files\/2025\/06\/Homepage_bd5a0fc9-370a-42cf-9d2b-1f0fc4d7cc4b_Service_Service_20250609173402.png\"><img loading=\"lazy\" decoding=\"async\" class=\"alignnone wp-image-464\" src=\"https:\/\/krets.jagareforbundet.se\/osterokersvaxholm\/files\/2025\/06\/Homepage_bd5a0fc9-370a-42cf-9d2b-1f0fc4d7cc4b_Service_Service_20250609173402-300x300.png\" alt=\"\" width=\"222\" height=\"222\" srcset=\"https:\/\/krets.jagareforbundet.se\/osterokersvaxholm\/files\/2025\/06\/Homepage_bd5a0fc9-370a-42cf-9d2b-1f0fc4d7cc4b_Service_Service_20250609173402-300x300.png 300w, https:\/\/krets.jagareforbundet.se\/osterokersvaxholm\/files\/2025\/06\/Homepage_bd5a0fc9-370a-42cf-9d2b-1f0fc4d7cc4b_Service_Service_20250609173402-150x150.png 150w, https:\/\/krets.jagareforbundet.se\/osterokersvaxholm\/files\/2025\/06\/Homepage_bd5a0fc9-370a-42cf-9d2b-1f0fc4d7cc4b_Service_Service_20250609173402.png 600w\" sizes=\"auto, (max-width: 222px) 100vw, 222px\" \/> <\/a><a href=\"https:\/\/krets.jagareforbundet.se\/osterokersvaxholm\/files\/2025\/06\/Homepage_bd5a0fc9-370a-42cf-9d2b-1f0fc4d7cc4b_Service_Service_20250617180828.png\"><img loading=\"lazy\" decoding=\"async\" class=\"alignnone wp-image-467\" src=\"https:\/\/krets.jagareforbundet.se\/osterokersvaxholm\/files\/2025\/06\/Homepage_bd5a0fc9-370a-42cf-9d2b-1f0fc4d7cc4b_Service_Service_20250617180828-300x236.png\" alt=\"\" width=\"284\" height=\"223\" srcset=\"https:\/\/krets.jagareforbundet.se\/osterokersvaxholm\/files\/2025\/06\/Homepage_bd5a0fc9-370a-42cf-9d2b-1f0fc4d7cc4b_Service_Service_20250617180828-300x236.png 300w, https:\/\/krets.jagareforbundet.se\/osterokersvaxholm\/files\/2025\/06\/Homepage_bd5a0fc9-370a-42cf-9d2b-1f0fc4d7cc4b_Service_Service_20250617180828-768x603.png 768w, https:\/\/krets.jagareforbundet.se\/osterokersvaxholm\/files\/2025\/06\/Homepage_bd5a0fc9-370a-42cf-9d2b-1f0fc4d7cc4b_Service_Service_20250617180828.png 800w\" sizes=\"auto, (max-width: 284px) 100vw, 284px\" \/><\/a><\/p>\n","protected":false},"excerpt":{"rendered":"<p>P\u00e5 v\u00e5r nya bokningssida kan du boka dagkortsjakter med oss p\u00e5 Kretsen \u00d6ster\u00e5ker\/Vaxholm. Vi erbjuder bland annat: Bockjakt, Vakjakt p\u00e5 r\u00e4v, Vakjakt p\u00e5 vildsvin, Drevjakter och Utbildningsjakter. Varmt V\u00e4lkomna!<\/p>\n","protected":false},"author":130,"featured_media":0,"parent":0,"menu_order":4,"comment_status":"closed","ping_status":"closed","template":"","meta":{"footnotes":""},"class_list":["post-460","page","type-page","status-publish","hentry"],"_links":{"self":[{"href":"https:\/\/krets.jagareforbundet.se\/osterokersvaxholm\/wp-json\/wp\/v2\/pages\/460","targetHints":{"allow":["GET"]}}],"collection":[{"href":"https:\/\/krets.jagareforbundet.se\/osterokersvaxholm\/wp-json\/wp\/v2\/pages"}],"about":[{"href":"https:\/\/krets.jagareforbundet.se\/osterokersvaxholm\/wp-json\/wp\/v2\/types\/page"}],"author":[{"embeddable":true,"href":"https:\/\/krets.jagareforbundet.se\/osterokersvaxholm\/wp-json\/wp\/v2\/users\/130"}],"replies":[{"embeddable":true,"href":"https:\/\/krets.jagareforbundet.se\/osterokersvaxholm\/wp-json\/wp\/v2\/comments?post=460"}],"version-history":[{"count":3,"href":"https:\/\/krets.jagareforbundet.se\/osterokersvaxholm\/wp-json\/wp\/v2\/pages\/460\/revisions"}],"predecessor-version":[{"id":475,"href":"https:\/\/krets.jagareforbundet.se\/osterokersvaxholm\/wp-json\/wp\/v2\/pages\/460\/revisions\/475"}],"wp:attachment":[{"href":"https:\/\/krets.jagareforbundet.se\/osterokersvaxholm\/wp-json\/wp\/v2\/media?parent=460"}],"curies":[{"name":"wp","href":"https:\/\/api.w.org\/{rel}","templated":true}]}}