{"id":151,"date":"2014-08-27T21:14:07","date_gmt":"2014-08-27T19:14:07","guid":{"rendered":"https:\/\/krets.jagareforbundet.se\/rasbo\/?page_id=151"},"modified":"2023-06-11T15:27:13","modified_gmt":"2023-06-11T13:27:13","slug":"eftersoksekipage","status":"publish","type":"page","link":"https:\/\/krets.jagareforbundet.se\/rasbo\/eftersoksekipage\/","title":{"rendered":"Efters\u00f6ksekipage"},"content":{"rendered":"<p><span style=\"font-family: Calibri, sans-serif\"><span style=\"font-size: large\">Andreas Frick <\/span><\/span><\/p>\n<p><span style=\"font-family: Calibri, sans-serif\"><span style=\"font-size: large\">Tel: 0706 66 44 71<\/span><\/span><\/p>\n<p><span style=\"font-family: Calibri, sans-serif\"><span style=\"font-size: large\">Ryssbol 17 <\/span><\/span><\/p>\n<p><span style=\"font-family: Calibri, sans-serif\"><span style=\"font-size: large\">755 96 Uppsala<\/span><\/span><\/p>\n<p><span style=\"font-family: Calibri, sans-serif\"><span style=\"font-size: large\">Efters\u00f6k: \u00c4lg, Vildsvin, R\u00e5djur<\/span><\/span><\/p>\n<hr \/>\n<p>&nbsp;<\/p>\n<p><span style=\"font-family: Calibri, sans-serif\"><span style=\"font-size: large\">Kent Gustavsson<\/span><\/span><\/p>\n<p><span style=\"font-family: Calibri, sans-serif\"><span style=\"font-size: large\">Tel: 018-317410 \/ 0706 61 65 25<\/span><\/span><\/p>\n<p><span style=\"font-family: Calibri, sans-serif\"><span style=\"font-size: large\">Vaksala Lunda, Norrhagen 70 <\/span><\/span><\/p>\n<p><span style=\"font-family: Calibri, sans-serif\"><span style=\"font-size: large\">755 96 Uppsala<\/span><\/span><\/p>\n<p><span style=\"font-family: Calibri, sans-serif\"><span style=\"font-size: large\">Efters\u00f6k: \u00c4lg, Vildsvin, R\u00e5djur<\/span><\/span><\/p>\n<hr \/>\n<p>&nbsp;<\/p>\n<p><span style=\"font-family: Calibri, sans-serif\"><span style=\"font-size: large\">Dag Bj\u00f6rkling<\/span><\/span><\/p>\n<p><span style=\"color: #000080\"><span lang=\"zxx\"><span style=\"color: #000000\"><span style=\"font-family: Calibri, sans-serif\"><span style=\"font-size: large\">Tel: 018-351106 \/ 0709228457<\/span><\/span><\/span><\/span><\/span><\/p>\n<p><span style=\"font-family: Calibri, sans-serif\"><span style=\"font-size: large\">Rasbokil-\u00c5rby, Stentorpet 327 <\/span><\/span><\/p>\n<p><span style=\"font-family: Calibri, sans-serif\"><span style=\"font-size: large\">755 95 Uppsala<\/span><\/span><\/p>\n<p><span style=\"font-family: Calibri, sans-serif\"><span style=\"font-size: large\">Efters\u00f6k: Vildsvin, R\u00e5djur<\/span><\/span><\/p>\n<hr \/>\n<p><span style=\"font-family: Calibri, sans-serif\"><span style=\"font-size: large\">Dan Carlsson <\/span><\/span><\/p>\n<p><span style=\"font-family: Calibri, sans-serif\"><span style=\"font-size: large\">Tel: 0709 12 30 61<\/span><\/span><\/p>\n<p><span style=\"font-family: Calibri, sans-serif\"><span style=\"font-size: large\">Stubb\u00e5kersv\u00e4gen 5<\/span><\/span><\/p>\n<p><span style=\"font-family: Calibri, sans-serif\"><span style=\"font-size: large\">743 34 Storvreta<\/span><\/span><\/p>\n<p><span style=\"font-family: Calibri, sans-serif\"><span style=\"font-size: large\">Efters\u00f6k: \u00c4lg, Vildsvin, Kronhjort<\/span><\/span><\/p>\n<hr \/>\n<p><span style=\"font-family: Calibri, sans-serif\"><span style=\"font-size: large\">Lars Eriksson<\/span><\/span><\/p>\n<p><span style=\"font-family: Calibri, sans-serif\"><span style=\"font-size: large\">Tel: 0705 76 40 23<\/span><\/span><\/p>\n<p><span style=\"font-family: Calibri, sans-serif\"><span style=\"font-size: large\">Klivinge 119<\/span><\/span><\/p>\n<p><span style=\"font-family: Calibri, sans-serif\"><span style=\"font-size: large\">755 95 Uppsala<\/span><\/span><\/p>\n<p><span style=\"font-family: Calibri, sans-serif\"><span style=\"font-size: large\">Efters\u00f6k: \u00c4lg, r\u00e5djur, vildsvin<\/span><\/span><\/p>\n<hr \/>\n<p>Isak Gunnarsson<\/p>\n<p>Tel: 073-401 93 51<\/p>\n<p>Kr\u00e4by 25<\/p>\n<p>75596 Uppsala<\/p>\n<p>Efters\u00f6k: \u00c4lg, R\u00e5djur, Vildsvin.<\/p>\n<p>&nbsp;<\/p>\n<p dir=\"ltr\">Tommy Einar\u00f6<br \/>\nFunbo 132<br \/>\n75597 UA<br \/>\n<a href=\"tel:0708704721\">0708704721<\/a><br \/>\n<a href=\"mailto:Tommy@peragenda.se\">Tommy@peragenda.se<\/a><br \/>\nGr\u00e5hund<br \/>\nViltslag: \u00c4lg<\/p>\n","protected":false},"excerpt":{"rendered":"<p>Andreas Frick Tel: 0706 66 44 71 Ryssbol 17 755 96 Uppsala Efters\u00f6k: \u00c4lg, Vildsvin, R\u00e5djur &nbsp; Kent Gustavsson Tel: 018-317410 \/ 0706 61 65 25 Vaksala Lunda, Norrhagen 70 755 96 Uppsala Efters\u00f6k: \u00c4lg, Vildsvin, R\u00e5djur &nbsp; Dag Bj\u00f6rkling Tel: 018-351106 \/ 0709228457 Rasbokil-\u00c5rby, Stentorpet 327 755 95 Uppsala Efters\u00f6k: Vildsvin, R\u00e5djur Dan Carlsson [&hellip;]<\/p>\n","protected":false},"author":204,"featured_media":0,"parent":0,"menu_order":0,"comment_status":"open","ping_status":"open","template":"","meta":{"footnotes":""},"class_list":["post-151","page","type-page","status-publish","hentry"],"_links":{"self":[{"href":"https:\/\/krets.jagareforbundet.se\/rasbo\/wp-json\/wp\/v2\/pages\/151","targetHints":{"allow":["GET"]}}],"collection":[{"href":"https:\/\/krets.jagareforbundet.se\/rasbo\/wp-json\/wp\/v2\/pages"}],"about":[{"href":"https:\/\/krets.jagareforbundet.se\/rasbo\/wp-json\/wp\/v2\/types\/page"}],"author":[{"embeddable":true,"href":"https:\/\/krets.jagareforbundet.se\/rasbo\/wp-json\/wp\/v2\/users\/204"}],"replies":[{"embeddable":true,"href":"https:\/\/krets.jagareforbundet.se\/rasbo\/wp-json\/wp\/v2\/comments?post=151"}],"version-history":[{"count":3,"href":"https:\/\/krets.jagareforbundet.se\/rasbo\/wp-json\/wp\/v2\/pages\/151\/revisions"}],"predecessor-version":[{"id":368,"href":"https:\/\/krets.jagareforbundet.se\/rasbo\/wp-json\/wp\/v2\/pages\/151\/revisions\/368"}],"wp:attachment":[{"href":"https:\/\/krets.jagareforbundet.se\/rasbo\/wp-json\/wp\/v2\/media?parent=151"}],"curies":[{"name":"wp","href":"https:\/\/api.w.org\/{rel}","templated":true}]}}