{"id":184,"date":"2015-01-12T21:57:56","date_gmt":"2015-01-12T20:57:56","guid":{"rendered":"https:\/\/krets.jagareforbundet.se\/rasbo\/?page_id=184"},"modified":"2019-10-09T17:40:05","modified_gmt":"2019-10-09T15:40:05","slug":"jagarskola2020","status":"publish","type":"page","link":"https:\/\/krets.jagareforbundet.se\/rasbo\/jagarskola2020\/","title":{"rendered":"J\u00e4garskola"},"content":{"rendered":"<p>&nbsp;<\/p>\n<h4 style=\"text-align: center\">\u00c4r du intresserad av att ta<\/h4>\n<h1 style=\"text-align: center\">J\u00e4garexamen 2020<\/h1>\n<h4 style=\"text-align: center\">Vi i Rasbobygdens jaktv\u00e5rdskrets planerar att starta en kurs nu i v\u00e5r och tar g\u00e4rna emot din intresseanm\u00e4lan.<br \/>\nKursen startar i januari.<br \/>\nVi siktar p\u00e5 att bli klara med examen till sommaren.<br \/>\nKursen tar upp b\u00e5de teoritiska och praktiska moment.<br \/>\nKostnad \u00e4r 2700kr sen tillkommer det en kostnad p\u00e5 litteraturen. I \u00e5r kommer det \u00e4ven nytt kursmatrial som vi kommer arbeta med. Anm\u00e4l dig till Margaretha Karlsson 0705936541 \u00a0eller Margareta.karlssonlundin@gmail.com<\/h4>\n","protected":false},"excerpt":{"rendered":"<p>&nbsp; \u00c4r du intresserad av att ta J\u00e4garexamen 2020 Vi i Rasbobygdens jaktv\u00e5rdskrets planerar att starta en kurs nu i v\u00e5r och tar g\u00e4rna emot din intresseanm\u00e4lan. Kursen startar i januari. Vi siktar p\u00e5 att bli klara med examen till sommaren. Kursen tar upp b\u00e5de teoritiska och praktiska moment. Kostnad \u00e4r 2700kr sen tillkommer det [&hellip;]<\/p>\n","protected":false},"author":204,"featured_media":0,"parent":0,"menu_order":0,"comment_status":"open","ping_status":"open","template":"","meta":{"footnotes":""},"class_list":["post-184","page","type-page","status-publish","hentry"],"_links":{"self":[{"href":"https:\/\/krets.jagareforbundet.se\/rasbo\/wp-json\/wp\/v2\/pages\/184","targetHints":{"allow":["GET"]}}],"collection":[{"href":"https:\/\/krets.jagareforbundet.se\/rasbo\/wp-json\/wp\/v2\/pages"}],"about":[{"href":"https:\/\/krets.jagareforbundet.se\/rasbo\/wp-json\/wp\/v2\/types\/page"}],"author":[{"embeddable":true,"href":"https:\/\/krets.jagareforbundet.se\/rasbo\/wp-json\/wp\/v2\/users\/204"}],"replies":[{"embeddable":true,"href":"https:\/\/krets.jagareforbundet.se\/rasbo\/wp-json\/wp\/v2\/comments?post=184"}],"version-history":[{"count":2,"href":"https:\/\/krets.jagareforbundet.se\/rasbo\/wp-json\/wp\/v2\/pages\/184\/revisions"}],"predecessor-version":[{"id":307,"href":"https:\/\/krets.jagareforbundet.se\/rasbo\/wp-json\/wp\/v2\/pages\/184\/revisions\/307"}],"wp:attachment":[{"href":"https:\/\/krets.jagareforbundet.se\/rasbo\/wp-json\/wp\/v2\/media?parent=184"}],"curies":[{"name":"wp","href":"https:\/\/api.w.org\/{rel}","templated":true}]}}