{"id":2,"date":"2011-09-07T09:28:43","date_gmt":"2011-09-07T09:28:43","guid":{"rendered":"https:\/\/krets.jagareforbundet.se\/template\/?page_id=2"},"modified":"2019-02-14T17:45:26","modified_gmt":"2019-02-14T16:45:26","slug":"exempelsida","status":"publish","type":"page","link":"https:\/\/krets.jagareforbundet.se\/rasbo\/","title":{"rendered":"Rasbobygdens Jaktv\u00e5rdskrets"},"content":{"rendered":"<p>Rasbobygdens jaktv\u00e5rdskrets innefattar omr\u00e5dena Rasbo,Rasbokil,Funbo,Danmark &amp; Vaksala<a href=\"https:\/\/krets.jagareforbundet.se\/rasbo\/files\/2011\/09\/myran.jpg\"><br \/>\n<img loading=\"lazy\" decoding=\"async\" class=\"wp-image-128 aligncenter\" src=\"https:\/\/krets.jagareforbundet.se\/rasbo\/files\/2011\/09\/myran-300x207.jpg\" alt=\"myran\" width=\"367\" height=\"253\" srcset=\"https:\/\/krets.jagareforbundet.se\/rasbo\/files\/2011\/09\/myran-300x207.jpg 300w, https:\/\/krets.jagareforbundet.se\/rasbo\/files\/2011\/09\/myran.jpg 580w\" sizes=\"auto, (max-width: 367px) 100vw, 367px\" \/><\/a><\/p>\n<section>\n<h2><strong>\u00a0<\/strong><\/h2>\n<\/section>\n","protected":false},"excerpt":{"rendered":"<p>Rasbobygdens jaktv\u00e5rdskrets innefattar omr\u00e5dena Rasbo,Rasbokil,Funbo,Danmark &amp; Vaksala \u00a0<\/p>\n","protected":false},"author":3,"featured_media":0,"parent":0,"menu_order":0,"comment_status":"open","ping_status":"open","template":"","meta":{"footnotes":""},"class_list":["post-2","page","type-page","status-publish","hentry"],"_links":{"self":[{"href":"https:\/\/krets.jagareforbundet.se\/rasbo\/wp-json\/wp\/v2\/pages\/2","targetHints":{"allow":["GET"]}}],"collection":[{"href":"https:\/\/krets.jagareforbundet.se\/rasbo\/wp-json\/wp\/v2\/pages"}],"about":[{"href":"https:\/\/krets.jagareforbundet.se\/rasbo\/wp-json\/wp\/v2\/types\/page"}],"author":[{"embeddable":true,"href":"https:\/\/krets.jagareforbundet.se\/rasbo\/wp-json\/wp\/v2\/users\/3"}],"replies":[{"embeddable":true,"href":"https:\/\/krets.jagareforbundet.se\/rasbo\/wp-json\/wp\/v2\/comments?post=2"}],"version-history":[{"count":1,"href":"https:\/\/krets.jagareforbundet.se\/rasbo\/wp-json\/wp\/v2\/pages\/2\/revisions"}],"predecessor-version":[{"id":215,"href":"https:\/\/krets.jagareforbundet.se\/rasbo\/wp-json\/wp\/v2\/pages\/2\/revisions\/215"}],"wp:attachment":[{"href":"https:\/\/krets.jagareforbundet.se\/rasbo\/wp-json\/wp\/v2\/media?parent=2"}],"curies":[{"name":"wp","href":"https:\/\/api.w.org\/{rel}","templated":true}]}}