{"id":25,"date":"2011-09-09T08:04:59","date_gmt":"2011-09-09T08:04:59","guid":{"rendered":"https:\/\/krets.jagareforbundet.se\/template\/?page_id=25"},"modified":"2019-02-25T19:38:52","modified_gmt":"2019-02-25T18:38:52","slug":"blogg","status":"publish","type":"page","link":"https:\/\/krets.jagareforbundet.se\/rasbo\/blogg\/","title":{"rendered":"Blogg"},"content":{"rendered":"<p>L\u00f6rdagen den 16 februari, 2019 bj\u00f6d Rasbobygdens jaktv\u00e5rdskrets in f\u00f6rbundets kvinnliga j\u00e4gare p\u00e5 harjakt. Det var m\u00e5nga som deltog denna soliga och h\u00e4rliga dag. Tv\u00e5 st\u00f6vare drev hare f\u00f6r glatta livet och tre harar f\u00e4lldes under dagen.<\/p>\n<p><a href=\"https:\/\/krets.jagareforbundet.se\/rasbo\/files\/2019\/02\/harjakt-rasbo.jpg\"><img loading=\"lazy\" decoding=\"async\" class=\"alignnone size-medium wp-image-305\" src=\"https:\/\/krets.jagareforbundet.se\/rasbo\/files\/2019\/02\/harjakt-rasbo-223x300.jpg\" alt=\"\" width=\"223\" height=\"300\" srcset=\"https:\/\/krets.jagareforbundet.se\/rasbo\/files\/2019\/02\/harjakt-rasbo-223x300.jpg 223w, https:\/\/krets.jagareforbundet.se\/rasbo\/files\/2019\/02\/harjakt-rasbo.jpg 714w\" sizes=\"auto, (max-width: 223px) 100vw, 223px\" \/><\/a><\/p>\n","protected":false},"excerpt":{"rendered":"<p>L\u00f6rdagen den 16 februari, 2019 bj\u00f6d Rasbobygdens jaktv\u00e5rdskrets in f\u00f6rbundets kvinnliga j\u00e4gare p\u00e5 harjakt. Det var m\u00e5nga som deltog denna soliga och h\u00e4rliga dag. Tv\u00e5 st\u00f6vare drev hare f\u00f6r glatta livet och tre harar f\u00e4lldes under dagen.<\/p>\n","protected":false},"author":3,"featured_media":0,"parent":0,"menu_order":0,"comment_status":"open","ping_status":"open","template":"","meta":{"footnotes":""},"class_list":["post-25","page","type-page","status-publish","hentry"],"_links":{"self":[{"href":"https:\/\/krets.jagareforbundet.se\/rasbo\/wp-json\/wp\/v2\/pages\/25","targetHints":{"allow":["GET"]}}],"collection":[{"href":"https:\/\/krets.jagareforbundet.se\/rasbo\/wp-json\/wp\/v2\/pages"}],"about":[{"href":"https:\/\/krets.jagareforbundet.se\/rasbo\/wp-json\/wp\/v2\/types\/page"}],"author":[{"embeddable":true,"href":"https:\/\/krets.jagareforbundet.se\/rasbo\/wp-json\/wp\/v2\/users\/3"}],"replies":[{"embeddable":true,"href":"https:\/\/krets.jagareforbundet.se\/rasbo\/wp-json\/wp\/v2\/comments?post=25"}],"version-history":[{"count":1,"href":"https:\/\/krets.jagareforbundet.se\/rasbo\/wp-json\/wp\/v2\/pages\/25\/revisions"}],"predecessor-version":[{"id":304,"href":"https:\/\/krets.jagareforbundet.se\/rasbo\/wp-json\/wp\/v2\/pages\/25\/revisions\/304"}],"wp:attachment":[{"href":"https:\/\/krets.jagareforbundet.se\/rasbo\/wp-json\/wp\/v2\/media?parent=25"}],"curies":[{"name":"wp","href":"https:\/\/api.w.org\/{rel}","templated":true}]}}