{"id":398,"date":"2014-08-13T17:29:49","date_gmt":"2014-08-13T15:29:49","guid":{"rendered":"https:\/\/krets.jagareforbundet.se\/rekarne\/?page_id=398"},"modified":"2014-11-27T17:01:00","modified_gmt":"2014-11-27T16:01:00","slug":"baversafari-i-torshallaan-2014","status":"publish","type":"page","link":"https:\/\/krets.jagareforbundet.se\/rekarne\/bildgalleri\/baversafari-i-torshallaan-2014\/","title":{"rendered":"B\u00e4versafari Torsh\u00e4lla\u00e5n 2014"},"content":{"rendered":"<p><a href=\"https:\/\/krets.jagareforbundet.se\/rekarne\/files\/2014\/08\/20140625_170511.jpg\"><img loading=\"lazy\" decoding=\"async\" class=\"alignnone size-medium wp-image-399\" src=\"https:\/\/krets.jagareforbundet.se\/rekarne\/files\/2014\/08\/20140625_170511-168x300.jpg\" alt=\"20140625_170511\" width=\"168\" height=\"300\" srcset=\"https:\/\/krets.jagareforbundet.se\/rekarne\/files\/2014\/08\/20140625_170511-168x300.jpg 168w, https:\/\/krets.jagareforbundet.se\/rekarne\/files\/2014\/08\/20140625_170511-576x1024.jpg 576w\" sizes=\"auto, (max-width: 168px) 100vw, 168px\" \/><\/a>\u00a0 <a href=\"https:\/\/krets.jagareforbundet.se\/rekarne\/files\/2014\/08\/20140625_201233-1.jpg\"><img loading=\"lazy\" decoding=\"async\" class=\"alignnone size-medium wp-image-400\" src=\"https:\/\/krets.jagareforbundet.se\/rekarne\/files\/2014\/08\/20140625_201233-1-178x300.jpg\" alt=\"20140625_201233-1\" width=\"178\" height=\"300\" srcset=\"https:\/\/krets.jagareforbundet.se\/rekarne\/files\/2014\/08\/20140625_201233-1-178x300.jpg 178w, https:\/\/krets.jagareforbundet.se\/rekarne\/files\/2014\/08\/20140625_201233-1-609x1024.jpg 609w, https:\/\/krets.jagareforbundet.se\/rekarne\/files\/2014\/08\/20140625_201233-1.jpg 1382w\" sizes=\"auto, (max-width: 178px) 100vw, 178px\" \/><\/a>\u00a0 <a href=\"https:\/\/krets.jagareforbundet.se\/rekarne\/files\/2014\/08\/20140709_201655.jpg\"><img loading=\"lazy\" decoding=\"async\" class=\"alignnone size-medium wp-image-401\" src=\"https:\/\/krets.jagareforbundet.se\/rekarne\/files\/2014\/08\/20140709_201655-168x300.jpg\" alt=\"20140709_201655\" width=\"168\" height=\"300\" srcset=\"https:\/\/krets.jagareforbundet.se\/rekarne\/files\/2014\/08\/20140709_201655-168x300.jpg 168w, https:\/\/krets.jagareforbundet.se\/rekarne\/files\/2014\/08\/20140709_201655-576x1024.jpg 576w\" sizes=\"auto, (max-width: 168px) 100vw, 168px\" \/><\/a>\u00a0 <a href=\"https:\/\/krets.jagareforbundet.se\/rekarne\/files\/2014\/08\/20140709_210547.jpg\"><img loading=\"lazy\" decoding=\"async\" class=\"alignnone size-medium wp-image-402\" src=\"https:\/\/krets.jagareforbundet.se\/rekarne\/files\/2014\/08\/20140709_210547-168x300.jpg\" alt=\"20140709_210547\" width=\"168\" height=\"300\" srcset=\"https:\/\/krets.jagareforbundet.se\/rekarne\/files\/2014\/08\/20140709_210547-168x300.jpg 168w, https:\/\/krets.jagareforbundet.se\/rekarne\/files\/2014\/08\/20140709_210547-576x1024.jpg 576w\" sizes=\"auto, (max-width: 168px) 100vw, 168px\" \/><\/a><\/p>\n","protected":false},"excerpt":{"rendered":"<p>\u00a0 \u00a0 \u00a0<\/p>\n","protected":false},"author":144,"featured_media":0,"parent":38,"menu_order":0,"comment_status":"open","ping_status":"open","template":"","meta":{"footnotes":""},"class_list":["post-398","page","type-page","status-publish","hentry"],"_links":{"self":[{"href":"https:\/\/krets.jagareforbundet.se\/rekarne\/wp-json\/wp\/v2\/pages\/398","targetHints":{"allow":["GET"]}}],"collection":[{"href":"https:\/\/krets.jagareforbundet.se\/rekarne\/wp-json\/wp\/v2\/pages"}],"about":[{"href":"https:\/\/krets.jagareforbundet.se\/rekarne\/wp-json\/wp\/v2\/types\/page"}],"author":[{"embeddable":true,"href":"https:\/\/krets.jagareforbundet.se\/rekarne\/wp-json\/wp\/v2\/users\/144"}],"replies":[{"embeddable":true,"href":"https:\/\/krets.jagareforbundet.se\/rekarne\/wp-json\/wp\/v2\/comments?post=398"}],"version-history":[{"count":0,"href":"https:\/\/krets.jagareforbundet.se\/rekarne\/wp-json\/wp\/v2\/pages\/398\/revisions"}],"up":[{"embeddable":true,"href":"https:\/\/krets.jagareforbundet.se\/rekarne\/wp-json\/wp\/v2\/pages\/38"}],"wp:attachment":[{"href":"https:\/\/krets.jagareforbundet.se\/rekarne\/wp-json\/wp\/v2\/media?parent=398"}],"curies":[{"name":"wp","href":"https:\/\/api.w.org\/{rel}","templated":true}]}}