{"id":436,"date":"2014-08-21T18:44:46","date_gmt":"2014-08-21T16:44:46","guid":{"rendered":"https:\/\/krets.jagareforbundet.se\/rekarne\/?page_id=436"},"modified":"2025-03-03T14:26:10","modified_gmt":"2025-03-03T13:26:10","slug":"hund","status":"publish","type":"page","link":"https:\/\/krets.jagareforbundet.se\/rekarne\/hund\/","title":{"rendered":"Hundaktiviteter"},"content":{"rendered":"<h2><strong>Kontaktperson \u00e4r:<\/strong><\/h2>\n<h4>Josefine Pallman, 0735670066<\/h4>\n<p><a href=\"mailto:Josefinepallman@hotmail.com\">Josefinepallman@hotmail.com<\/a><\/p>\n<p>Kommande aktiviteter:<br \/>\nKretsm\u00e4starskap i viltsp\u00e5r 2024.<\/p>\n<p>&nbsp;<\/p>\n<p>&nbsp;<\/p>\n<p align=\"LEFT\">\n","protected":false},"excerpt":{"rendered":"<p>Kontaktperson \u00e4r: Josefine Pallman, 0735670066 Josefinepallman@hotmail.com Kommande aktiviteter: Kretsm\u00e4starskap i viltsp\u00e5r 2024. &nbsp; &nbsp;<\/p>\n","protected":false},"author":144,"featured_media":0,"parent":0,"menu_order":0,"comment_status":"open","ping_status":"open","template":"","meta":{"footnotes":""},"class_list":["post-436","page","type-page","status-publish","hentry"],"_links":{"self":[{"href":"https:\/\/krets.jagareforbundet.se\/rekarne\/wp-json\/wp\/v2\/pages\/436","targetHints":{"allow":["GET"]}}],"collection":[{"href":"https:\/\/krets.jagareforbundet.se\/rekarne\/wp-json\/wp\/v2\/pages"}],"about":[{"href":"https:\/\/krets.jagareforbundet.se\/rekarne\/wp-json\/wp\/v2\/types\/page"}],"author":[{"embeddable":true,"href":"https:\/\/krets.jagareforbundet.se\/rekarne\/wp-json\/wp\/v2\/users\/144"}],"replies":[{"embeddable":true,"href":"https:\/\/krets.jagareforbundet.se\/rekarne\/wp-json\/wp\/v2\/comments?post=436"}],"version-history":[{"count":4,"href":"https:\/\/krets.jagareforbundet.se\/rekarne\/wp-json\/wp\/v2\/pages\/436\/revisions"}],"predecessor-version":[{"id":1284,"href":"https:\/\/krets.jagareforbundet.se\/rekarne\/wp-json\/wp\/v2\/pages\/436\/revisions\/1284"}],"wp:attachment":[{"href":"https:\/\/krets.jagareforbundet.se\/rekarne\/wp-json\/wp\/v2\/media?parent=436"}],"curies":[{"name":"wp","href":"https:\/\/api.w.org\/{rel}","templated":true}]}}