{"id":622,"date":"2015-08-07T16:43:31","date_gmt":"2015-08-07T14:43:31","guid":{"rendered":"https:\/\/krets.jagareforbundet.se\/rekarne\/?page_id=622"},"modified":"2015-12-07T20:02:46","modified_gmt":"2015-12-07T19:02:46","slug":"2015-2","status":"publish","type":"page","link":"https:\/\/krets.jagareforbundet.se\/rekarne\/ungdomsaktiviteter\/2015-2\/","title":{"rendered":"2015"},"content":{"rendered":"<p><a href=\"https:\/\/krets.jagareforbundet.se\/rekarne\/files\/2015\/08\/Harjakt-f\u00f6r-ungdomar-vid-H\u00e4gran-5-sept-15.pdf\" target=\"_blank\">Harjakt f\u00f6r ungdomar_150905<\/a><br \/>\n<a href=\"https:\/\/krets.jagareforbundet.se\/rekarne\/files\/2015\/08\/F\u00e4rdigt-fr\u00e5n-ungdomsl\u00e4gret.pdf\" target=\"_blank\">Ungdomsl\u00e4ger 1-2\/8<\/a><br \/>\n<a href=\"https:\/\/krets.jagareforbundet.se\/rekarne\/files\/2015\/08\/Utbytesjakt-151106-08.pdf\" target=\"_blank\">Utbytesjakt 6-8\/11<\/a><br \/>\n<a href=\"https:\/\/krets.jagareforbundet.se\/rekarne\/files\/2015\/08\/Harjakt_151206.pdf\" target=\"_blank\">Harjakt f\u00f6r ungdomar 151206<\/a><\/p>\n","protected":false},"excerpt":{"rendered":"<p>Harjakt f\u00f6r ungdomar_150905 Ungdomsl\u00e4ger 1-2\/8 Utbytesjakt 6-8\/11 Harjakt f\u00f6r ungdomar 151206<\/p>\n","protected":false},"author":144,"featured_media":0,"parent":214,"menu_order":0,"comment_status":"open","ping_status":"open","template":"","meta":{"footnotes":""},"class_list":["post-622","page","type-page","status-publish","hentry"],"_links":{"self":[{"href":"https:\/\/krets.jagareforbundet.se\/rekarne\/wp-json\/wp\/v2\/pages\/622","targetHints":{"allow":["GET"]}}],"collection":[{"href":"https:\/\/krets.jagareforbundet.se\/rekarne\/wp-json\/wp\/v2\/pages"}],"about":[{"href":"https:\/\/krets.jagareforbundet.se\/rekarne\/wp-json\/wp\/v2\/types\/page"}],"author":[{"embeddable":true,"href":"https:\/\/krets.jagareforbundet.se\/rekarne\/wp-json\/wp\/v2\/users\/144"}],"replies":[{"embeddable":true,"href":"https:\/\/krets.jagareforbundet.se\/rekarne\/wp-json\/wp\/v2\/comments?post=622"}],"version-history":[{"count":1,"href":"https:\/\/krets.jagareforbundet.se\/rekarne\/wp-json\/wp\/v2\/pages\/622\/revisions"}],"predecessor-version":[{"id":648,"href":"https:\/\/krets.jagareforbundet.se\/rekarne\/wp-json\/wp\/v2\/pages\/622\/revisions\/648"}],"up":[{"embeddable":true,"href":"https:\/\/krets.jagareforbundet.se\/rekarne\/wp-json\/wp\/v2\/pages\/214"}],"wp:attachment":[{"href":"https:\/\/krets.jagareforbundet.se\/rekarne\/wp-json\/wp\/v2\/media?parent=622"}],"curies":[{"name":"wp","href":"https:\/\/api.w.org\/{rel}","templated":true}]}}