{"id":544,"date":"2017-03-27T14:07:11","date_gmt":"2017-03-27T12:07:11","guid":{"rendered":"https:\/\/krets.jagareforbundet.se\/skara\/?page_id=544"},"modified":"2026-04-10T15:11:15","modified_gmt":"2026-04-10T13:11:15","slug":"valkommen-till-skara-kretsen","status":"publish","type":"page","link":"https:\/\/krets.jagareforbundet.se\/skara\/","title":{"rendered":""},"content":{"rendered":"<h1><\/h1>\n<h1>V\u00e4lkommen till Skara Jaktv\u00e5rdskrets hemsida!<\/h1>\n<p>H\u00e4r kan se du vad som h\u00e4nder hos oss, och vem du kan kontakta om du har fr\u00e5gor g\u00e4llande v\u00e5r verksamhet i Skara.<\/p>\n<p>L\u00e4s mer i menyn om v\u00e5ra olika omr\u00e5den.<\/p>\n<p>Skit Jakt!<\/p>\n<p>&nbsp;<\/p>\n<hr \/>\n<div class=\"xdj266r x14z9mp xat24cr x1lziwak x1vvkbs x126k92a\">\n<div class=\"xdj266r x14z9mp xat24cr x1lziwak x1vvkbs x126k92a\">\n<div><a href=\"https:\/\/krets.jagareforbundet.se\/skara\/files\/2026\/04\/Aventyrsmassa-Astrosweden-10-april-2026.jpg\"><img loading=\"lazy\" decoding=\"async\" class=\"size-medium wp-image-2184 aligncenter\" src=\"https:\/\/krets.jagareforbundet.se\/skara\/files\/2026\/04\/Aventyrsmassa-Astrosweden-10-april-2026-274x300.jpg\" alt=\"\" width=\"274\" height=\"300\" srcset=\"https:\/\/krets.jagareforbundet.se\/skara\/files\/2026\/04\/Aventyrsmassa-Astrosweden-10-april-2026-274x300.jpg 274w, https:\/\/krets.jagareforbundet.se\/skara\/files\/2026\/04\/Aventyrsmassa-Astrosweden-10-april-2026-935x1024.jpg 935w, https:\/\/krets.jagareforbundet.se\/skara\/files\/2026\/04\/Aventyrsmassa-Astrosweden-10-april-2026-768x841.jpg 768w, https:\/\/krets.jagareforbundet.se\/skara\/files\/2026\/04\/Aventyrsmassa-Astrosweden-10-april-2026.jpg 1182w\" sizes=\"auto, (max-width: 274px) 100vw, 274px\" \/><\/a><\/div>\n<div><\/div>\n<div>Fredagen den 10 april och l\u00f6rdagen den 11 april medverkar Svenska J\u00e4garef\u00f6rbundet p\u00e5 Astro Swedens \u00e4ventyrsm\u00e4ssa. Kom och prata med oss! <span class=\"html-span xexx8yu xyri2b x18d9i69 x1c1uobl x1hl2dhg x16tdsg8 x1vvkbs x3nfvp2 x1j61x8r x1fcty0u xdj266r xat24cr xm2jcoa x1mpyi22 xxymvpz xlup9mm x1kky2od\"><img loading=\"lazy\" decoding=\"async\" class=\"xz74otr x15mokao x1ga7v0g x16uus16 xbiv7yw\" src=\"https:\/\/static.xx.fbcdn.net\/images\/emoji.php\/v9\/t7f\/1\/16\/1f60a.png\" alt=\"\ud83d\ude0a\" width=\"16\" height=\"16\" \/><\/span><\/div>\n<\/div>\n<\/div>\n<div class=\"xdj266r x14z9mp xat24cr x1lziwak x1vvkbs x126k92a\">\n<div><a href=\"https:\/\/astrosweden.se\/pages\/aventyrsmassanbesokare\">V\u00e4lkommen till v\u00e5rens h\u00f6jdpunkt! \u00c4ventyrsm\u00e4ssan hos Astro Sweden!<\/a><\/div>\n<\/div>\n<div class=\"xdj266r x14z9mp xat24cr x1lziwak x1vvkbs x126k92a\">\n<div class=\"x14z9mp xat24cr x1lziwak x1vvkbs xtlvy1s x126k92a\">\n<div>Fredag 10 APRIL 10:00-18:00<\/div>\n<div>L\u00f6rdag 11 APRIL 10:00-14:00<\/div>\n<\/div>\n<hr \/>\n<h2>V\u00e4lkommen till en praktisk f\u00e4ltdag om jakt och viltv\u00e5rd &#8211; 14 mars, Bosg\u00e5rden Hornborga<\/h2>\n<div>J\u00e4garf\u00f6rbundet Skaraborg tillsammans med Studiefr\u00e4mjandet V\u00e4st bjuder in och ger m\u00f6jligheten till nya som \u201dnygamla\u201d j\u00e4gare att l\u00e4ra sig mer om den praktiska delen som jakt ocks\u00e5 inneb\u00e4r. H\u00e5ller du p\u00e5 att ta j\u00e4garexamen eller \u00e4r det n\u00e5got du \u00e4r nyfiken p\u00e5?<\/div>\n<\/div>\n<div class=\"x14z9mp xat24cr x1lziwak x1vvkbs xtlvy1s x126k92a\">\n<div><\/div>\n<div>Skarakretsen kommer sj\u00e4lvklart vara p\u00e5 plats.<\/div>\n<\/div>\n<div><\/div>\n<div class=\"x14z9mp xat24cr x1lziwak x1vvkbs xtlvy1s x126k92a\">\n<div>Mer information och bokning p\u00e5 Studiefr\u00e4mjandets hemsida: <a href=\"https:\/\/www.studieframjandet.se\/vastra-gotalands-lan\/gustav-arrangemang\/kurser\/2026\/mars\/praktisk-faltdag-om-jakt-och-viltvard\/\">Praktisk f\u00e4ltdag om jakt och viltv\u00e5rd<\/a><\/div>\n<div><\/div>\n<\/div>\n<hr \/>\n<h2><strong>V\u00e4lkommen till en trevlig skyttekv\u00e4ll!<\/strong><\/h2>\n<div class=\"html-div xdj266r x14z9mp xat24cr x1lziwak xexx8yu xyri2b x18d9i69 x1c1uobl\">\n<div class=\"html-div xdj266r x14z9mp x1lziwak xexx8yu xyri2b x18d9i69 x1c1uobl x1e56ztr\"><strong class=\"html-strong xdj266r x14z9mp xat24cr x1lziwak xexx8yu xyri2b x18d9i69 x1c1uobl x1hl2dhg x16tdsg8 x1vvkbs x1s688f\">M\u00e5ndagen den 23 mars kl. 19.00\u201321.00<\/strong><\/div>\n<\/div>\n<div class=\"html-div xdj266r x14z9mp xat24cr x1lziwak xexx8yu xyri2b x18d9i69 x1c1uobl\">\n<p class=\"html-div xdj266r x14z9mp x1lziwak xexx8yu xyri2b x18d9i69 x1c1uobl x1e56ztr\"><span class=\"x193iq5w xeuugli x13faqbe x1vvkbs x1xmvt09 x6prxxf xvq8zen xo1l8bm xzsf02u\">tr\u00e4ffas vi p\u00e5\u00a0<span class=\"html-span xdj266r x14z9mp xat24cr x1lziwak xexx8yu xyri2b x18d9i69 x1c1uobl x1hl2dhg x16tdsg8 x1vvkbs\"><strong class=\"html-strong xdj266r x14z9mp xat24cr x1lziwak xexx8yu xyri2b x18d9i69 x1c1uobl x1hl2dhg x16tdsg8 x1vvkbs x1s688f\">Bosg\u00e5rden, Broddetorp<\/strong><\/span> f\u00f6r en gemensam kv\u00e4ll p\u00e5 skjutbiografen.<\/span><\/p>\n<\/div>\n<div class=\"html-div xdj266r x14z9mp xat24cr x1lziwak xexx8yu xyri2b x18d9i69 x1c1uobl\">\n<ul>\n<li class=\"html-li xdj266r x14z9mp xat24cr x1lziwak xexx8yu xyri2b x18d9i69 x1c1uobl x1n2onr6 x1sle589\">\n<div class=\"html-div xdj266r x14z9mp x1lziwak xexx8yu xyri2b x18d9i69 x1c1uobl x1e56ztr\"><span class=\"x193iq5w xeuugli x13faqbe x1vvkbs x1xmvt09 x6prxxf xvq8zen xo1l8bm xzsf02u\">Skyttet \u00e4r gratis f\u00f6r medlemmar i Skara Jaktv\u00e5rdskrets<\/span><\/div>\n<\/li>\n<li class=\"html-li xdj266r x14z9mp xat24cr x1lziwak xexx8yu xyri2b x18d9i69 x1c1uobl x1n2onr6 x1sle589\">\n<div class=\"html-div xdj266r x14z9mp x1lziwak xexx8yu xyri2b x18d9i69 x1c1uobl x1e56ztr\"><span class=\"x193iq5w xeuugli x13faqbe x1vvkbs x1xmvt09 x6prxxf xvq8zen xo1l8bm xzsf02u\">Ta med egen \u00f6vningsammunition (de vanligaste kalibrarna finns oftast att k\u00f6pa p\u00e5 plats)<\/span><\/div>\n<\/li>\n<li class=\"html-li xdj266r x14z9mp xat24cr x1lziwak xexx8yu xyri2b x18d9i69 x1c1uobl x1n2onr6 x1sle589\">\n<div class=\"html-div xdj266r x14z9mp x1lziwak xexx8yu xyri2b x18d9i69 x1c1uobl x1e56ztr\"><span class=\"x193iq5w xeuugli x13faqbe x1vvkbs x1xmvt09 x6prxxf xvq8zen xo1l8bm xzsf02u\">Kaffe och bulle finns att k\u00f6pa<\/span><\/div>\n<\/li>\n<li class=\"html-li xdj266r x14z9mp xat24cr x1lziwak xexx8yu xyri2b x18d9i69 x1c1uobl x1n2onr6 x1sle589\">\n<div class=\"html-div xdj266r x14z9mp x1lziwak xexx8yu xyri2b x18d9i69 x1c1uobl x1e56ztr\"><span class=\"x193iq5w xeuugli x13faqbe x1vvkbs x1xmvt09 x6prxxf xvq8zen xo1l8bm xzsf02u\">Ingen f\u00f6ranm\u00e4lan beh\u00f6vs<\/span><\/div>\n<\/li>\n<\/ul>\n<\/div>\n<p>Denna kv\u00e4ll ers\u00e4tter skyttet som vi tidigare planerat i samband med \u00e5rsm\u00f6tet.<\/p>\n<p>Vi hoppas att m\u00e5nga har m\u00f6jlighet att komma!<\/p>\n<p>Varmt v\u00e4lkomna!<\/p>\n<div class=\"html-div xdj266r x14z9mp xat24cr x1lziwak xexx8yu xyri2b x18d9i69 x1c1uobl\"><span class=\"x193iq5w xeuugli x13faqbe x1vvkbs x1xmvt09 x6prxxf xvq8zen xo1l8bm xzsf02u\"><span class=\"html-span xdj266r x14z9mp xat24cr x1lziwak xexx8yu xyri2b x18d9i69 x1c1uobl x1hl2dhg x16tdsg8 x1vvkbs\"><strong class=\"html-strong xdj266r x14z9mp xat24cr x1lziwak xexx8yu xyri2b x18d9i69 x1c1uobl x1hl2dhg x16tdsg8 x1vvkbs x1s688f\">Styrelsen<\/strong><\/span><\/span><\/div>\n<p>&nbsp;<\/p>\n<div>Se s\u00e4kerhetsbest\u00e4mmelser Skjutbiografen: Skjutbio &#8211; <span class=\"html-span xdj266r x14z9mp xat24cr x1lziwak xexx8yu xyri2b x18d9i69 x1c1uobl x1hl2dhg x16tdsg8 x1vvkbs\"><a class=\"x1i10hfl xjbqb8w x1ejq31n x18oe1m7 x1sy0etr xstzfhl x972fbf x10w94by x1qhh985 x14e42zd x9f619 x1ypdohk xt0psk2 x3ct3a4 xdj266r x14z9mp xat24cr x1lziwak xexx8yu xyri2b x18d9i69 x1c1uobl x16tdsg8 x1hl2dhg xggy1nq x1a2a7pz xkrqix3 x1sur9pj x1fey0fg x1s688f\" role=\"link\" href=\"https:\/\/www.facebook.com\/groups\/1820175411581011\/user\/100041518915844\/?__cft__[0]=AZao1GFbZqShM8IMjMH6ubxHohMUWCPZKdgFEm3gzbggEg9XXVSov5CEo8Yp_kFUcTp7fYd9i2bV3LkksHIOf78UYQ6ql3hEETpqXpHv_y4Ca3nk9ucaES5BsZZaDQo0AlmvqDNPT2zpce_z2cSwlU8B&amp;__tn__=-]K-R\"><span class=\"xt0psk2\"><span class=\"xjp7ctv\">Bosg\u00e5rden Hornborga<\/span><\/span><\/a><\/span><\/div>\n<p>Har du fr\u00e5gor? Kontakta Ingrid Brodin: 076-178 65 11<\/p>\n<p>&nbsp;<\/p>\n<p>&nbsp;<\/p>\n<hr \/>\n<p><a href=\"https:\/\/krets.jagareforbundet.se\/skara\/files\/2026\/02\/Arsmote-Skarakretsen-2026-scaled.jpeg\"><img loading=\"lazy\" decoding=\"async\" class=\"wp-image-2155 aligncenter\" src=\"https:\/\/krets.jagareforbundet.se\/skara\/files\/2026\/02\/Arsmote-Skarakretsen-2026-300x166.jpeg\" alt=\"\" width=\"445\" height=\"246\" srcset=\"https:\/\/krets.jagareforbundet.se\/skara\/files\/2026\/02\/Arsmote-Skarakretsen-2026-300x166.jpeg 300w, https:\/\/krets.jagareforbundet.se\/skara\/files\/2026\/02\/Arsmote-Skarakretsen-2026-1024x568.jpeg 1024w, https:\/\/krets.jagareforbundet.se\/skara\/files\/2026\/02\/Arsmote-Skarakretsen-2026-768x426.jpeg 768w, https:\/\/krets.jagareforbundet.se\/skara\/files\/2026\/02\/Arsmote-Skarakretsen-2026-1536x852.jpeg 1536w, https:\/\/krets.jagareforbundet.se\/skara\/files\/2026\/02\/Arsmote-Skarakretsen-2026-2048x1136.jpeg 2048w\" sizes=\"auto, (max-width: 445px) 100vw, 445px\" \/><\/a><\/p>\n<p>Skarakretsens \u00e5rsm\u00f6te 2026 p\u00e5 Bosg\u00e5rden blev mycket trevligt. Efter m\u00f6tet ber\u00e4ttade Kristian Kroon fr\u00e5n L\u00e4nsstyrelsen om projektet V\u00e4rna Vadare. Projektet \u00e4r ett initiativ f\u00f6r att skydda och v\u00e4rna hotade vadarf\u00e5glar och drivs av akt\u00f6rer som L\u00e4nsstyrelsen i V\u00e4stra G\u00f6taland, BirdLife Sverige och Svenska J\u00e4garef\u00f6rbundet. Ett mycket uppskattat f\u00f6redrag.<\/p>\n<p>Tack till er som kom!<\/p>\n<p>&nbsp;<\/p>\n<hr \/>\n<h2>V\u00e4lkommen till J\u00e4garef\u00f6rbundet Skaras \u00e5rsm\u00f6te den 5 februari 2026<\/h2>\n<p>\u00c5rsm\u00f6tet 2026 kommer genomf\u00f6ras p\u00e5 Bosg\u00e5rdens skjutbiograf som arrangeras s\u00e5 att deltagarna har m\u00f6jligheten att fritt anv\u00e4nda skjutbiografen efter \u00e5rsm\u00f6tet.<\/p>\n<p><strong>18.30 \u2013 19.00<\/strong> \u00c5rsm\u00f6te<\/p>\n<p><strong>19.00 \u2013 19.15<\/strong> Kaffe och fralla<\/p>\n<p><strong>19.15 \u2013 19.50<\/strong> F\u00f6rel\u00e4sning av Kristian Kroon, fr\u00e5n L\u00e4nsstyrelsen, d\u00e4r han arbetar med Jakt- och Viltv\u00e5rd i skyddade omr\u00e5den, bla som naturv\u00e5rdsvakt vid Hornborgarsj\u00f6n. Kristian \u00e4r j\u00e4gare och viltsp\u00e5rare.<\/p>\n<p><strong>20.00 \u2013 22.00<\/strong> Skjutbiograf, ammunition f\u00e5r deltagarna sj\u00e4lva st\u00e5 f\u00f6r.<\/p>\n<p>F\u00f6r att kunna veta hur mycket fika som vi beh\u00f6ver best\u00e4lla vill vi veta hur m\u00e5nga som kommer. S\u00e5 h\u00f6r av er med namn samt antal deltagare via sms till n\u00e5gon av f\u00f6ljande, <strong>svar senast <\/strong>2026-02-03:<\/p>\n<ul>\n<li>Ingrid Brodin: 076-1786511<\/li>\n<li>Robert \u00c5lrud: 070-390077<\/li>\n<\/ul>\n<p>S\u00e4kerhetsbest\u00e4mmelser f\u00f6r skjutbiografen: <a href=\"https:\/\/bosgardenhornborga.se\/produkt\/skjutbio\/?date=2026-01-20&amp;time=1800\">Skjutbio &#8211; Bosg\u00e5rden Hornborga<\/a><\/p>\n<p>&nbsp;<\/p>\n<p>V\u00e4lkomna!<\/p>\n<p>H\u00e4lsningar\u00a0Styrelsen<\/p>\n<p><strong>J\u00e4garef\u00f6rbundet Skara<\/strong><\/p>\n<p>&nbsp;<\/p>\n<p><a href=\"https:\/\/krets.jagareforbundet.se\/skara\/files\/2026\/01\/Dagordning-Arsmote-for-Skara-jaktvardskrets-2026-1.pdf\">Dagordning \u00c5rsm\u00f6te f\u00f6r Skara jaktv\u00e5rdskrets 2026<\/a><\/p>\n<p><a href=\"https:\/\/krets.jagareforbundet.se\/skara\/files\/2026\/01\/Verksamhetsberattelse-for-Jagareforbundet-Skara-2025.pdf\">Verksamhetsber\u00e4ttelse f\u00f6r J\u00e4garef\u00f6rbundet Skara 2025<\/a><\/p>\n<p>&nbsp;<\/p>\n<hr \/>\n<h2>V\u00e4lkommen till ungdomsjakt p\u00e5 Tors\u00f6 l\u00f6rdagen den 6:e december \u00a0kl. 08.30<\/h2>\n<p>Skara jaktv\u00e5rdskrets bjuder in unga j\u00e4gare till har- och r\u00e4vjakt med drivande hund p\u00e5 J\u00e4garef\u00f6rbundets jaktmarker p\u00e5 Tors\u00f6 l\u00f6rdagen den 6:e december.<\/p>\n<p>Har du inte j\u00e4garexamen och \u00e4r under 18 \u00e5r \u00e4r du v\u00e4lkommen med en fadder som \u00e4r med dig under jakten. Har du ingen egen fadder att g\u00e5 med s\u00e5 kan vi kan ordna en \u2013 h\u00f6r av dig!<\/p>\n<p>Vi kommer <strong>enbart<\/strong> jaga med <strong>hagelvapen<\/strong> s\u00e5 inga kulgev\u00e4r eller kombinationsvapen.<\/p>\n<p>Vi bjuder p\u00e5 grillad korv med tillbeh\u00f6r.<\/p>\n<p>&nbsp;<\/p>\n<p>Anm\u00e4lan <strong>senast 23:e november<\/strong> till n\u00e5gon av f\u00f6ljande:<\/p>\n<p>Louise Hall\u00a0 \u00a0 <a href=\"mailto:louise.hall@edu.skara.se\">louise.hall@edu.skara.se<\/a>\u00a0 \u00a0 \u00a0 \u00a0 \u00a0 \u00a0 \u00a0070 \u2013 8418172<\/p>\n<p>Helena Sv\u00e4rd\u00a0\u00a0\u00a0\u00a0 <a href=\"mailto:hs@helenasvard.se\">hs@helenasvard.se<\/a>\u00a0 \u00a0 \u00a0 \u00a0 \u00a0 \u00a0 \u00a0 \u00a0 \u00a0 070 &#8211; 7276050<\/p>\n<p>&nbsp;<\/p>\n<p>Ytterligare information om jakten mejlas ut efter anm\u00e4lan.<\/p>\n<p>&nbsp;<\/p>\n<p>V\u00e4lkomna<\/p>\n<p>Styrelsen J\u00e4garef\u00f6rbundet Skara<\/p>\n<p>&nbsp;<\/p>\n<hr \/>\n<h2><strong>Ungdomsjakter Skogaryd, R\u00e5dde och Tors\u00f6<\/strong><\/h2>\n<p>L\u00e4nets tre l\u00e4nsf\u00f6reningar har i \u00e5r beslutat om att tillsammans anordna var sin gemensam ungdomsjakt under jakt\u00e5ret 2025-2026.<\/p>\n<p>Tanken med detta \u00e4r att erbjuda <strong>ungdomar <\/strong>en chans att jaga p\u00e5 nya och sp\u00e4nnande marker och f\u00f6rhoppningsvis tr\u00e4ffa nya bekantskaper l\u00e4ngs v\u00e4gen!<\/p>\n<p>Skogaryd, V\u00e4nersborg: 16 nov 2025<\/p>\n<p>R\u00e5dde, L\u00e4nghem: 13 nov 2025<\/p>\n<p>Tors\u00f6, Mariestad: 18 jan 2026<\/p>\n<p>Det \u00e4r f\u00f6rst till kvarn men vi h\u00e5ller i f\u00f6rsta hand 4 platser per l\u00e4nsf\u00f6rening. Allts\u00e5 cirka 12 platser totalt.<\/p>\n<p>L\u00e4s mer om ungdomsjakterna och hur du anm\u00e4ler dig till dem h\u00e4r: <a href=\"https:\/\/krets.jagareforbundet.se\/skara\/files\/2025\/10\/Gemensamma-ungdomsjakter.pdf\">Gemensamma ungdomsjakter<\/a><\/p>\n<p>&nbsp;<\/p>\n<hr \/>\n<p><a href=\"https:\/\/krets.jagareforbundet.se\/skara\/files\/2025\/02\/250207-Arsmote-Bosgarden-scaled.jpg\"><img loading=\"lazy\" decoding=\"async\" class=\"size-medium wp-image-2005 aligncenter\" src=\"https:\/\/krets.jagareforbundet.se\/skara\/files\/2025\/02\/250207-Arsmote-Bosgarden-300x225.jpg\" alt=\"\" width=\"300\" height=\"225\" srcset=\"https:\/\/krets.jagareforbundet.se\/skara\/files\/2025\/02\/250207-Arsmote-Bosgarden-300x225.jpg 300w, https:\/\/krets.jagareforbundet.se\/skara\/files\/2025\/02\/250207-Arsmote-Bosgarden-1024x768.jpg 1024w, https:\/\/krets.jagareforbundet.se\/skara\/files\/2025\/02\/250207-Arsmote-Bosgarden-768x576.jpg 768w, https:\/\/krets.jagareforbundet.se\/skara\/files\/2025\/02\/250207-Arsmote-Bosgarden-1536x1152.jpg 1536w, https:\/\/krets.jagareforbundet.se\/skara\/files\/2025\/02\/250207-Arsmote-Bosgarden-2048x1536.jpg 2048w\" sizes=\"auto, (max-width: 300px) 100vw, 300px\" \/><\/a><\/p>\n<p>Skarakretsens \u00e5rsm\u00f6te p\u00e5 Bosg\u00e5rden den 6 februari 2025 blev lyckat. M\u00e5nga kom och lyssnade p\u00e5 jaktv\u00e5rdskonsulent Karl-Johan Brindbergs som f\u00f6rel\u00e4ste om v\u00e5ra rovdjur. Sedan var det skytte i skjutbiografen.<\/p>\n<p>Tack till er som kom!<\/p>\n<hr \/>\n<h2>V\u00e4lkommen<strong> till J\u00e4garef\u00f6rbundet Skaras\u00a0<\/strong><strong>\u00e5rsm\u00f6te den 6:e februari 2025<\/strong><\/h2>\n<blockquote><p><a href=\"https:\/\/krets.jagareforbundet.se\/skara\/files\/2025\/02\/Screenshot_20250131_094747_Adobe-Acrobat.jpg\"><img loading=\"lazy\" decoding=\"async\" class=\"alignnone size-medium wp-image-1975\" src=\"https:\/\/krets.jagareforbundet.se\/skara\/files\/2025\/02\/Screenshot_20250131_094747_Adobe-Acrobat-212x300.jpg\" alt=\"\" width=\"212\" height=\"300\" srcset=\"https:\/\/krets.jagareforbundet.se\/skara\/files\/2025\/02\/Screenshot_20250131_094747_Adobe-Acrobat-212x300.jpg 212w, https:\/\/krets.jagareforbundet.se\/skara\/files\/2025\/02\/Screenshot_20250131_094747_Adobe-Acrobat-725x1024.jpg 725w, https:\/\/krets.jagareforbundet.se\/skara\/files\/2025\/02\/Screenshot_20250131_094747_Adobe-Acrobat-768x1084.jpg 768w, https:\/\/krets.jagareforbundet.se\/skara\/files\/2025\/02\/Screenshot_20250131_094747_Adobe-Acrobat.jpg 1080w\" sizes=\"auto, (max-width: 212px) 100vw, 212px\" \/><\/a><\/p><\/blockquote>\n<p>\u00c5rsm\u00f6tet 2025 genomf\u00f6rs p\u00e5 Bosg\u00e5rdens skjutbiograf. Efter att \u00e5rsm\u00f6tet avslutats har deltagarna m\u00f6jlighet att fritt anv\u00e4nda skjutbiografen.<\/p>\n<p>18.30-19.00 \u00c5rsm\u00f6te<\/p>\n<p>19.00-19.15 Kaffe och fralla<\/p>\n<p>19.15-19.50 Karl-Johan Brindbergs pratar om varg och vargjakt<\/p>\n<p>20.00-22.00 Skjutbiograf, deltagarna st\u00e5r sj\u00e4lva f\u00f6r ammunition<\/p>\n<p>&nbsp;<\/p>\n<p>F\u00f6r att vi ska kunna se till att fika finns till alla &#8211; meddela oss att du kommer.<\/p>\n<p>Skicka namn och antal deltagare i sms till n\u00e5gon av oss, senast 3 februari:<\/p>\n<p>Ingrid Brodin: 076-1786511<\/p>\n<p>Robert \u00c5lrud: 070-3900777<\/p>\n<p>S\u00e4kerhetsbest\u00e4mmelser f\u00f6r skjutbiograf<\/p>\n<p>V\u00e4lkomna!<\/p>\n<p>Styrelsen,\u00a0J\u00e4garef\u00f6rbundet Skara<\/p>\n<hr \/>\n<h2>V\u00e4lkommen<strong> till ungdomsjakt p\u00e5 Tors\u00f6 <\/strong><strong>l\u00f6rdagen den 23:e november kl. 08.30<\/strong><\/h2>\n<div id=\"copyFragmentChild\">\n<div class=\"Collapsible\">\n<div class=\"_flex_ffbb7\">Skara jaktv\u00e5rdskrets bjuder in unga j\u00e4gare till sm\u00e5viltsjakt med drivande hund p\u00e5 J\u00e4garef\u00f6rbundets jaktmarker p\u00e5 Tors\u00f6 l\u00f6rdagen den 23:e november.\u00a0Har du inte j\u00e4garexamen och \u00e4r under 18 \u00e5r \u00e4r du v\u00e4lkommen med en fadder som \u00e4r med dig under jakten.<\/div>\n<div><\/div>\n<div class=\"_flex_ffbb7\">Vi kommer enbart jaga med hagelvapen s\u00e5 inga kulgev\u00e4r eller kombinationsvapen. Vi bjuder p\u00e5 grillad korv med tillbeh\u00f6r.<\/div>\n<div><\/div>\n<div class=\"_flex_ffbb7\">Anm\u00e4lan senast 15:e november till n\u00e5gon av f\u00f6ljande:<\/div>\n<\/div>\n<div class=\"Collapsible\">\n<div class=\"_flex_ffbb7\">Ingrid Brodin: ingma.brodin@gmail.com, 076,1786511<\/div>\n<div class=\"_flex_ffbb7\">Erik Hultqvist: hultqvist.erik@gmail.com, 070-1737813<\/div>\n<div><\/div>\n<div class=\"_flex_ffbb7\">Ytterligare information om jakten mejlas ut efter anm\u00e4lan.<\/div>\n<\/div>\n<div class=\"_flex_ffbb7\"><\/div>\n<div class=\"Collapsible\">\n<div class=\"_flex_ffbb7\">V\u00e4lkomna<\/div>\n<div class=\"_flex_ffbb7\">Styrelsen J\u00e4garef\u00f6rbundet Skara<\/div>\n<div class=\"_flex_ffbb7\">\n<hr \/>\n<h2 style=\"text-align: left\"><span style=\"color: #000000\">J\u00e4garkv\u00e4ll p\u00e5 Astro Sweden och avslutning p\u00e5 kv\u00e4llen med \u00e5rsm\u00f6te f\u00f6r J\u00e4garef\u00f6rbundets medlemmar<\/span><\/h2>\n<p>M\u00f6teshandlingar f\u00f6r J\u00e4garef\u00f6rbundet Skaras \u00e5rsm\u00f6te finns h\u00e4r nedan att klicka fram och spara ned eller skriva ut.<\/p>\n<p><a href=\"https:\/\/krets.jagareforbundet.se\/skara\/files\/2024\/02\/Dagordning.pdf\">Dagordning<\/a><\/p>\n<p><a href=\"https:\/\/krets.jagareforbundet.se\/skara\/files\/2024\/02\/Verksamhetsberattelse-.pdf\">Verksamhetsber\u00e4ttelse<\/a><\/p>\n<p><a href=\"https:\/\/krets.jagareforbundet.se\/skara\/files\/2024\/02\/Verksamhetsberattelse-2.pdf\">Verksamhetsber\u00e4ttelse (2)<\/a><\/p>\n<p><a href=\"https:\/\/krets.jagareforbundet.se\/skara\/files\/2024\/02\/Valberedningens-forslag-till-jagarforbundets-arsmote-den-8-feb-2024.docx\">Valberedningens f\u00f6rslag till j\u00e4garf\u00f6rbundets \u00e5rsm\u00f6te den 8 feb 2024<\/a><\/p>\n<p><a href=\"https:\/\/krets.jagareforbundet.se\/skara\/files\/2024\/02\/Resultatrakning-2023.docx\">Resultatr\u00e4kning 2023<\/a><\/p>\n<p><a href=\"https:\/\/krets.jagareforbundet.se\/skara\/files\/2024\/02\/Balansrakning-2023.docx\">Balansr\u00e4kning 2023<\/a><\/p>\n<p><a href=\"https:\/\/krets.jagareforbundet.se\/skara\/files\/2024\/02\/Revisionsberattelse.docx\">Revisionsber\u00e4ttelse<\/a><\/p>\n<p>&nbsp;<\/p>\n<\/div>\n<\/div>\n<\/div>\n<hr \/>\n<h2><strong>Varg &#8211; fakta och f\u00f6rvaltning<\/strong><\/h2>\n<div>\n<p><a href=\"https:\/\/jagareforbundet.se\/var-verksamhet\/varg\/\">https:\/\/jagareforbundet.se\/var-verksamhet\/varg\/<\/a><\/p>\n<\/div>\n<div>\n<hr \/>\n<\/div>\n<h2>Inventering av vargspillning<\/h2>\n<div class=\"elementToProof\"><span class=\"elementToProof\">Om man \u00e4r ute i naturen och uppt\u00e4cker bajs fr\u00e5n varg kan man g\u00f6ra f\u00f6ljande:<\/span><\/div>\n<div class=\"elementToProof\">\n<ul>\n<li><span class=\"elementToProof\">samla in bajset i en plastp\u00e5se och stoppa ner den p\u00e5sen i en annan plastp\u00e5se<\/span><\/li>\n<li><span class=\"elementToProof\">knyt ihop p\u00e5sen ordentligt och l\u00e4gg den i frysen s\u00e5 fort ni kommer hem<\/span><\/li>\n<li><span class=\"elementToProof\">dokumentera p\u00e5 vilka koordinater ni samlat in bajset<\/span><\/li>\n<li><span class=\"elementToProof\">kontakta Gillis Persson l\u00e4nstyrelsens besiktningsman\/rovdjur f\u00f6r vidare hantering.<\/span><\/li>\n<li>Gillis Persson (Gullsp\u00e5ng) telefon:\u00a0<a href=\"tel:073-3789918\">073-378 99 18<\/a><\/li>\n<\/ul>\n<\/div>\n<hr \/>\n<div class=\"mceTemp\">\n<h2><strong>Paragraf 28 &#8211; rovdjursangrepp<\/strong><\/h2>\n<\/div>\n<p>Information om vad som g\u00e4ller vid rovdjurs angrepp eller vad man ska g\u00f6ra vid rovdjurs observation finns att l\u00e4sa nedan. Informationen \u00e4r framtagen av J\u00e4garef\u00f6rbundet, L\u00e4nsstyrelsen och LRF.<\/p>\n<p><a href=\"https:\/\/krets.jagareforbundet.se\/skara\/valkommen-till-skara-kretsen\/hur-man-skyddar-sina-tamdjur-i-enlighet-med-%c2%a728-2022\/\" rel=\"attachment wp-att-1453\">Hur man skyddar sina tamdjur i enlighet med \u00a728, 2022<\/a><\/p>\n<hr \/>\n<hr \/>\n<h2><strong>J\u00e4garef\u00f6rbund<\/strong><strong>et Skara finns p\u00e5 Facebook<\/strong><\/h2>\n<p><a href=\"https:\/\/www.facebook.com\/groups\/1820175411581011\">L\u00e4nk: J\u00c4GAREF\u00d6RBUNDET SKARA | Facebook<\/a><\/p>\n<hr \/>\n<h2><strong>Skadat vilt?<\/strong><\/h2>\n<p>Hittar du ett skadat vilt ring polisen p\u00e5 114 14<\/p>\n<hr \/>\n<h2>Vilt p\u00e5 tomten?<\/h2>\n<p>Har du problem med vilt p\u00e5 din tomt? L\u00e4nk till Kommunens hemsida:<\/p>\n<p><a href=\"https:\/\/www.skara.se\/bygga-bo--miljo\/miljo-och-halsa\/djur-\/viltvard-och-skyddsjakt.html\">https:\/\/www.skara.se\/bygga-bo&#8211;miljo\/miljo-och-halsa\/djur-\/viltvard-och-skyddsjakt.html<\/a><\/p>\n<hr \/>\n<p>Det b\u00f6rjar n\u00e4rma sig jakt\u00e5rets slut. Summering av \u00e5rets avskjutning stundar samt att se till att rapportera in den. \u00c4r ni os\u00e4kra p\u00e5 hur ni g\u00f6r ? Kontakta vilt\u00f6vervakningsansvarig, se i menyn.<\/p>\n<hr \/>\n<p><strong>Bli medlem i Skara Jaktv\u00e5rdskrets f\u00e5 en keps. \u00c4r du ny medlem i Skara JVK eller vill byta kretsmedlemskap , kontakta d\u00e5 styrelsen s\u00e5 f\u00f6r\u00e4ras du med en keps.<\/strong><\/p>\n<hr \/>\n<h2>Ditt medlemskap direkt i mobilen!<\/h2>\n<p>Kontakta Medlemsservice,\u00a0<a href=\"mailto:medlem@jagareforbundet.se\">medlem@jagareforbundet.se<\/a>\u00a0eller 020-22 00 10,<\/p>\n<p><span style=\"color: #008000\"><span style=\"color: #000000\">Det \u00e4r ibland sv\u00e5rt att n\u00e5 ut med information till alla medlemmar. Har du inte din mailadress registrerad. Kontakta \u00e4ven i det fallet d\u00e5 Medlemsservice, <a href=\"mailto:medlem@jagareforbundet.se\">medlem@jagareforbundet.se<\/a>\u00a0eller 020-22 00 10,<\/span><\/span><\/p>\n<hr \/>\n<h2>Efters\u00f6k vid all jakt &#8211; f\u00f6r djurets skull, inte f\u00f6r din!<\/h2>\n<p>Har du ej tillg\u00e5ng till f\u00f6r viltslaget tr\u00e4nad efters\u00f6kshund kan du kontakta Efters\u00f6ksassistans.<\/p>\n<p>Lista till kontakter p\u00e5 vildsvinsefters\u00f6k finns \u00e4ven i Skara i menyn.<\/p>\n<p><a href=\"https:\/\/jagareforbundet.se\/jakt\/eftersok\/eftersoksassistans\/kontakta-oss\/\">https:\/\/jagareforbundet.se\/jakt\/eftersok\/eftersoksassistans\/kontakta-oss\/<\/a><\/p>\n<hr \/>\n<h2 style=\"text-align: left\">Rapportera funna d\u00f6da vildsvin<\/h2>\n<p>(SVA unders\u00f6ker afrikansk svinpest )<\/p>\n<p><a href=\"https:\/\/jagareforbundet.se\/vilt\/viltnyheter\/2020\/06\/rapportera-doda-vildsvin\/\">https:\/\/jagareforbundet.se\/vilt\/viltnyheter\/2020\/06\/rapportera-doda-vildsvin<\/a><\/p>\n<hr \/>\n<h2>Vildsvinsbarometern<\/h2>\n<p>Vildsvinsbarometern(se l\u00e4nklista nedan p\u00e5 sidan) intressant l\u00e4sning att f\u00f6lja l\u00f6pande aktuell utveckling och information om vildsvinen. Hur ser det ut i ditt omr\u00e5de?<\/p>\n<p style=\"text-align: left\">Styrelsen<\/p>\n","protected":false},"excerpt":{"rendered":"<p>V\u00e4lkommen till Skara Jaktv\u00e5rdskrets hemsida! H\u00e4r kan se du vad som h\u00e4nder hos oss, och vem du kan kontakta om du har fr\u00e5gor g\u00e4llande v\u00e5r verksamhet i Skara. L\u00e4s mer i menyn om v\u00e5ra olika omr\u00e5den. Skit Jakt! &nbsp; Fredagen den 10 april och l\u00f6rdagen den 11 april medverkar Svenska J\u00e4garef\u00f6rbundet p\u00e5 Astro Swedens \u00e4ventyrsm\u00e4ssa. [&hellip;]<\/p>\n","protected":false},"author":62,"featured_media":0,"parent":0,"menu_order":1,"comment_status":"closed","ping_status":"closed","template":"","meta":{"footnotes":""},"class_list":["post-544","page","type-page","status-publish","hentry"],"_links":{"self":[{"href":"https:\/\/krets.jagareforbundet.se\/skara\/wp-json\/wp\/v2\/pages\/544","targetHints":{"allow":["GET"]}}],"collection":[{"href":"https:\/\/krets.jagareforbundet.se\/skara\/wp-json\/wp\/v2\/pages"}],"about":[{"href":"https:\/\/krets.jagareforbundet.se\/skara\/wp-json\/wp\/v2\/types\/page"}],"author":[{"embeddable":true,"href":"https:\/\/krets.jagareforbundet.se\/skara\/wp-json\/wp\/v2\/users\/62"}],"replies":[{"embeddable":true,"href":"https:\/\/krets.jagareforbundet.se\/skara\/wp-json\/wp\/v2\/comments?post=544"}],"version-history":[{"count":4,"href":"https:\/\/krets.jagareforbundet.se\/skara\/wp-json\/wp\/v2\/pages\/544\/revisions"}],"predecessor-version":[{"id":2190,"href":"https:\/\/krets.jagareforbundet.se\/skara\/wp-json\/wp\/v2\/pages\/544\/revisions\/2190"}],"wp:attachment":[{"href":"https:\/\/krets.jagareforbundet.se\/skara\/wp-json\/wp\/v2\/media?parent=544"}],"curies":[{"name":"wp","href":"https:\/\/api.w.org\/{rel}","templated":true}]}}