{"id":573,"date":"2017-03-28T11:49:17","date_gmt":"2017-03-28T09:49:17","guid":{"rendered":"https:\/\/krets.jagareforbundet.se\/skara\/?page_id=573"},"modified":"2023-03-22T17:54:09","modified_gmt":"2023-03-22T16:54:09","slug":"rovdjur","status":"publish","type":"page","link":"https:\/\/krets.jagareforbundet.se\/skara\/rovdjur\/","title":{"rendered":"Rovdjur"},"content":{"rendered":"<p><strong>Anm\u00e4l om Du ser Lo, Varg, eller Bj\u00f6rn.<\/strong><\/p>\n<p>Om Naturv\u00e5rdsverket inte f\u00e5r in rapporter om att det finns rovdjur inom kommunen s\u00e5 \u00e4r det liktydigt med att det inte finns, s\u00e5 d\u00e4rf\u00f6r \u00e4r det viktigt att anm\u00e4la!<\/p>\n<p>Nu kan du som privatperson l\u00e4gga in dina observationer av rovdjur och dess sp\u00e5r.<\/p>\n<p>G\u00e5 till\u00a0<a href=\"https:\/\/skandobs.se\">https:\/\/skandobs.se <\/a>l\u00e4gg in dina uppgifter om observationer mm<\/p>\n<p>Sidan \u00e4r ett initiativ ifr\u00e5n L\u00e4nsstyrelsen f\u00f6r privatpersoner att l\u00e4gga in info direkt.<\/p>\n<p>Rovdjursansvarig: Ingrid Brodin<\/p>\n<p><em>Kontaktuppgifter finns under Styrelsen<\/em><\/p>\n<p><strong>Rovdjurssp\u00e5rare<\/strong><\/p>\n<p>Alla kretsar d v s kommuner, har n\u00e5gra s\u00e4rskilt utbildade j\u00e4gare som kan fastst\u00e4lla vad du har sett, dessa tre \u00e4r kopplade till Skara..<\/p>\n<ul>\n<li>Alfred Akersten (Mariestad) 070-9100629.<\/li>\n<li>\u00a0Gillis Persson (Gullsp\u00e5ng) 0733-789918.<\/li>\n<li>\u00a0Lisette Fritzon (Falk\u00f6ping) 0739-330784.<\/li>\n<\/ul>\n<p>&nbsp;<\/p>\n<p>&nbsp;<\/p>\n<p>H\u00e4r finns en l\u00e4nk till en karta \u00a0\u00f6ver hela l\u00e4net.<\/p>\n<p><a href=\"https:\/\/krets.jagareforbundet.se\/skara\/files\/2017\/03\/karta-sparare.pdf\">karta-sparare<\/a><\/p>\n","protected":false},"excerpt":{"rendered":"<p>Anm\u00e4l om Du ser Lo, Varg, eller Bj\u00f6rn. Om Naturv\u00e5rdsverket inte f\u00e5r in rapporter om att det finns rovdjur inom kommunen s\u00e5 \u00e4r det liktydigt med att det inte finns, s\u00e5 d\u00e4rf\u00f6r \u00e4r det viktigt att anm\u00e4la! Nu kan du som privatperson l\u00e4gga in dina observationer av rovdjur och dess sp\u00e5r. G\u00e5 till\u00a0https:\/\/skandobs.se l\u00e4gg in [&hellip;]<\/p>\n","protected":false},"author":62,"featured_media":0,"parent":0,"menu_order":8,"comment_status":"closed","ping_status":"closed","template":"","meta":{"footnotes":""},"class_list":["post-573","page","type-page","status-publish","hentry"],"_links":{"self":[{"href":"https:\/\/krets.jagareforbundet.se\/skara\/wp-json\/wp\/v2\/pages\/573","targetHints":{"allow":["GET"]}}],"collection":[{"href":"https:\/\/krets.jagareforbundet.se\/skara\/wp-json\/wp\/v2\/pages"}],"about":[{"href":"https:\/\/krets.jagareforbundet.se\/skara\/wp-json\/wp\/v2\/types\/page"}],"author":[{"embeddable":true,"href":"https:\/\/krets.jagareforbundet.se\/skara\/wp-json\/wp\/v2\/users\/62"}],"replies":[{"embeddable":true,"href":"https:\/\/krets.jagareforbundet.se\/skara\/wp-json\/wp\/v2\/comments?post=573"}],"version-history":[{"count":3,"href":"https:\/\/krets.jagareforbundet.se\/skara\/wp-json\/wp\/v2\/pages\/573\/revisions"}],"predecessor-version":[{"id":1702,"href":"https:\/\/krets.jagareforbundet.se\/skara\/wp-json\/wp\/v2\/pages\/573\/revisions\/1702"}],"wp:attachment":[{"href":"https:\/\/krets.jagareforbundet.se\/skara\/wp-json\/wp\/v2\/media?parent=573"}],"curies":[{"name":"wp","href":"https:\/\/api.w.org\/{rel}","templated":true}]}}