{"id":575,"date":"2017-03-28T12:09:13","date_gmt":"2017-03-28T10:09:13","guid":{"rendered":"https:\/\/krets.jagareforbundet.se\/skara\/?page_id=575"},"modified":"2023-03-22T17:52:52","modified_gmt":"2023-03-22T16:52:52","slug":"jaqt-jakt-for-kvinnor","status":"publish","type":"page","link":"https:\/\/krets.jagareforbundet.se\/skara\/jaqt-jakt-for-kvinnor\/","title":{"rendered":"JAQT-Jakt f\u00f6r kvinnor"},"content":{"rendered":"<h5><\/h5>\n<h5>JAQT \u00e4r ett gratis n\u00e4tverk f\u00f6r alla kvinnliga medlemmar inom Svenska J\u00e4garef\u00f6rbundet. JAQT st\u00e5r f\u00f6r Jagande Aktiva Qvinnor i Tiden.<\/h5>\n<div>\n<h4>N\u00e4tverket bygger p\u00e5 JAQT-verksamhet i l\u00e4nsf\u00f6rening eller jaktv\u00e5rdskrets. Tillsammans formar alla l\u00e4n det nationella n\u00e4tverket. N\u00e4stan alla l\u00e4nsf\u00f6reningar har aktiva JAQT-n\u00e4tverk. F\u00f6r att komma i kontakt med JAQT i ditt l\u00e4n klicka p\u00e5 l\u00e4nken nedan.<\/h4>\n<h3>N\u00e4tverkets syfte:<\/h3>\n<ul>\n<li>\u00d6ka antalet kvinnliga medlemmar i Svenska J\u00e4garef\u00f6rbundet.<\/li>\n<li>G\u00f6ra det m\u00f6jligt f\u00f6r kvinnor att knyta nya jaktliga kontakter och st\u00e4rka det jaktliga sj\u00e4lvf\u00f6rtroendet.<\/li>\n<li>L\u00e4ra sig mer om jakt, skytte, djur, natur och friluftsliv i form av m\u00f6ten, kurser, seminarier och jakt.<\/li>\n<li>Vara ett st\u00f6d f\u00f6r varandra, aktiva som \u00e4nnu inte aktiva j\u00e4gare.<\/li>\n<\/ul>\n<p>L\u00e4nk till L\u00e4nsf\u00f6reningen Skaraborgs hemsida:<\/p>\n<p><a href=\"https:\/\/jagareforbundet.se\/syd\/vastra-gotalands-lan\/jagareforbundet-skaraborg\/arbetsgrupper\/jaqt-kvinnligt-natverk\/\">https:\/\/jagareforbundet.se\/syd\/vastra-gotalands-lan\/jagareforbundet-skaraborg\/arbetsgrupper\/jaqt-kvinnligt-natverk\/<\/a><\/p>\n<p>&nbsp;<\/p>\n<p>JAQT ansvariga \u00e4r\u00a0 Rose Marie Andersson och Annika Skoglund Jacobsson.<\/p>\n<p>&nbsp;<\/p>\n<p><img decoding=\"async\" class=\"aligncenter\" src=\"https:\/\/encrypted-tbn0.gstatic.com\/images?q=tbn:ANd9GcSFnPMzC12qjSPABhAg-C9XDkpFADMQRtSItd9hoFcWLpfUrylt\" alt=\"Bildresultat f\u00f6r jaqt\" \/><\/p>\n<p>&nbsp;<\/p>\n<\/div>\n","protected":false},"excerpt":{"rendered":"<p>JAQT \u00e4r ett gratis n\u00e4tverk f\u00f6r alla kvinnliga medlemmar inom Svenska J\u00e4garef\u00f6rbundet. JAQT st\u00e5r f\u00f6r Jagande Aktiva Qvinnor i Tiden. N\u00e4tverket bygger p\u00e5 JAQT-verksamhet i l\u00e4nsf\u00f6rening eller jaktv\u00e5rdskrets. Tillsammans formar alla l\u00e4n det nationella n\u00e4tverket. N\u00e4stan alla l\u00e4nsf\u00f6reningar har aktiva JAQT-n\u00e4tverk. F\u00f6r att komma i kontakt med JAQT i ditt l\u00e4n klicka p\u00e5 l\u00e4nken nedan. [&hellip;]<\/p>\n","protected":false},"author":62,"featured_media":0,"parent":0,"menu_order":7,"comment_status":"closed","ping_status":"closed","template":"","meta":{"footnotes":""},"class_list":["post-575","page","type-page","status-publish","hentry"],"_links":{"self":[{"href":"https:\/\/krets.jagareforbundet.se\/skara\/wp-json\/wp\/v2\/pages\/575","targetHints":{"allow":["GET"]}}],"collection":[{"href":"https:\/\/krets.jagareforbundet.se\/skara\/wp-json\/wp\/v2\/pages"}],"about":[{"href":"https:\/\/krets.jagareforbundet.se\/skara\/wp-json\/wp\/v2\/types\/page"}],"author":[{"embeddable":true,"href":"https:\/\/krets.jagareforbundet.se\/skara\/wp-json\/wp\/v2\/users\/62"}],"replies":[{"embeddable":true,"href":"https:\/\/krets.jagareforbundet.se\/skara\/wp-json\/wp\/v2\/comments?post=575"}],"version-history":[{"count":2,"href":"https:\/\/krets.jagareforbundet.se\/skara\/wp-json\/wp\/v2\/pages\/575\/revisions"}],"predecessor-version":[{"id":1701,"href":"https:\/\/krets.jagareforbundet.se\/skara\/wp-json\/wp\/v2\/pages\/575\/revisions\/1701"}],"wp:attachment":[{"href":"https:\/\/krets.jagareforbundet.se\/skara\/wp-json\/wp\/v2\/media?parent=575"}],"curies":[{"name":"wp","href":"https:\/\/api.w.org\/{rel}","templated":true}]}}