{"id":579,"date":"2017-03-28T12:46:35","date_gmt":"2017-03-28T10:46:35","guid":{"rendered":"https:\/\/krets.jagareforbundet.se\/skara\/?page_id=579"},"modified":"2022-02-13T16:16:26","modified_gmt":"2022-02-13T15:16:26","slug":"viltrapportering","status":"publish","type":"page","link":"https:\/\/krets.jagareforbundet.se\/skara\/viltrapportering\/","title":{"rendered":"Viltrapportering"},"content":{"rendered":"<h2>J\u00e4gare rapporterar och f\u00e5r tillbaka sammanst\u00e4llningar<\/h2>\n<p><a href=\"https:\/\/krets.jagareforbundet.se\/skara\/viltrapportering\/screenshot_20180817-003704\/\" rel=\"attachment wp-att-818\"><img loading=\"lazy\" decoding=\"async\" class=\"alignnone size-medium wp-image-818\" src=\"https:\/\/krets.jagareforbundet.se\/skara\/files\/2018\/08\/screenshot_20180817-003704-169x300.png\" alt=\"\" width=\"169\" height=\"300\" \/><\/a><\/p>\n<p>P\u00e5 viltdata kan du och ditt jaktlag rapportera avskjutning och biologiska data som slaktvikter. Du kan \u00e4ven rapportera viltobs, till exempel \u00e4lgobs eller kl\u00f6vviltobs. Vilka obsmetoder som finns tillg\u00e4ngliga beror p\u00e5 var i landet\u00a0du jagar. N\u00e4r rapporteringen gjorts uppdateras statistiken omedelbart till underlag f\u00f6r f\u00f6rvaltning och \u00f6vervakning av det jaktbara viltet d\u00e4r du bedriver jakt. Du m\u00e5ste vara inloggad f\u00f6r att rapportera.<\/p>\n<p>Kontakta oss g\u00e4rna om inloggning eller om ni beh\u00f6ver hj\u00e4lp med avskjutningsrapportering av \u00f6vrigt vilt.<\/p>\n<p>L\u00e4nk till viltdata:<\/p>\n<p><a href=\"http:\/\/www.viltdata.se\/\">http:\/\/www.viltdata.se\/<\/a><\/p>\n<p>Ansvarig Viltrapporterare \u00e4r Robert \u00c5lrud<\/p>\n","protected":false},"excerpt":{"rendered":"<p>J\u00e4gare rapporterar och f\u00e5r tillbaka sammanst\u00e4llningar P\u00e5 viltdata kan du och ditt jaktlag rapportera avskjutning och biologiska data som slaktvikter. Du kan \u00e4ven rapportera viltobs, till exempel \u00e4lgobs eller kl\u00f6vviltobs. Vilka obsmetoder som finns tillg\u00e4ngliga beror p\u00e5 var i landet\u00a0du jagar. N\u00e4r rapporteringen gjorts uppdateras statistiken omedelbart till underlag f\u00f6r f\u00f6rvaltning och \u00f6vervakning av det [&hellip;]<\/p>\n","protected":false},"author":62,"featured_media":0,"parent":0,"menu_order":7,"comment_status":"closed","ping_status":"closed","template":"","meta":{"footnotes":""},"class_list":["post-579","page","type-page","status-publish","hentry"],"_links":{"self":[{"href":"https:\/\/krets.jagareforbundet.se\/skara\/wp-json\/wp\/v2\/pages\/579","targetHints":{"allow":["GET"]}}],"collection":[{"href":"https:\/\/krets.jagareforbundet.se\/skara\/wp-json\/wp\/v2\/pages"}],"about":[{"href":"https:\/\/krets.jagareforbundet.se\/skara\/wp-json\/wp\/v2\/types\/page"}],"author":[{"embeddable":true,"href":"https:\/\/krets.jagareforbundet.se\/skara\/wp-json\/wp\/v2\/users\/62"}],"replies":[{"embeddable":true,"href":"https:\/\/krets.jagareforbundet.se\/skara\/wp-json\/wp\/v2\/comments?post=579"}],"version-history":[{"count":2,"href":"https:\/\/krets.jagareforbundet.se\/skara\/wp-json\/wp\/v2\/pages\/579\/revisions"}],"predecessor-version":[{"id":1468,"href":"https:\/\/krets.jagareforbundet.se\/skara\/wp-json\/wp\/v2\/pages\/579\/revisions\/1468"}],"wp:attachment":[{"href":"https:\/\/krets.jagareforbundet.se\/skara\/wp-json\/wp\/v2\/media?parent=579"}],"curies":[{"name":"wp","href":"https:\/\/api.w.org\/{rel}","templated":true}]}}